{"id":13853,"date":"2024-06-03T10:45:07","date_gmt":"2024-06-03T14:45:07","guid":{"rendered":"https:\/\/loigica.com\/es\/?page_id=13853"},"modified":"2024-09-05T10:31:02","modified_gmt":"2024-09-05T14:31:02","slug":"criptonorber","status":"publish","type":"page","link":"https:\/\/loigica.com\/es\/criptonorber\/","title":{"rendered":"Bienvenido a Loigica | Gracias por contactarnos a trav\u00e9s de CriptoNorber"},"content":{"rendered":"\t\t<div data-elementor-type=\"wp-page\" data-elementor-id=\"13853\" class=\"elementor elementor-13853\" data-elementor-post-type=\"page\">\n\t\t\t\t\t\t<section class=\"elementor-section elementor-top-section elementor-element elementor-element-80f5a8c elementor-section-boxed elementor-section-height-default elementor-section-height-default\" data-id=\"80f5a8c\" data-element_type=\"section\" data-e-type=\"section\" data-settings=\"{&quot;background_background&quot;:&quot;classic&quot;}\">\n\t\t\t\t\t\t<div class=\"elementor-container elementor-column-gap-default\">\n\t\t\t\t\t<div class=\"elementor-column elementor-col-100 elementor-top-column elementor-element elementor-element-65c2014\" data-id=\"65c2014\" data-element_type=\"column\" data-e-type=\"column\">\n\t\t\t<div class=\"elementor-widget-wrap elementor-element-populated\">\n\t\t\t\t\t\t<div class=\"elementor-element elementor-element-1554b7e elementor-widget elementor-widget-image\" data-id=\"1554b7e\" data-element_type=\"widget\" data-e-type=\"widget\" data-widget_type=\"image.default\">\n\t\t\t\t<div class=\"elementor-widget-container\">\n\t\t\t\t\t\t\t\t\t\t\t\t\t\t\t<img fetchpriority=\"high\" decoding=\"async\" width=\"512\" height=\"512\" src=\"https:\/\/loigica.com\/es\/wp-content\/uploads\/favicon.svg\" class=\"attachment-large size-large wp-image-102\" alt=\"\" \/>\t\t\t\t\t\t\t\t\t\t\t\t\t\t\t<\/div>\n\t\t\t\t<\/div>\n\t\t\t\t<div class=\"elementor-element elementor-element-bcfcc99 elementor-widget elementor-widget-heading\" data-id=\"bcfcc99\" data-element_type=\"widget\" data-e-type=\"widget\" data-widget_type=\"heading.default\">\n\t\t\t\t<div class=\"elementor-widget-container\">\n\t\t\t\t\t<h1 class=\"elementor-heading-title elementor-size-default\">CRIPTONORBER &amp; LOIGICA<\/h1>\t\t\t\t<\/div>\n\t\t\t\t<\/div>\n\t\t\t\t<div class=\"elementor-element elementor-element-d88df8e elementor-widget-divider--view-line elementor-widget elementor-widget-divider\" data-id=\"d88df8e\" data-element_type=\"widget\" data-e-type=\"widget\" data-widget_type=\"divider.default\">\n\t\t\t\t<div class=\"elementor-widget-container\">\n\t\t\t\t\t\t\t<div class=\"elementor-divider\">\n\t\t\t<span class=\"elementor-divider-separator\">\n\t\t\t\t\t\t<\/span>\n\t\t<\/div>\n\t\t\t\t\t\t<\/div>\n\t\t\t\t<\/div>\n\t\t\t\t\t<\/div>\n\t\t<\/div>\n\t\t\t\t\t<\/div>\n\t\t<\/section>\n\t\t\t\t<section class=\"elementor-section elementor-top-section elementor-element elementor-element-0a50eda elementor-section-boxed elementor-section-height-default elementor-section-height-default\" data-id=\"0a50eda\" data-element_type=\"section\" data-e-type=\"section\">\n\t\t\t\t\t\t<div class=\"elementor-container elementor-column-gap-no\">\n\t\t\t\t\t<div class=\"elementor-column elementor-col-100 elementor-top-column elementor-element elementor-element-2185366\" data-id=\"2185366\" data-element_type=\"column\" data-e-type=\"column\">\n\t\t\t<div class=\"elementor-widget-wrap elementor-element-populated\">\n\t\t\t\t\t\t<div class=\"elementor-element elementor-element-69772b8 elementor-widget elementor-widget-video\" data-id=\"69772b8\" data-element_type=\"widget\" data-e-type=\"widget\" data-settings=\"{&quot;video_type&quot;:&quot;hosted&quot;,&quot;controls&quot;:&quot;yes&quot;}\" data-widget_type=\"video.default\">\n\t\t\t\t<div class=\"elementor-widget-container\">\n\t\t\t\t\t\t\t<div class=\"e-hosted-video elementor-wrapper elementor-open-inline\">\n\t\t\t\t\t<video class=\"elementor-video\" src=\"https:\/\/loigica.com\/es\/wp-content\/uploads\/HarryNorbert.mp4\" controls=\"\" preload=\"metadata\" controlsList=\"nodownload\" poster=\"https:\/\/loigica.com\/es\/wp-content\/uploads\/HarryCriptoNorber.jpg\"><\/video>\n\t\t\t\t<\/div>\n\t\t\t\t\t\t<\/div>\n\t\t\t\t<\/div>\n\t\t\t\t<div class=\"elementor-element elementor-element-36bfa4f elementor-widget elementor-widget-text-editor\" data-id=\"36bfa4f\" data-element_type=\"widget\" data-e-type=\"widget\" data-widget_type=\"text-editor.default\">\n\t\t\t\t<div class=\"elementor-widget-container\">\n\t\t\t\t\t\t\t\t\t<div><div><div><div><div><div><div>Desde Loigica, te damos la bienvenida.\u00a0<span style=\"color: var( --e-global-color-primary ); letter-spacing: 0px;\">Estamos aqu\u00ed para facilitar tu camino hacia los Estados Unidos. No dejes pasar esta oportunidad. <b>Tu futuro comienza hoy.<\/b><\/span><\/div><\/div><\/div><\/div><\/div><\/div><\/div>\t\t\t\t\t\t\t\t<\/div>\n\t\t\t\t<\/div>\n\t\t\t\t\t<\/div>\n\t\t<\/div>\n\t\t\t\t\t<\/div>\n\t\t<\/section>\n\t\t\t\t<section class=\"elementor-section elementor-top-section elementor-element elementor-element-d6ff63a elementor-section-content-top elementor-section-boxed elementor-section-height-default elementor-section-height-default\" data-id=\"d6ff63a\" data-element_type=\"section\" data-e-type=\"section\" id=\"form\" data-settings=\"{&quot;background_background&quot;:&quot;classic&quot;,&quot;background_motion_fx_motion_fx_scrolling&quot;:&quot;yes&quot;,&quot;background_motion_fx_translateY_effect&quot;:&quot;yes&quot;,&quot;background_motion_fx_translateY_speed&quot;:{&quot;unit&quot;:&quot;px&quot;,&quot;size&quot;:0.7,&quot;sizes&quot;:[]},&quot;background_motion_fx_translateY_affectedRange&quot;:{&quot;unit&quot;:&quot;%&quot;,&quot;size&quot;:&quot;&quot;,&quot;sizes&quot;:{&quot;start&quot;:0,&quot;end&quot;:82}},&quot;background_motion_fx_devices&quot;:[&quot;desktop&quot;]}\">\n\t\t\t\t\t\t\t<div class=\"elementor-background-overlay\"><\/div>\n\t\t\t\t\t\t\t<div class=\"elementor-container elementor-column-gap-default\">\n\t\t\t\t\t<div class=\"elementor-column elementor-col-100 elementor-top-column elementor-element elementor-element-ef1d3fa\" data-id=\"ef1d3fa\" data-element_type=\"column\" data-e-type=\"column\" data-settings=\"{&quot;background_background&quot;:&quot;classic&quot;}\">\n\t\t\t<div class=\"elementor-widget-wrap elementor-element-populated\">\n\t\t\t\t\t\t<div class=\"elementor-element elementor-element-31e6a12 elementor-widget elementor-widget-text-editor\" data-id=\"31e6a12\" data-element_type=\"widget\" data-e-type=\"widget\" data-widget_type=\"text-editor.default\">\n\t\t\t\t<div class=\"elementor-widget-container\">\n\t\t\t\t\t\t\t\t\t<p><strong>Completa esta informaci\u00f3n <\/strong><strong>lo\u00a0m\u00e1s detallada posible<\/strong><\/p>\t\t\t\t\t\t\t\t<\/div>\n\t\t\t\t<\/div>\n\t\t\t\t<div class=\"elementor-element elementor-element-8f6e64d elementor-widget__width-initial elementor-widget elementor-widget-hubspot-form\" data-id=\"8f6e64d\" data-element_type=\"widget\" data-e-type=\"widget\" data-widget_type=\"hubspot-form.default\">\n\t\t\t\t<div class=\"elementor-widget-container\">\n\t\t\t\t\t\n\t\t\t\t\t\t<script>\n\t\t\t\t\t\t\twindow.hsFormsOnReady = window.hsFormsOnReady || [];\n\t\t\t\t\t\t\twindow.hsFormsOnReady.push(()=>{\n\t\t\t\t\t\t\t\thbspt.forms.create({\n\t\t\t\t\t\t\t\t\tportalId: 1653096,\n\t\t\t\t\t\t\t\t\tformId: \"0b1f8b95-69b0-4626-9d8b-979850068579\",\n\t\t\t\t\t\t\t\t\ttarget: \"#hbspt-form-1777999910000-8225936166\",\n\t\t\t\t\t\t\t\t\tregion: \"na1\",\n\t\t\t\t\t\t\t\t\t\n\t\t\t\t\t\t\t})});\n\t\t\t\t\t\t<\/script>\n\t\t\t\t\t\t<div class=\"hbspt-form\" id=\"hbspt-form-1777999910000-8225936166\"><\/div>\t\t\t\t<\/div>\n\t\t\t\t<\/div>\n\t\t\t\t\t<\/div>\n\t\t<\/div>\n\t\t\t\t\t<\/div>\n\t\t<\/section>\n\t\t\t\t<section class=\"elementor-section elementor-top-section elementor-element elementor-element-ab427f7 elementor-section-boxed elementor-section-height-default elementor-section-height-default\" data-id=\"ab427f7\" data-element_type=\"section\" data-e-type=\"section\">\n\t\t\t\t\t\t<div class=\"elementor-container elementor-column-gap-default\">\n\t\t\t\t\t<div class=\"elementor-column elementor-col-100 elementor-top-column elementor-element elementor-element-1eb212f\" data-id=\"1eb212f\" data-element_type=\"column\" data-e-type=\"column\" data-settings=\"{&quot;background_background&quot;:&quot;classic&quot;}\">\n\t\t\t<div class=\"elementor-widget-wrap\">\n\t\t\t\t\t\t\t<\/div>\n\t\t<\/div>\n\t\t\t\t\t<\/div>\n\t\t<\/section>\n\t\t\t\t<section class=\"elementor-section elementor-top-section elementor-element elementor-element-ae6621f elementor-hidden-mobile elementor-section-boxed elementor-section-height-default elementor-section-height-default\" data-id=\"ae6621f\" data-element_type=\"section\" data-e-type=\"section\" data-settings=\"{&quot;background_background&quot;:&quot;classic&quot;}\">\n\t\t\t\t\t\t<div class=\"elementor-container elementor-column-gap-default\">\n\t\t\t\t\t<div class=\"elementor-column elementor-col-100 elementor-top-column elementor-element elementor-element-0d857ee\" data-id=\"0d857ee\" data-element_type=\"column\" data-e-type=\"column\">\n\t\t\t<div class=\"elementor-widget-wrap elementor-element-populated\">\n\t\t\t\t\t\t<div class=\"elementor-element elementor-element-2eaac71 elementor-view-default elementor-widget elementor-widget-icon\" data-id=\"2eaac71\" data-element_type=\"widget\" data-e-type=\"widget\" data-widget_type=\"icon.default\">\n\t\t\t\t<div class=\"elementor-widget-container\">\n\t\t\t\t\t\t\t<div class=\"elementor-icon-wrapper\">\n\t\t\t<div class=\"elementor-icon\">\n\t\t\t<svg xmlns=\"http:\/\/www.w3.org\/2000\/svg\" xmlns:xlink=\"http:\/\/www.w3.org\/1999\/xlink\" x=\"0px\" y=\"0px\" viewBox=\"0 0 72 72\" style=\"enable-background:new 0 0 72 72;\" xml:space=\"preserve\"><g id=\"Capa_12\">\t<g>\t\t<g>\t\t\t<g>\t\t\t\t<g>\t\t\t\t\t<g>\t\t\t\t\t\t<path d=\"M40.3,34.5c0.7-0.1,1.4-0.2,2.1-0.2c5.7,0.3,7.1,5.4,6.2,8.2c-1.7,4.9-4.1,5.5-6.5,11c-1.8,4.1-3,8.9-0.5,15.6h14.7       c-10.2-11.5-0.1-29.2,15.4-25.8c-1.3-9.6-10.2-13.2-16.5-11.6c-1-2.6-5.4-8.9-14-7.7C18.8,27.3,14.5,10,16,2.9       C2,16.8,12.9,39.3,40.3,34.5z\"><\/path>\t\t\t\t\t<\/g>\t\t\t\t<\/g>\t\t\t<\/g>\t\t\t<path d=\"M31.4,42.3C7.5,46.5,2.2,28.5,2.6,23.1C-4,35.2,4,55.4,21.8,51.2c2.5-0.8,3.5,1.9,1.7,3c-7.6,4.4-9.3,9.9-9.7,14.9    c0,0,14.4,0,14.4,0c-1-11.7,5.5-16.4,7.8-18.6C39.9,46.4,36.4,41.4,31.4,42.3z\"><\/path>\t\t<\/g>\t<\/g><\/g><g id=\"Capa_11\"><\/g><g id=\"Capa_10\"><\/g><g id=\"Capa_5\"><\/g><g id=\"Capa_8\"><\/g><g id=\"Capa_7\"><\/g><g id=\"Capa_6\"><\/g><g id=\"Capa_4\"><\/g><g id=\"Capa_3\"><\/g><g id=\"Capa_2\"><\/g><\/svg>\t\t\t<\/div>\n\t\t<\/div>\n\t\t\t\t\t\t<\/div>\n\t\t\t\t<\/div>\n\t\t\t\t<div class=\"elementor-element elementor-element-4f64e0d elementor-widget elementor-widget-text-editor\" data-id=\"4f64e0d\" data-element_type=\"widget\" data-e-type=\"widget\" data-widget_type=\"text-editor.default\">\n\t\t\t\t<div class=\"elementor-widget-container\">\n\t\t\t\t\t\t\t\t\t<p>\u00a9 2024 LOIGICA. Todos los derechos reservados.<\/p><p>\u00a0<\/p>\t\t\t\t\t\t\t\t<\/div>\n\t\t\t\t<\/div>\n\t\t\t\t\t<\/div>\n\t\t<\/div>\n\t\t\t\t\t<\/div>\n\t\t<\/section>\n\t\t\t\t<section class=\"elementor-section elementor-top-section elementor-element elementor-element-d496563 elementor-hidden-desktop elementor-hidden-tablet elementor-section-boxed elementor-section-height-default elementor-section-height-default\" data-id=\"d496563\" data-element_type=\"section\" data-e-type=\"section\" data-settings=\"{&quot;background_background&quot;:&quot;classic&quot;}\">\n\t\t\t\t\t\t<div class=\"elementor-container elementor-column-gap-default\">\n\t\t\t\t\t<div class=\"elementor-column elementor-col-100 elementor-top-column elementor-element elementor-element-311ad2f\" data-id=\"311ad2f\" data-element_type=\"column\" data-e-type=\"column\">\n\t\t\t<div class=\"elementor-widget-wrap elementor-element-populated\">\n\t\t\t\t\t\t<div class=\"elementor-element elementor-element-50d72f6 elementor-view-default elementor-widget elementor-widget-icon\" data-id=\"50d72f6\" data-element_type=\"widget\" data-e-type=\"widget\" data-widget_type=\"icon.default\">\n\t\t\t\t<div class=\"elementor-widget-container\">\n\t\t\t\t\t\t\t<div class=\"elementor-icon-wrapper\">\n\t\t\t<div class=\"elementor-icon\">\n\t\t\t<svg xmlns=\"http:\/\/www.w3.org\/2000\/svg\" xmlns:xlink=\"http:\/\/www.w3.org\/1999\/xlink\" x=\"0px\" y=\"0px\" viewBox=\"0 0 72 72\" style=\"enable-background:new 0 0 72 72;\" xml:space=\"preserve\"><g id=\"Capa_12\">\t<g>\t\t<g>\t\t\t<g>\t\t\t\t<g>\t\t\t\t\t<g>\t\t\t\t\t\t<path d=\"M40.3,34.5c0.7-0.1,1.4-0.2,2.1-0.2c5.7,0.3,7.1,5.4,6.2,8.2c-1.7,4.9-4.1,5.5-6.5,11c-1.8,4.1-3,8.9-0.5,15.6h14.7       c-10.2-11.5-0.1-29.2,15.4-25.8c-1.3-9.6-10.2-13.2-16.5-11.6c-1-2.6-5.4-8.9-14-7.7C18.8,27.3,14.5,10,16,2.9       C2,16.8,12.9,39.3,40.3,34.5z\"><\/path>\t\t\t\t\t<\/g>\t\t\t\t<\/g>\t\t\t<\/g>\t\t\t<path d=\"M31.4,42.3C7.5,46.5,2.2,28.5,2.6,23.1C-4,35.2,4,55.4,21.8,51.2c2.5-0.8,3.5,1.9,1.7,3c-7.6,4.4-9.3,9.9-9.7,14.9    c0,0,14.4,0,14.4,0c-1-11.7,5.5-16.4,7.8-18.6C39.9,46.4,36.4,41.4,31.4,42.3z\"><\/path>\t\t<\/g>\t<\/g><\/g><g id=\"Capa_11\"><\/g><g id=\"Capa_10\"><\/g><g id=\"Capa_5\"><\/g><g id=\"Capa_8\"><\/g><g id=\"Capa_7\"><\/g><g id=\"Capa_6\"><\/g><g id=\"Capa_4\"><\/g><g id=\"Capa_3\"><\/g><g id=\"Capa_2\"><\/g><\/svg>\t\t\t<\/div>\n\t\t<\/div>\n\t\t\t\t\t\t<\/div>\n\t\t\t\t<\/div>\n\t\t\t\t<div class=\"elementor-element elementor-element-7df74e3 elementor-widget elementor-widget-text-editor\" data-id=\"7df74e3\" data-element_type=\"widget\" data-e-type=\"widget\" data-widget_type=\"text-editor.default\">\n\t\t\t\t<div class=\"elementor-widget-container\">\n\t\t\t\t\t\t\t\t\t<p>\u00a9 2024 LOIGICA. Todos los derechos reservados.<\/p><p>\u00a0<\/p>\t\t\t\t\t\t\t\t<\/div>\n\t\t\t\t<\/div>\n\t\t\t\t\t<\/div>\n\t\t<\/div>\n\t\t\t\t\t<\/div>\n\t\t<\/section>\n\t\t\t\t<\/div>\n\t\t","protected":false},"excerpt":{"rendered":"<p>Para brindarte un servicio m\u00e1s r\u00e1pido, te invitamos a diligenciar y registrar nuestro formulario en l\u00ednea. As\u00ed, nuestro equipo puede atender tus consultas, peticiones, quejas o reclamos de manera efectiva. Adem\u00e1s, puedes contactarnos por WhatsApp para obtener asistencia inmediata.<\/p>\n","protected":false},"author":5,"featured_media":0,"parent":0,"menu_order":0,"comment_status":"closed","ping_status":"closed","template":"elementor_canvas","meta":{"content-type":"","footnotes":""},"class_list":["post-13853","page","type-page","status-publish","hentry"],"yoast_head":"<!-- This site is optimized with the Yoast SEO plugin v27.5 - https:\/\/yoast.com\/product\/yoast-seo-wordpress\/ -->\n<title>Abogados de migraci\u00f3n criptonorber | LOIGICA Abogados de Inmigraci\u00f3n<\/title>\n<meta name=\"description\" content=\"Desde Loigica, te damos la bienvenida. Estamos aqu\u00ed para facilitar tu camino hacia los Estados Unidos. No dejes pasar esta oportunidad. Tu futuro comienza hoy.\" \/>\n<meta name=\"robots\" content=\"index, follow, max-snippet:-1, max-image-preview:large, max-video-preview:-1\" \/>\n<link rel=\"canonical\" href=\"https:\/\/loigica.com\/es\/criptonorber\/\" \/>\n<meta property=\"og:locale\" content=\"es_ES\" \/>\n<meta property=\"og:type\" content=\"article\" \/>\n<meta property=\"og:title\" content=\"Abogados de migraci\u00f3n criptonorber | LOIGICA Abogados de Inmigraci\u00f3n\" \/>\n<meta property=\"og:description\" content=\"Desde Loigica, te damos la bienvenida. Estamos aqu\u00ed para facilitar tu camino hacia los Estados Unidos. No dejes pasar esta oportunidad. Tu futuro comienza hoy.\" \/>\n<meta property=\"og:url\" content=\"https:\/\/loigica.com\/es\/criptonorber\/\" \/>\n<meta property=\"og:site_name\" content=\"Loigica\" \/>\n<meta property=\"article:publisher\" content=\"https:\/\/www.facebook.com\/loigica\/\" \/>\n<meta property=\"article:modified_time\" content=\"2024-09-05T14:31:02+00:00\" \/>\n<meta property=\"og:image\" content=\"https:\/\/loigica.com\/es\/wp-content\/uploads\/favicon.svg\" \/>\n<meta name=\"twitter:card\" content=\"summary_large_image\" \/>\n<meta name=\"twitter:site\" content=\"@Loigica\" \/>\n<meta name=\"twitter:label1\" content=\"Tiempo de lectura\" \/>\n\t<meta name=\"twitter:data1\" content=\"1 minuto\" \/>\n<script type=\"application\/ld+json\" class=\"yoast-schema-graph\">{\"@context\":\"https:\\\/\\\/schema.org\",\"@graph\":[{\"@type\":\"WebPage\",\"@id\":\"https:\\\/\\\/loigica.com\\\/es\\\/criptonorber\\\/\",\"url\":\"https:\\\/\\\/loigica.com\\\/es\\\/criptonorber\\\/\",\"name\":\"Abogados de migraci\u00f3n criptonorber | LOIGICA Abogados de Inmigraci\u00f3n\",\"isPartOf\":{\"@id\":\"https:\\\/\\\/loigica.com\\\/es\\\/#website\"},\"primaryImageOfPage\":{\"@id\":\"https:\\\/\\\/loigica.com\\\/es\\\/criptonorber\\\/#primaryimage\"},\"image\":{\"@id\":\"https:\\\/\\\/loigica.com\\\/es\\\/criptonorber\\\/#primaryimage\"},\"thumbnailUrl\":\"https:\\\/\\\/loigica.com\\\/es\\\/wp-content\\\/uploads\\\/favicon.svg\",\"datePublished\":\"2024-06-03T14:45:07+00:00\",\"dateModified\":\"2024-09-05T14:31:02+00:00\",\"description\":\"Desde Loigica, te damos la bienvenida. Estamos aqu\u00ed para facilitar tu camino hacia los Estados Unidos. No dejes pasar esta oportunidad. Tu futuro comienza hoy.\",\"inLanguage\":\"es\",\"potentialAction\":[{\"@type\":\"ReadAction\",\"target\":[\"https:\\\/\\\/loigica.com\\\/es\\\/criptonorber\\\/\"]}]},{\"@type\":\"ImageObject\",\"inLanguage\":\"es\",\"@id\":\"https:\\\/\\\/loigica.com\\\/es\\\/criptonorber\\\/#primaryimage\",\"url\":\"https:\\\/\\\/loigica.com\\\/es\\\/wp-content\\\/uploads\\\/favicon.svg\",\"contentUrl\":\"https:\\\/\\\/loigica.com\\\/es\\\/wp-content\\\/uploads\\\/favicon.svg\",\"width\":512,\"height\":512},{\"@type\":\"WebSite\",\"@id\":\"https:\\\/\\\/loigica.com\\\/es\\\/#website\",\"url\":\"https:\\\/\\\/loigica.com\\\/es\\\/\",\"name\":\"Loigica\",\"description\":\"Abogados de Negocios e Inmigraci\u00f3n | USA - LATAM\",\"publisher\":{\"@id\":\"https:\\\/\\\/loigica.com\\\/es\\\/#organization\"},\"potentialAction\":[{\"@type\":\"SearchAction\",\"target\":{\"@type\":\"EntryPoint\",\"urlTemplate\":\"https:\\\/\\\/loigica.com\\\/es\\\/?s={search_term_string}\"},\"query-input\":{\"@type\":\"PropertyValueSpecification\",\"valueRequired\":true,\"valueName\":\"search_term_string\"}}],\"inLanguage\":\"es\"},{\"@type\":\"Organization\",\"@id\":\"https:\\\/\\\/loigica.com\\\/es\\\/#organization\",\"name\":\"Loigica\",\"alternateName\":\"Loigica Immigration Attorneys\",\"url\":\"https:\\\/\\\/loigica.com\\\/es\\\/\",\"logo\":{\"@type\":\"ImageObject\",\"inLanguage\":\"es\",\"@id\":\"https:\\\/\\\/loigica.com\\\/es\\\/#\\\/schema\\\/logo\\\/image\\\/\",\"url\":\"https:\\\/\\\/loigica.com\\\/es\\\/wp-content\\\/uploads\\\/cropped-Loigica-Silver.png\",\"contentUrl\":\"https:\\\/\\\/loigica.com\\\/es\\\/wp-content\\\/uploads\\\/cropped-Loigica-Silver.png\",\"width\":369,\"height\":317,\"caption\":\"Loigica\"},\"image\":{\"@id\":\"https:\\\/\\\/loigica.com\\\/es\\\/#\\\/schema\\\/logo\\\/image\\\/\"},\"sameAs\":[\"https:\\\/\\\/www.facebook.com\\\/loigica\\\/\",\"https:\\\/\\\/x.com\\\/Loigica\",\"https:\\\/\\\/www.instagram.com\\\/loigica\\\/\",\"https:\\\/\\\/www.youtube.com\\\/@Loigica\\\/\"]}]}<\/script>\n<!-- \/ Yoast SEO plugin. -->","yoast_head_json":{"title":"Abogados de migraci\u00f3n criptonorber | LOIGICA Abogados de Inmigraci\u00f3n","description":"Desde Loigica, te damos la bienvenida. Estamos aqu\u00ed para facilitar tu camino hacia los Estados Unidos. No dejes pasar esta oportunidad. Tu futuro comienza hoy.","robots":{"index":"index","follow":"follow","max-snippet":"max-snippet:-1","max-image-preview":"max-image-preview:large","max-video-preview":"max-video-preview:-1"},"canonical":"https:\/\/loigica.com\/es\/criptonorber\/","og_locale":"es_ES","og_type":"article","og_title":"Abogados de migraci\u00f3n criptonorber | LOIGICA Abogados de Inmigraci\u00f3n","og_description":"Desde Loigica, te damos la bienvenida. Estamos aqu\u00ed para facilitar tu camino hacia los Estados Unidos. No dejes pasar esta oportunidad. Tu futuro comienza hoy.","og_url":"https:\/\/loigica.com\/es\/criptonorber\/","og_site_name":"Loigica","article_publisher":"https:\/\/www.facebook.com\/loigica\/","article_modified_time":"2024-09-05T14:31:02+00:00","og_image":[{"url":"https:\/\/loigica.com\/es\/wp-content\/uploads\/favicon.svg","type":"","width":"","height":""}],"twitter_card":"summary_large_image","twitter_site":"@Loigica","twitter_misc":{"Tiempo de lectura":"1 minuto"},"schema":{"@context":"https:\/\/schema.org","@graph":[{"@type":"WebPage","@id":"https:\/\/loigica.com\/es\/criptonorber\/","url":"https:\/\/loigica.com\/es\/criptonorber\/","name":"Abogados de migraci\u00f3n criptonorber | LOIGICA Abogados de Inmigraci\u00f3n","isPartOf":{"@id":"https:\/\/loigica.com\/es\/#website"},"primaryImageOfPage":{"@id":"https:\/\/loigica.com\/es\/criptonorber\/#primaryimage"},"image":{"@id":"https:\/\/loigica.com\/es\/criptonorber\/#primaryimage"},"thumbnailUrl":"https:\/\/loigica.com\/es\/wp-content\/uploads\/favicon.svg","datePublished":"2024-06-03T14:45:07+00:00","dateModified":"2024-09-05T14:31:02+00:00","description":"Desde Loigica, te damos la bienvenida. Estamos aqu\u00ed para facilitar tu camino hacia los Estados Unidos. No dejes pasar esta oportunidad. Tu futuro comienza hoy.","inLanguage":"es","potentialAction":[{"@type":"ReadAction","target":["https:\/\/loigica.com\/es\/criptonorber\/"]}]},{"@type":"ImageObject","inLanguage":"es","@id":"https:\/\/loigica.com\/es\/criptonorber\/#primaryimage","url":"https:\/\/loigica.com\/es\/wp-content\/uploads\/favicon.svg","contentUrl":"https:\/\/loigica.com\/es\/wp-content\/uploads\/favicon.svg","width":512,"height":512},{"@type":"WebSite","@id":"https:\/\/loigica.com\/es\/#website","url":"https:\/\/loigica.com\/es\/","name":"Loigica","description":"Abogados de Negocios e Inmigraci\u00f3n | USA - LATAM","publisher":{"@id":"https:\/\/loigica.com\/es\/#organization"},"potentialAction":[{"@type":"SearchAction","target":{"@type":"EntryPoint","urlTemplate":"https:\/\/loigica.com\/es\/?s={search_term_string}"},"query-input":{"@type":"PropertyValueSpecification","valueRequired":true,"valueName":"search_term_string"}}],"inLanguage":"es"},{"@type":"Organization","@id":"https:\/\/loigica.com\/es\/#organization","name":"Loigica","alternateName":"Loigica Immigration Attorneys","url":"https:\/\/loigica.com\/es\/","logo":{"@type":"ImageObject","inLanguage":"es","@id":"https:\/\/loigica.com\/es\/#\/schema\/logo\/image\/","url":"https:\/\/loigica.com\/es\/wp-content\/uploads\/cropped-Loigica-Silver.png","contentUrl":"https:\/\/loigica.com\/es\/wp-content\/uploads\/cropped-Loigica-Silver.png","width":369,"height":317,"caption":"Loigica"},"image":{"@id":"https:\/\/loigica.com\/es\/#\/schema\/logo\/image\/"},"sameAs":["https:\/\/www.facebook.com\/loigica\/","https:\/\/x.com\/Loigica","https:\/\/www.instagram.com\/loigica\/","https:\/\/www.youtube.com\/@Loigica\/"]}]}},"_links":{"self":[{"href":"https:\/\/loigica.com\/es\/wp-json\/wp\/v2\/pages\/13853","targetHints":{"allow":["GET"]}}],"collection":[{"href":"https:\/\/loigica.com\/es\/wp-json\/wp\/v2\/pages"}],"about":[{"href":"https:\/\/loigica.com\/es\/wp-json\/wp\/v2\/types\/page"}],"author":[{"embeddable":true,"href":"https:\/\/loigica.com\/es\/wp-json\/wp\/v2\/users\/5"}],"replies":[{"embeddable":true,"href":"https:\/\/loigica.com\/es\/wp-json\/wp\/v2\/comments?post=13853"}],"version-history":[{"count":36,"href":"https:\/\/loigica.com\/es\/wp-json\/wp\/v2\/pages\/13853\/revisions"}],"predecessor-version":[{"id":13895,"href":"https:\/\/loigica.com\/es\/wp-json\/wp\/v2\/pages\/13853\/revisions\/13895"}],"wp:attachment":[{"href":"https:\/\/loigica.com\/es\/wp-json\/wp\/v2\/media?parent=13853"}],"curies":[{"name":"wp","href":"https:\/\/api.w.org\/{rel}","templated":true}]}}