{"id":17226,"date":"2024-12-06T12:40:16","date_gmt":"2024-12-06T17:40:16","guid":{"rendered":"https:\/\/loigica.com\/es\/?page_id=17226"},"modified":"2024-12-06T12:43:28","modified_gmt":"2024-12-06T17:43:28","slug":"enfermeros-en-colombia-descubre-tu-oportunidad-para-trabajar-en-estados-unidos","status":"publish","type":"page","link":"https:\/\/loigica.com\/es\/enfermeros-en-colombia-descubre-tu-oportunidad-para-trabajar-en-estados-unidos\/","title":{"rendered":"Enfermeros en Colombia: descubre tu oportunidad para trabajar en Estados Unidos"},"content":{"rendered":"\t\t<div data-elementor-type=\"wp-page\" data-elementor-id=\"17226\" class=\"elementor elementor-17226\" data-elementor-post-type=\"page\">\n\t\t\t\t\t\t<section class=\"elementor-section elementor-top-section elementor-element elementor-element-3c4d201 elementor-section-boxed elementor-section-height-default elementor-section-height-default\" data-id=\"3c4d201\" data-element_type=\"section\" data-e-type=\"section\">\n\t\t\t\t\t\t<div class=\"elementor-container elementor-column-gap-default\">\n\t\t\t\t\t<div class=\"elementor-column elementor-col-100 elementor-top-column elementor-element elementor-element-5a0ee18\" data-id=\"5a0ee18\" data-element_type=\"column\" data-e-type=\"column\">\n\t\t\t<div class=\"elementor-widget-wrap elementor-element-populated\">\n\t\t\t\t\t\t<section class=\"elementor-section elementor-inner-section elementor-element elementor-element-a562452 elementor-section-boxed elementor-section-height-default elementor-section-height-default\" data-id=\"a562452\" data-element_type=\"section\" data-e-type=\"section\">\n\t\t\t\t\t\t<div class=\"elementor-container elementor-column-gap-default\">\n\t\t\t\t\t<div class=\"elementor-column elementor-col-50 elementor-inner-column elementor-element elementor-element-d8dc350\" data-id=\"d8dc350\" data-element_type=\"column\" data-e-type=\"column\">\n\t\t\t<div class=\"elementor-widget-wrap elementor-element-populated\">\n\t\t\t\t\t\t<div class=\"elementor-element elementor-element-03649c1 elementor-widget elementor-widget-heading\" data-id=\"03649c1\" data-element_type=\"widget\" data-e-type=\"widget\" data-widget_type=\"heading.default\">\n\t\t\t\t<div class=\"elementor-widget-container\">\n\t\t\t\t\t<h1 class=\"elementor-heading-title elementor-size-default\">Enfermeros en Colombia: descubre tu oportunidad para trabajar en Estados Unidos<\/h1>\t\t\t\t<\/div>\n\t\t\t\t<\/div>\n\t\t\t\t<div class=\"elementor-element elementor-element-fc71c87 elementor-widget__width-initial elementor-widget elementor-widget-heading\" data-id=\"fc71c87\" data-element_type=\"widget\" data-e-type=\"widget\" data-widget_type=\"heading.default\">\n\t\t\t\t<div class=\"elementor-widget-container\">\n\t\t\t\t\t<h4 class=\"elementor-heading-title elementor-size-default\">Conoce los caminos legales para transformar tu carrera y el futuro de tu familia en 2025.<\/h4>\t\t\t\t<\/div>\n\t\t\t\t<\/div>\n\t\t\t\t<div class=\"elementor-element elementor-element-6ca48df elementor-widget elementor-widget-image\" data-id=\"6ca48df\" data-element_type=\"widget\" data-e-type=\"widget\" data-widget_type=\"image.default\">\n\t\t\t\t<div class=\"elementor-widget-container\">\n\t\t\t\t\t\t\t\t\t\t\t\t\t\t\t<img fetchpriority=\"high\" decoding=\"async\" width=\"800\" height=\"427\" src=\"https:\/\/loigica.com\/es\/wp-content\/uploads\/Profesionales-de-la-salud-en-EEUU-1024x546.jpg\" class=\"attachment-large size-large wp-image-16537\" alt=\"\" srcset=\"https:\/\/loigica.com\/es\/wp-content\/uploads\/Profesionales-de-la-salud-en-EEUU-1024x546.jpg 1024w, https:\/\/loigica.com\/es\/wp-content\/uploads\/Profesionales-de-la-salud-en-EEUU-300x160.jpg 300w, https:\/\/loigica.com\/es\/wp-content\/uploads\/Profesionales-de-la-salud-en-EEUU-768x410.jpg 768w, https:\/\/loigica.com\/es\/wp-content\/uploads\/Profesionales-de-la-salud-en-EEUU.jpg 1200w\" sizes=\"(max-width: 800px) 100vw, 800px\" \/>\t\t\t\t\t\t\t\t\t\t\t\t\t\t\t<\/div>\n\t\t\t\t<\/div>\n\t\t\t\t<div class=\"elementor-element elementor-element-83e164d elementor-position-inline-start elementor-view-default elementor-mobile-position-block-start elementor-widget elementor-widget-icon-box\" data-id=\"83e164d\" data-element_type=\"widget\" data-e-type=\"widget\" data-widget_type=\"icon-box.default\">\n\t\t\t\t<div class=\"elementor-widget-container\">\n\t\t\t\t\t\t\t<div class=\"elementor-icon-box-wrapper\">\n\n\t\t\t\t\t\t<div class=\"elementor-icon-box-icon\">\n\t\t\t\t<span  class=\"elementor-icon\">\n\t\t\t\t<svg xmlns=\"http:\/\/www.w3.org\/2000\/svg\" xmlns:xlink=\"http:\/\/www.w3.org\/1999\/xlink\" x=\"0px\" y=\"0px\" viewBox=\"0 0 500 500\" style=\"enable-background:new 0 0 500 500;\" xml:space=\"preserve\"><style type=\"text\/css\">\t.st0{fill:#0C2266;}\t.st1{fill:#F21035;}<\/style><g id=\"Capa_2\"><\/g><g id=\"Capa_3\">\t<g>\t\t<path class=\"st0\" d=\"M420.5,41.1H397V21.2c0-5.5-4.5-10-10-10s-10,4.5-10,10v19.9H259.9V21.2c0-5.5-4.5-10-10-10s-10,4.5-10,10   v19.9H136V21.2c0-5.5-4.5-10-10-10s-10,4.5-10,10v19.9H79.5C37.8,41.1,4,74.9,4,116.6v296.7c0,41.7,33.8,75.5,75.5,75.5h341   c41.7,0,75.5-33.8,75.5-75.5V116.6C496,74.9,462.2,41.1,420.5,41.1z M79.5,61.1H116v22.1c0,5.5,4.5,10,10,10s10-4.5,10-10V61.1   h103.9v22.1c0,5.5,4.5,10,10,10s10-4.5,10-10V61.1H377v22.1c0,5.5,4.5,10,10,10s10-4.5,10-10V61.1h23.5   c30.6,0,55.5,24.9,55.5,55.5v32.3H24v-32.3C24,86,48.9,61.1,79.5,61.1z M420.5,468.8h-341c-30.6,0-55.5-24.9-55.5-55.5V168.9h452   v244.4C476,443.9,451.1,468.8,420.5,468.8z\"><\/path>\t\t<g>\t\t\t<path class=\"st1\" d=\"M147.4,308.7h-42.7c-15.6,0-28.2-12.7-28.2-28.2v-42.7c0-15.6,12.7-28.2,28.2-28.2h42.7    c15.6,0,28.2,12.7,28.2,28.2v42.7C175.6,296,162.9,308.7,147.4,308.7z M104.7,229.5c-4.5,0-8.2,3.7-8.2,8.2v42.7    c0,4.5,3.7,8.2,8.2,8.2h42.7c4.5,0,8.2-3.7,8.2-8.2v-42.7c0-4.5-3.7-8.2-8.2-8.2H104.7z\"><\/path>\t\t<\/g>\t\t<g>\t\t\t<path class=\"st1\" d=\"M272,308.7h-42.7c-15.6,0-28.2-12.7-28.2-28.2v-42.7c0-15.6,12.7-28.2,28.2-28.2H272    c15.6,0,28.2,12.7,28.2,28.2v42.7C300.2,296,287.6,308.7,272,308.7z M229.3,229.5c-4.5,0-8.2,3.7-8.2,8.2v42.7    c0,4.5,3.7,8.2,8.2,8.2H272c4.5,0,8.2-3.7,8.2-8.2v-42.7c0-4.5-3.7-8.2-8.2-8.2H229.3z\"><\/path>\t\t<\/g>\t\t<g>\t\t\t<path class=\"st1\" d=\"M396.6,308.7h-42.7c-15.6,0-28.2-12.7-28.2-28.2v-42.7c0-15.6,12.7-28.2,28.2-28.2h42.7    c15.6,0,28.2,12.7,28.2,28.2v42.7C424.8,296,412.2,308.7,396.6,308.7z M353.9,229.5c-4.5,0-8.2,3.7-8.2,8.2v42.7    c0,4.5,3.7,8.2,8.2,8.2h42.7c4.5,0,8.2-3.7,8.2-8.2v-42.7c0-4.5-3.7-8.2-8.2-8.2H353.9z\"><\/path>\t\t<\/g>\t\t<g>\t\t\t<path class=\"st1\" d=\"M147.4,425.2h-42.7c-15.6,0-28.2-12.7-28.2-28.2v-42.7c0-15.6,12.7-28.2,28.2-28.2h42.7    c15.6,0,28.2,12.7,28.2,28.2V397C175.6,412.5,162.9,425.2,147.4,425.2z M104.7,346c-4.5,0-8.2,3.7-8.2,8.2V397    c0,4.5,3.7,8.2,8.2,8.2h42.7c4.5,0,8.2-3.7,8.2-8.2v-42.7c0-4.5-3.7-8.2-8.2-8.2H104.7z\"><\/path>\t\t<\/g>\t\t<g>\t\t\t<path class=\"st1\" d=\"M272,425.2h-42.7c-15.6,0-28.2-12.7-28.2-28.2v-42.7c0-15.6,12.7-28.2,28.2-28.2H272    c15.6,0,28.2,12.7,28.2,28.2V397C300.2,412.5,287.6,425.2,272,425.2z M229.3,346c-4.5,0-8.2,3.7-8.2,8.2V397    c0,4.5,3.7,8.2,8.2,8.2H272c4.5,0,8.2-3.7,8.2-8.2v-42.7c0-4.5-3.7-8.2-8.2-8.2H229.3z\"><\/path>\t\t<\/g>\t\t<g>\t\t\t<path class=\"st1\" d=\"M396.6,425.2h-42.7c-15.6,0-28.2-12.7-28.2-28.2v-42.7c0-15.6,12.7-28.2,28.2-28.2h42.7    c15.6,0,28.2,12.7,28.2,28.2V397C424.8,412.5,412.2,425.2,396.6,425.2z M353.9,346c-4.5,0-8.2,3.7-8.2,8.2V397    c0,4.5,3.7,8.2,8.2,8.2h42.7c4.5,0,8.2-3.7,8.2-8.2v-42.7c0-4.5-3.7-8.2-8.2-8.2H353.9z\"><\/path>\t\t<\/g>\t<\/g><\/g><\/svg>\t\t\t\t<\/span>\n\t\t\t<\/div>\n\t\t\t\n\t\t\t\t\t\t<div class=\"elementor-icon-box-content\">\n\n\t\t\t\t\t\t\t\t\t<h3 class=\"elementor-icon-box-title\">\n\t\t\t\t\t\t<span  >\n\t\t\t\t\t\t\tJueves 12 diciembre, 7:00 p.m.\t\t\t\t\t\t<\/span>\n\t\t\t\t\t<\/h3>\n\t\t\t\t\n\t\t\t\t\t\t\t\t\t<p class=\"elementor-icon-box-description\">\n\t\t\t\t\t\tSeminario virtual v\u00eda Zoom\t\t\t\t\t<\/p>\n\t\t\t\t\n\t\t\t<\/div>\n\t\t\t\n\t\t<\/div>\n\t\t\t\t\t\t<\/div>\n\t\t\t\t<\/div>\n\t\t\t\t\t<\/div>\n\t\t<\/div>\n\t\t\t\t<div class=\"elementor-column elementor-col-50 elementor-inner-column elementor-element elementor-element-5b4cab4\" data-id=\"5b4cab4\" data-element_type=\"column\" data-e-type=\"column\" id=\"formulario\">\n\t\t\t<div class=\"elementor-widget-wrap elementor-element-populated\">\n\t\t\t\t\t\t<div class=\"elementor-element elementor-element-16c8087 elementor-widget elementor-widget-text-editor\" data-id=\"16c8087\" data-element_type=\"widget\" data-e-type=\"widget\" data-widget_type=\"text-editor.default\">\n\t\t\t\t<div class=\"elementor-widget-container\">\n\t\t\t\t\t\t\t\t\t<p>\u00a1Reg\u00edstrate ahora!<\/p>\t\t\t\t\t\t\t\t<\/div>\n\t\t\t\t<\/div>\n\t\t\t\t<div class=\"elementor-element elementor-element-6cf0121 elementor-widget elementor-widget-text-editor\" data-id=\"6cf0121\" data-element_type=\"widget\" data-e-type=\"widget\" data-widget_type=\"text-editor.default\">\n\t\t\t\t<div class=\"elementor-widget-container\">\n\t\t\t\t\t\t\t\t\t<p>Cupos limitados<\/p>\t\t\t\t\t\t\t\t<\/div>\n\t\t\t\t<\/div>\n\t\t\t\t<div class=\"elementor-element elementor-element-9615a15 elementor-widget elementor-widget-hubspot-form\" data-id=\"9615a15\" data-element_type=\"widget\" data-e-type=\"widget\" data-widget_type=\"hubspot-form.default\">\n\t\t\t\t<div class=\"elementor-widget-container\">\n\t\t\t\t\t\n\t\t\t\t\t\t<script>\n\t\t\t\t\t\t\twindow.hsFormsOnReady = window.hsFormsOnReady || [];\n\t\t\t\t\t\t\twindow.hsFormsOnReady.push(()=>{\n\t\t\t\t\t\t\t\thbspt.forms.create({\n\t\t\t\t\t\t\t\t\tportalId: 1653096,\n\t\t\t\t\t\t\t\t\tformId: \"0d64d329-edf0-4de8-b66f-a5fe1801c719\",\n\t\t\t\t\t\t\t\t\ttarget: \"#hbspt-form-1777999885000-2474708613\",\n\t\t\t\t\t\t\t\t\tregion: \"na1\",\n\t\t\t\t\t\t\t\t\t\n\t\t\t\t\t\t\t})});\n\t\t\t\t\t\t<\/script>\n\t\t\t\t\t\t<div class=\"hbspt-form\" id=\"hbspt-form-1777999885000-2474708613\"><\/div>\t\t\t\t<\/div>\n\t\t\t\t<\/div>\n\t\t\t\t\t<\/div>\n\t\t<\/div>\n\t\t\t\t\t<\/div>\n\t\t<\/section>\n\t\t\t\t\t<\/div>\n\t\t<\/div>\n\t\t\t\t\t<\/div>\n\t\t<\/section>\n\t\t\t\t<section class=\"elementor-section elementor-top-section elementor-element elementor-element-e52bbbf elementor-section-boxed elementor-section-height-default elementor-section-height-default\" data-id=\"e52bbbf\" data-element_type=\"section\" data-e-type=\"section\" data-settings=\"{&quot;background_background&quot;:&quot;classic&quot;}\">\n\t\t\t\t\t\t<div class=\"elementor-container elementor-column-gap-default\">\n\t\t\t\t\t<div class=\"elementor-column elementor-col-100 elementor-top-column elementor-element elementor-element-c091bcb\" data-id=\"c091bcb\" data-element_type=\"column\" data-e-type=\"column\" data-settings=\"{&quot;background_background&quot;:&quot;classic&quot;}\">\n\t\t\t<div class=\"elementor-widget-wrap elementor-element-populated\">\n\t\t\t\t\t\t<div class=\"elementor-element elementor-element-7c1684b elementor-widget elementor-widget-text-editor\" data-id=\"7c1684b\" data-element_type=\"widget\" data-e-type=\"widget\" data-widget_type=\"text-editor.default\">\n\t\t\t\t<div class=\"elementor-widget-container\">\n\t\t\t\t\t\t\t\t\t<p><strong>Reserva tu lugar:<\/strong> Este evento tiene cupos limitados, por lo que el registro es obligatorio.<\/p><div id=\"gtx-trans\" style=\"position: absolute; left: 148px; top: 38px;\"><div class=\"gtx-trans-icon\">\u00a0<\/div><\/div>\t\t\t\t\t\t\t\t<\/div>\n\t\t\t\t<\/div>\n\t\t\t\t<div class=\"elementor-element elementor-element-1f18ff4 elementor-widget elementor-widget-text-editor\" data-id=\"1f18ff4\" data-element_type=\"widget\" data-e-type=\"widget\" data-widget_type=\"text-editor.default\">\n\t\t\t\t<div class=\"elementor-widget-container\">\n\t\t\t\t\t\t\t\t\t<p>Asegura tu participaci\u00f3n completando el formulario a continuaci\u00f3n.<\/p><div id=\"gtx-trans\" style=\"position: absolute; left: 305px; top: 38px;\"><div class=\"gtx-trans-icon\">\u00a0<\/div><\/div>\t\t\t\t\t\t\t\t<\/div>\n\t\t\t\t<\/div>\n\t\t\t\t<div class=\"elementor-element elementor-element-e5877fd elementor-widget__width-initial elementor-widget elementor-widget-text-editor\" data-id=\"e5877fd\" data-element_type=\"widget\" data-e-type=\"widget\" data-widget_type=\"text-editor.default\">\n\t\t\t\t<div class=\"elementor-widget-container\">\n\t\t\t\t\t\t\t\t\t<p>Frente a la inestabilidad de la regi\u00f3n, es hora de buscar mejores oportunidades.<\/p>\t\t\t\t\t\t\t\t<\/div>\n\t\t\t\t<\/div>\n\t\t\t\t<div class=\"elementor-element elementor-element-83397a5 elementor-widget elementor-widget-button\" data-id=\"83397a5\" data-element_type=\"widget\" data-e-type=\"widget\" data-widget_type=\"button.default\">\n\t\t\t\t<div class=\"elementor-widget-container\">\n\t\t\t\t\t\t\t\t\t<div class=\"elementor-button-wrapper\">\n\t\t\t\t\t<a class=\"elementor-button elementor-button-link elementor-size-sm\" href=\"#formulario\">\n\t\t\t\t\t\t<span class=\"elementor-button-content-wrapper\">\n\t\t\t\t\t\t<span class=\"elementor-button-icon\">\n\t\t\t\t<i aria-hidden=\"true\" class=\"fas fa-long-arrow-alt-right\"><\/i>\t\t\t<\/span>\n\t\t\t\t\t\t\t\t\t<span class=\"elementor-button-text\">\u00a1Reg\u00edstrate ahora!<\/span>\n\t\t\t\t\t<\/span>\n\t\t\t\t\t<\/a>\n\t\t\t\t<\/div>\n\t\t\t\t\t\t\t\t<\/div>\n\t\t\t\t<\/div>\n\t\t\t\t\t<\/div>\n\t\t<\/div>\n\t\t\t\t\t<\/div>\n\t\t<\/section>\n\t\t\t\t<section class=\"elementor-section elementor-top-section elementor-element elementor-element-51b55ac elementor-section-boxed elementor-section-height-default elementor-section-height-default\" data-id=\"51b55ac\" data-element_type=\"section\" data-e-type=\"section\" data-settings=\"{&quot;background_background&quot;:&quot;classic&quot;}\">\n\t\t\t\t\t\t<div class=\"elementor-container elementor-column-gap-default\">\n\t\t\t\t\t<div class=\"elementor-column elementor-col-100 elementor-top-column elementor-element elementor-element-f9b2bc5\" data-id=\"f9b2bc5\" data-element_type=\"column\" data-e-type=\"column\">\n\t\t\t<div class=\"elementor-widget-wrap elementor-element-populated\">\n\t\t\t\t\t\t<section class=\"elementor-section elementor-inner-section elementor-element elementor-element-7770901 elementor-section-boxed elementor-section-height-default elementor-section-height-default\" data-id=\"7770901\" data-element_type=\"section\" data-e-type=\"section\">\n\t\t\t\t\t\t<div class=\"elementor-container elementor-column-gap-default\">\n\t\t\t\t\t<div class=\"elementor-column elementor-col-100 elementor-inner-column elementor-element elementor-element-883dfd4\" data-id=\"883dfd4\" data-element_type=\"column\" data-e-type=\"column\">\n\t\t\t<div class=\"elementor-widget-wrap elementor-element-populated\">\n\t\t\t\t\t\t<div class=\"elementor-element elementor-element-171fffd elementor-widget elementor-widget-text-editor\" data-id=\"171fffd\" data-element_type=\"widget\" data-e-type=\"widget\" data-widget_type=\"text-editor.default\">\n\t\t\t\t<div class=\"elementor-widget-container\">\n\t\t\t\t\t\t\t\t\t<p style=\"text-align: center;\">\u00a9 2024 LOIGICA<span style=\"background-color: var( --e-global-color-74c2d78 ); color: var( --e-global-color-9eb4242 );\">\u00a0Colombia<br \/><\/span>All Rights Reserved<span style=\"background-color: var( --e-global-color-74c2d78 ); color: var( --e-global-color-9eb4242 );\"><br \/><\/span><\/p>\t\t\t\t\t\t\t\t<\/div>\n\t\t\t\t<\/div>\n\t\t\t\t\t<\/div>\n\t\t<\/div>\n\t\t\t\t\t<\/div>\n\t\t<\/section>\n\t\t\t\t\t<\/div>\n\t\t<\/div>\n\t\t\t\t\t<\/div>\n\t\t<\/section>\n\t\t\t\t<\/div>\n\t\t","protected":false},"excerpt":{"rendered":"<p>Enfermeros en Colombia: descubre tu oportunidad para trabajar en Estados Unidos Conoce los caminos legales para transformar tu carrera y el futuro de tu familia en 2025. Jueves 12 diciembre, 7:00 p.m. Seminario virtual v\u00eda Zoom \u00a1Reg\u00edstrate ahora! Cupos limitados Reserva tu lugar: Este evento tiene cupos limitados, por lo que el registro es obligatorio. [&hellip;]<\/p>\n","protected":false},"author":5,"featured_media":0,"parent":0,"menu_order":0,"comment_status":"closed","ping_status":"closed","template":"elementor_canvas","meta":{"content-type":"","footnotes":""},"class_list":["post-17226","page","type-page","status-publish","hentry"],"yoast_head":"<!-- This site is optimized with the Yoast SEO plugin v27.5 - https:\/\/yoast.com\/product\/yoast-seo-wordpress\/ -->\n<title>Trabajar en salud en EE.UU. | LOIGICA Abogados de Inmigraci\u00f3n<\/title>\n<meta name=\"description\" content=\"Abogados expertos en migraci\u00f3n laboral te guiar\u00e1n en los pasos para trabajar legalmente en Estados Unidos como profesional de la salud.\" \/>\n<meta name=\"robots\" content=\"index, follow, max-snippet:-1, max-image-preview:large, max-video-preview:-1\" \/>\n<link rel=\"canonical\" href=\"https:\/\/loigica.com\/es\/enfermeros-en-colombia-descubre-tu-oportunidad-para-trabajar-en-estados-unidos\/\" \/>\n<meta property=\"og:locale\" content=\"es_ES\" \/>\n<meta property=\"og:type\" content=\"article\" \/>\n<meta property=\"og:title\" content=\"Trabajar en salud en EE.UU. | LOIGICA Abogados de Inmigraci\u00f3n\" \/>\n<meta property=\"og:description\" content=\"Abogados expertos en migraci\u00f3n laboral te guiar\u00e1n en los pasos para trabajar legalmente en Estados Unidos como profesional de la salud.\" \/>\n<meta property=\"og:url\" content=\"https:\/\/loigica.com\/es\/enfermeros-en-colombia-descubre-tu-oportunidad-para-trabajar-en-estados-unidos\/\" \/>\n<meta property=\"og:site_name\" content=\"Loigica\" \/>\n<meta property=\"article:publisher\" content=\"https:\/\/www.facebook.com\/loigica\/\" \/>\n<meta property=\"article:modified_time\" content=\"2024-12-06T17:43:28+00:00\" \/>\n<meta property=\"og:image\" content=\"https:\/\/loigica.com\/es\/wp-content\/uploads\/Profesionales-de-la-salud-en-EEUU.jpg\" \/>\n\t<meta property=\"og:image:width\" content=\"1200\" \/>\n\t<meta property=\"og:image:height\" content=\"640\" \/>\n\t<meta property=\"og:image:type\" content=\"image\/jpeg\" \/>\n<meta name=\"twitter:card\" content=\"summary_large_image\" \/>\n<meta name=\"twitter:site\" content=\"@Loigica\" \/>\n<meta name=\"twitter:label1\" content=\"Tiempo de lectura\" \/>\n\t<meta name=\"twitter:data1\" content=\"1 minuto\" \/>\n<script type=\"application\/ld+json\" class=\"yoast-schema-graph\">{\"@context\":\"https:\\\/\\\/schema.org\",\"@graph\":[{\"@type\":\"WebPage\",\"@id\":\"https:\\\/\\\/loigica.com\\\/es\\\/enfermeros-en-colombia-descubre-tu-oportunidad-para-trabajar-en-estados-unidos\\\/\",\"url\":\"https:\\\/\\\/loigica.com\\\/es\\\/enfermeros-en-colombia-descubre-tu-oportunidad-para-trabajar-en-estados-unidos\\\/\",\"name\":\"Trabajar en salud en EE.UU. | LOIGICA Abogados de Inmigraci\u00f3n\",\"isPartOf\":{\"@id\":\"https:\\\/\\\/loigica.com\\\/es\\\/#website\"},\"primaryImageOfPage\":{\"@id\":\"https:\\\/\\\/loigica.com\\\/es\\\/enfermeros-en-colombia-descubre-tu-oportunidad-para-trabajar-en-estados-unidos\\\/#primaryimage\"},\"image\":{\"@id\":\"https:\\\/\\\/loigica.com\\\/es\\\/enfermeros-en-colombia-descubre-tu-oportunidad-para-trabajar-en-estados-unidos\\\/#primaryimage\"},\"thumbnailUrl\":\"https:\\\/\\\/loigica.com\\\/es\\\/wp-content\\\/uploads\\\/Profesionales-de-la-salud-en-EEUU-1024x546.jpg\",\"datePublished\":\"2024-12-06T17:40:16+00:00\",\"dateModified\":\"2024-12-06T17:43:28+00:00\",\"description\":\"Abogados expertos en migraci\u00f3n laboral te guiar\u00e1n en los pasos para trabajar legalmente en Estados Unidos como profesional de la salud.\",\"inLanguage\":\"es\",\"potentialAction\":[{\"@type\":\"ReadAction\",\"target\":[\"https:\\\/\\\/loigica.com\\\/es\\\/enfermeros-en-colombia-descubre-tu-oportunidad-para-trabajar-en-estados-unidos\\\/\"]}]},{\"@type\":\"ImageObject\",\"inLanguage\":\"es\",\"@id\":\"https:\\\/\\\/loigica.com\\\/es\\\/enfermeros-en-colombia-descubre-tu-oportunidad-para-trabajar-en-estados-unidos\\\/#primaryimage\",\"url\":\"https:\\\/\\\/loigica.com\\\/es\\\/wp-content\\\/uploads\\\/Profesionales-de-la-salud-en-EEUU.jpg\",\"contentUrl\":\"https:\\\/\\\/loigica.com\\\/es\\\/wp-content\\\/uploads\\\/Profesionales-de-la-salud-en-EEUU.jpg\",\"width\":1200,\"height\":640},{\"@type\":\"WebSite\",\"@id\":\"https:\\\/\\\/loigica.com\\\/es\\\/#website\",\"url\":\"https:\\\/\\\/loigica.com\\\/es\\\/\",\"name\":\"Loigica\",\"description\":\"Abogados de Negocios e Inmigraci\u00f3n | USA - LATAM\",\"publisher\":{\"@id\":\"https:\\\/\\\/loigica.com\\\/es\\\/#organization\"},\"potentialAction\":[{\"@type\":\"SearchAction\",\"target\":{\"@type\":\"EntryPoint\",\"urlTemplate\":\"https:\\\/\\\/loigica.com\\\/es\\\/?s={search_term_string}\"},\"query-input\":{\"@type\":\"PropertyValueSpecification\",\"valueRequired\":true,\"valueName\":\"search_term_string\"}}],\"inLanguage\":\"es\"},{\"@type\":\"Organization\",\"@id\":\"https:\\\/\\\/loigica.com\\\/es\\\/#organization\",\"name\":\"Loigica\",\"alternateName\":\"Loigica Immigration Attorneys\",\"url\":\"https:\\\/\\\/loigica.com\\\/es\\\/\",\"logo\":{\"@type\":\"ImageObject\",\"inLanguage\":\"es\",\"@id\":\"https:\\\/\\\/loigica.com\\\/es\\\/#\\\/schema\\\/logo\\\/image\\\/\",\"url\":\"https:\\\/\\\/loigica.com\\\/es\\\/wp-content\\\/uploads\\\/cropped-Loigica-Silver.png\",\"contentUrl\":\"https:\\\/\\\/loigica.com\\\/es\\\/wp-content\\\/uploads\\\/cropped-Loigica-Silver.png\",\"width\":369,\"height\":317,\"caption\":\"Loigica\"},\"image\":{\"@id\":\"https:\\\/\\\/loigica.com\\\/es\\\/#\\\/schema\\\/logo\\\/image\\\/\"},\"sameAs\":[\"https:\\\/\\\/www.facebook.com\\\/loigica\\\/\",\"https:\\\/\\\/x.com\\\/Loigica\",\"https:\\\/\\\/www.instagram.com\\\/loigica\\\/\",\"https:\\\/\\\/www.youtube.com\\\/@Loigica\\\/\"]}]}<\/script>\n<!-- \/ Yoast SEO plugin. -->","yoast_head_json":{"title":"Trabajar en salud en EE.UU. | LOIGICA Abogados de Inmigraci\u00f3n","description":"Abogados expertos en migraci\u00f3n laboral te guiar\u00e1n en los pasos para trabajar legalmente en Estados Unidos como profesional de la salud.","robots":{"index":"index","follow":"follow","max-snippet":"max-snippet:-1","max-image-preview":"max-image-preview:large","max-video-preview":"max-video-preview:-1"},"canonical":"https:\/\/loigica.com\/es\/enfermeros-en-colombia-descubre-tu-oportunidad-para-trabajar-en-estados-unidos\/","og_locale":"es_ES","og_type":"article","og_title":"Trabajar en salud en EE.UU. | LOIGICA Abogados de Inmigraci\u00f3n","og_description":"Abogados expertos en migraci\u00f3n laboral te guiar\u00e1n en los pasos para trabajar legalmente en Estados Unidos como profesional de la salud.","og_url":"https:\/\/loigica.com\/es\/enfermeros-en-colombia-descubre-tu-oportunidad-para-trabajar-en-estados-unidos\/","og_site_name":"Loigica","article_publisher":"https:\/\/www.facebook.com\/loigica\/","article_modified_time":"2024-12-06T17:43:28+00:00","og_image":[{"width":1200,"height":640,"url":"https:\/\/loigica.com\/es\/wp-content\/uploads\/Profesionales-de-la-salud-en-EEUU.jpg","type":"image\/jpeg"}],"twitter_card":"summary_large_image","twitter_site":"@Loigica","twitter_misc":{"Tiempo de lectura":"1 minuto"},"schema":{"@context":"https:\/\/schema.org","@graph":[{"@type":"WebPage","@id":"https:\/\/loigica.com\/es\/enfermeros-en-colombia-descubre-tu-oportunidad-para-trabajar-en-estados-unidos\/","url":"https:\/\/loigica.com\/es\/enfermeros-en-colombia-descubre-tu-oportunidad-para-trabajar-en-estados-unidos\/","name":"Trabajar en salud en EE.UU. | LOIGICA Abogados de Inmigraci\u00f3n","isPartOf":{"@id":"https:\/\/loigica.com\/es\/#website"},"primaryImageOfPage":{"@id":"https:\/\/loigica.com\/es\/enfermeros-en-colombia-descubre-tu-oportunidad-para-trabajar-en-estados-unidos\/#primaryimage"},"image":{"@id":"https:\/\/loigica.com\/es\/enfermeros-en-colombia-descubre-tu-oportunidad-para-trabajar-en-estados-unidos\/#primaryimage"},"thumbnailUrl":"https:\/\/loigica.com\/es\/wp-content\/uploads\/Profesionales-de-la-salud-en-EEUU-1024x546.jpg","datePublished":"2024-12-06T17:40:16+00:00","dateModified":"2024-12-06T17:43:28+00:00","description":"Abogados expertos en migraci\u00f3n laboral te guiar\u00e1n en los pasos para trabajar legalmente en Estados Unidos como profesional de la salud.","inLanguage":"es","potentialAction":[{"@type":"ReadAction","target":["https:\/\/loigica.com\/es\/enfermeros-en-colombia-descubre-tu-oportunidad-para-trabajar-en-estados-unidos\/"]}]},{"@type":"ImageObject","inLanguage":"es","@id":"https:\/\/loigica.com\/es\/enfermeros-en-colombia-descubre-tu-oportunidad-para-trabajar-en-estados-unidos\/#primaryimage","url":"https:\/\/loigica.com\/es\/wp-content\/uploads\/Profesionales-de-la-salud-en-EEUU.jpg","contentUrl":"https:\/\/loigica.com\/es\/wp-content\/uploads\/Profesionales-de-la-salud-en-EEUU.jpg","width":1200,"height":640},{"@type":"WebSite","@id":"https:\/\/loigica.com\/es\/#website","url":"https:\/\/loigica.com\/es\/","name":"Loigica","description":"Abogados de Negocios e Inmigraci\u00f3n | USA - LATAM","publisher":{"@id":"https:\/\/loigica.com\/es\/#organization"},"potentialAction":[{"@type":"SearchAction","target":{"@type":"EntryPoint","urlTemplate":"https:\/\/loigica.com\/es\/?s={search_term_string}"},"query-input":{"@type":"PropertyValueSpecification","valueRequired":true,"valueName":"search_term_string"}}],"inLanguage":"es"},{"@type":"Organization","@id":"https:\/\/loigica.com\/es\/#organization","name":"Loigica","alternateName":"Loigica Immigration Attorneys","url":"https:\/\/loigica.com\/es\/","logo":{"@type":"ImageObject","inLanguage":"es","@id":"https:\/\/loigica.com\/es\/#\/schema\/logo\/image\/","url":"https:\/\/loigica.com\/es\/wp-content\/uploads\/cropped-Loigica-Silver.png","contentUrl":"https:\/\/loigica.com\/es\/wp-content\/uploads\/cropped-Loigica-Silver.png","width":369,"height":317,"caption":"Loigica"},"image":{"@id":"https:\/\/loigica.com\/es\/#\/schema\/logo\/image\/"},"sameAs":["https:\/\/www.facebook.com\/loigica\/","https:\/\/x.com\/Loigica","https:\/\/www.instagram.com\/loigica\/","https:\/\/www.youtube.com\/@Loigica\/"]}]}},"_links":{"self":[{"href":"https:\/\/loigica.com\/es\/wp-json\/wp\/v2\/pages\/17226","targetHints":{"allow":["GET"]}}],"collection":[{"href":"https:\/\/loigica.com\/es\/wp-json\/wp\/v2\/pages"}],"about":[{"href":"https:\/\/loigica.com\/es\/wp-json\/wp\/v2\/types\/page"}],"author":[{"embeddable":true,"href":"https:\/\/loigica.com\/es\/wp-json\/wp\/v2\/users\/5"}],"replies":[{"embeddable":true,"href":"https:\/\/loigica.com\/es\/wp-json\/wp\/v2\/comments?post=17226"}],"version-history":[{"count":5,"href":"https:\/\/loigica.com\/es\/wp-json\/wp\/v2\/pages\/17226\/revisions"}],"predecessor-version":[{"id":17232,"href":"https:\/\/loigica.com\/es\/wp-json\/wp\/v2\/pages\/17226\/revisions\/17232"}],"wp:attachment":[{"href":"https:\/\/loigica.com\/es\/wp-json\/wp\/v2\/media?parent=17226"}],"curies":[{"name":"wp","href":"https:\/\/api.w.org\/{rel}","templated":true}]}}