{"id":21839,"date":"2026-02-05T11:15:49","date_gmt":"2026-02-05T16:15:49","guid":{"rendered":"https:\/\/loigica.com\/es\/?page_id=21839"},"modified":"2026-02-11T08:37:49","modified_gmt":"2026-02-11T13:37:49","slug":"ciudadania","status":"publish","type":"page","link":"https:\/\/loigica.com\/es\/inmigracion\/ciudadania\/","title":{"rendered":"Ciudadan\u00eda"},"content":{"rendered":"\t\t<div data-elementor-type=\"wp-page\" data-elementor-id=\"21839\" class=\"elementor elementor-21839\" data-elementor-post-type=\"page\">\n\t\t\t\t<div class=\"elementor-element elementor-element-7d964ec e-flex e-con-boxed e-con e-parent\" data-id=\"7d964ec\" data-element_type=\"container\" data-e-type=\"container\" data-settings=\"{&quot;background_background&quot;:&quot;classic&quot;}\">\n\t\t\t\t\t<div class=\"e-con-inner\">\n\t\t\t\t<div class=\"elementor-element elementor-element-2978f78 elementor-widget elementor-widget-elementskit-heading\" data-id=\"2978f78\" data-element_type=\"widget\" data-e-type=\"widget\" data-widget_type=\"elementskit-heading.default\">\n\t\t\t\t<div class=\"elementor-widget-container\">\n\t\t\t\t\t<div class=\"ekit-wid-con\" ><div class=\"ekit-heading elementskit-section-title-wraper center   ekit_heading_tablet-   ekit_heading_mobile-\"><h2 class=\"ekit-heading--title elementskit-section-title text_fill\"><span><span>Ciudadan\u00eda<\/span><\/span><\/h2><\/div><\/div>\t\t\t\t<\/div>\n\t\t\t\t<\/div>\n\t\t\t\t<div class=\"elementor-element elementor-element-494304d elementor-align-center elementor-widget elementor-widget-button\" data-id=\"494304d\" data-element_type=\"widget\" data-e-type=\"widget\" data-widget_type=\"button.default\">\n\t\t\t\t<div class=\"elementor-widget-container\">\n\t\t\t\t\t\t\t\t\t<div class=\"elementor-button-wrapper\">\n\t\t\t\t\t<a class=\"elementor-button elementor-button-link elementor-size-sm\" href=\"https:\/\/loigica.com\/immigration\/citizenship\/\">\n\t\t\t\t\t\t<span class=\"elementor-button-content-wrapper\">\n\t\t\t\t\t\t<span class=\"elementor-button-icon\">\n\t\t\t\t<i aria-hidden=\"true\" class=\"fas fa-globe\"><\/i>\t\t\t<\/span>\n\t\t\t\t\t\t\t\t\t<span class=\"elementor-button-text\">Ingles<\/span>\n\t\t\t\t\t<\/span>\n\t\t\t\t\t<\/a>\n\t\t\t\t<\/div>\n\t\t\t\t\t\t\t\t<\/div>\n\t\t\t\t<\/div>\n\t\t\t\t\t<\/div>\n\t\t\t\t<\/div>\n\t\t<div class=\"elementor-element elementor-element-b71e214 e-flex e-con-boxed e-con e-parent\" data-id=\"b71e214\" data-element_type=\"container\" data-e-type=\"container\">\n\t\t\t\t\t<div class=\"e-con-inner\">\n\t\t<div class=\"elementor-element elementor-element-b4c4e11 e-con-full e-grid e-con e-child\" data-id=\"b4c4e11\" data-element_type=\"container\" data-e-type=\"container\">\n\t\t<div class=\"elementor-element elementor-element-b412c76 e-con-full e-flex e-con e-child\" data-id=\"b412c76\" data-element_type=\"container\" data-e-type=\"container\" data-settings=\"{&quot;background_background&quot;:&quot;classic&quot;}\">\n\t\t\t\t<div class=\"elementor-element elementor-element-be859d5 elementor-widget elementor-widget-elementskit-lottie\" data-id=\"be859d5\" data-element_type=\"widget\" data-e-type=\"widget\" data-widget_type=\"elementskit-lottie.default\">\n\t\t\t\t<div class=\"elementor-widget-container\">\n\t\t\t\t\t<div class=\"ekit-wid-con\" ><div id=\"ekit_lottie_be859d5\" class=\"ekit_lottie\" data-autoplay=\"true\" data-on-scroll=\"\" data-speed=\"1\" data-direction=\"\" data-action=\"\" data-renderer=\"svg\" data-path=\"https:\/\/loigica.com\/es\/wp-content\/uploads\/Talent-Search.json\" data-loop=\"true\">&nbsp;<\/div><\/div>\t\t\t\t<\/div>\n\t\t\t\t<\/div>\n\t\t\t\t<div class=\"elementor-element elementor-element-7d4d4be elementor-widget elementor-widget-elementskit-heading\" data-id=\"7d4d4be\" data-element_type=\"widget\" data-e-type=\"widget\" data-widget_type=\"elementskit-heading.default\">\n\t\t\t\t<div class=\"elementor-widget-container\">\n\t\t\t\t\t<div class=\"ekit-wid-con\" ><div class=\"ekit-heading elementskit-section-title-wraper text_center   ekit_heading_tablet-   ekit_heading_mobile-\"><a href=\"https:\/\/loigica.com\/es\/inmigracion\/ciudadania\/ciudadania-estadounidense\/\"><h3 class=\"ekit-heading--title elementskit-section-title \">Obt\u00e9n la ciudadan\u00eda estadounidense<\/h3><\/a><div class=\"ekit_heading_separetor_wraper ekit_heading_elementskit-border-divider elementskit-style-long\"><div class=\"elementskit-border-divider elementskit-style-long\"><\/div><\/div><\/div><\/div>\t\t\t\t<\/div>\n\t\t\t\t<\/div>\n\t\t\t\t<\/div>\n\t\t<div class=\"elementor-element elementor-element-34f50ae e-con-full e-flex e-con e-child\" data-id=\"34f50ae\" data-element_type=\"container\" data-e-type=\"container\" data-settings=\"{&quot;background_background&quot;:&quot;classic&quot;}\">\n\t\t\t\t<div class=\"elementor-element elementor-element-ce88762 elementor-widget elementor-widget-elementskit-lottie\" data-id=\"ce88762\" data-element_type=\"widget\" data-e-type=\"widget\" data-widget_type=\"elementskit-lottie.default\">\n\t\t\t\t<div class=\"elementor-widget-container\">\n\t\t\t\t\t<div class=\"ekit-wid-con\" ><div id=\"ekit_lottie_ce88762\" class=\"ekit_lottie\" data-autoplay=\"true\" data-on-scroll=\"\" data-speed=\"1\" data-direction=\"\" data-action=\"\" data-renderer=\"svg\" data-path=\"https:\/\/loigica.com\/es\/wp-content\/uploads\/view-all.json\" data-loop=\"true\">&nbsp;<\/div><\/div>\t\t\t\t<\/div>\n\t\t\t\t<\/div>\n\t\t\t\t<div class=\"elementor-element elementor-element-42c4c6d elementor-widget elementor-widget-elementskit-heading\" data-id=\"42c4c6d\" data-element_type=\"widget\" data-e-type=\"widget\" data-widget_type=\"elementskit-heading.default\">\n\t\t\t\t<div class=\"elementor-widget-container\">\n\t\t\t\t\t<div class=\"ekit-wid-con\" ><div class=\"ekit-heading elementskit-section-title-wraper text_center   ekit_heading_tablet-   ekit_heading_mobile-\"><a href=\"https:\/\/loigica.com\/es\/inmigracion\"><h3 class=\"ekit-heading--title elementskit-section-title  ekit-heading__title-has-border start\">Ver todas las categorias<\/h3><\/a><\/div><\/div>\t\t\t\t<\/div>\n\t\t\t\t<\/div>\n\t\t\t\t<\/div>\n\t\t\t\t<\/div>\n\t\t\t\t\t<\/div>\n\t\t\t\t<\/div>\n\t\t<div class=\"elementor-element elementor-element-b63bf8c e-flex e-con-boxed e-con e-parent\" data-id=\"b63bf8c\" data-element_type=\"container\" data-e-type=\"container\" data-settings=\"{&quot;background_background&quot;:&quot;gradient&quot;}\">\n\t\t\t\t\t<div class=\"e-con-inner\">\n\t\t<div class=\"elementor-element elementor-element-58a0127 e-con-full e-flex e-con e-child\" data-id=\"58a0127\" data-element_type=\"container\" data-e-type=\"container\">\n\t\t\t\t<div class=\"elementor-element elementor-element-1ea1190 elementor-widget elementor-widget-elementskit-heading\" data-id=\"1ea1190\" data-element_type=\"widget\" data-e-type=\"widget\" data-widget_type=\"elementskit-heading.default\">\n\t\t\t\t<div class=\"elementor-widget-container\">\n\t\t\t\t\t<div class=\"ekit-wid-con\" ><div class=\"ekit-heading elementskit-section-title-wraper text_left   ekit_heading_tablet-   ekit_heading_mobile-center\"><h2 class=\"ekit-heading--title elementskit-section-title \">\u00bfNo est\u00e1s seguro de qu\u00e9 visa necesitas?<\/h2>\t\t\t\t<div class='ekit-heading__description'>\n\t\t\t\t\t<p class=\"p1\">Agenda una consulta con nuestros expertos para evaluar tu perfil y determinar la mejor estrategia migratoria.<\/p>\n\t\t\t\t<\/div>\n\t\t\t<\/div><\/div>\t\t\t\t<\/div>\n\t\t\t\t<\/div>\n\t\t\t\t<div class=\"elementor-element elementor-element-d2d7f86 elementor-align-left elementor-align--mobilecenter elementor-widget elementor-widget-elementskit-button\" data-id=\"d2d7f86\" data-element_type=\"widget\" data-e-type=\"widget\" data-widget_type=\"elementskit-button.default\">\n\t\t\t\t<div class=\"elementor-widget-container\">\n\t\t\t\t\t<div class=\"ekit-wid-con\" >\t\t<div class=\"ekit-btn-wraper\">\n\t\t\t\t\t\t\t<a href=\"https:\/\/loigica.com\/es\/contactar\/\" class=\"elementskit-btn  whitespace--normal\" id=\"\">\n\t\t\t\t\tContactanos\t\t\t\t<\/a>\n\t\t\t\t\t<\/div>\n        <\/div>\t\t\t\t<\/div>\n\t\t\t\t<\/div>\n\t\t\t\t<\/div>\n\t\t<div class=\"elementor-element elementor-element-7d4b809 e-con-full e-flex e-con e-child\" data-id=\"7d4b809\" data-element_type=\"container\" data-e-type=\"container\">\n\t\t\t\t<div class=\"elementor-element elementor-element-6f27ba6 elementor-widget elementor-widget-image\" data-id=\"6f27ba6\" data-element_type=\"widget\" data-e-type=\"widget\" data-widget_type=\"image.default\">\n\t\t\t\t<div class=\"elementor-widget-container\">\n\t\t\t\t\t\t\t\t\t\t\t\t\t\t\t<img fetchpriority=\"high\" decoding=\"async\" width=\"380\" height=\"322\" src=\"https:\/\/loigica.com\/es\/wp-content\/uploads\/cropped-Loigica-Silver-2.png\" class=\"attachment-large size-large wp-image-21653\" alt=\"visas de talento\" srcset=\"https:\/\/loigica.com\/es\/wp-content\/uploads\/cropped-Loigica-Silver-2.png 380w, https:\/\/loigica.com\/es\/wp-content\/uploads\/cropped-Loigica-Silver-2-300x254.png 300w\" sizes=\"(max-width: 380px) 100vw, 380px\" \/>\t\t\t\t\t\t\t\t\t\t\t\t\t\t\t<\/div>\n\t\t\t\t<\/div>\n\t\t\t\t<\/div>\n\t\t\t\t\t<\/div>\n\t\t\t\t<\/div>\n\t\t\t\t<\/div>\n\t\t","protected":false},"excerpt":{"rendered":"<p>Ciudadan\u00eda Ingles &nbsp; Obt\u00e9n la ciudadan\u00eda estadounidense &nbsp; Ver todas las categorias \u00bfNo est\u00e1s seguro de qu\u00e9 visa necesitas? Agenda una consulta con nuestros expertos para evaluar tu perfil y determinar la mejor estrategia migratoria. Contactanos<\/p>\n","protected":false},"author":18,"featured_media":0,"parent":21687,"menu_order":0,"comment_status":"closed","ping_status":"closed","template":"","meta":{"content-type":"","footnotes":""},"class_list":["post-21839","page","type-page","status-publish","hentry"],"yoast_head":"<!-- This site is optimized with the Yoast SEO plugin v27.3 - https:\/\/yoast.com\/product\/yoast-seo-wordpress\/ -->\n<title>Ciudadan\u00eda | Loigica<\/title>\n<meta name=\"description\" content=\"Proceso de naturalizaci\u00f3n para obtener la ciudadan\u00eda estadounidense. Requisitos, etapas y acompa\u00f1amiento legal especializado.\" \/>\n<meta name=\"robots\" content=\"index, follow, max-snippet:-1, max-image-preview:large, max-video-preview:-1\" \/>\n<link rel=\"canonical\" href=\"https:\/\/loigica.com\/es\/inmigracion\/ciudadania\/\" \/>\n<meta property=\"og:locale\" content=\"es_ES\" \/>\n<meta property=\"og:type\" content=\"article\" \/>\n<meta property=\"og:title\" content=\"Ciudadan\u00eda | Loigica\" \/>\n<meta property=\"og:description\" content=\"Proceso de naturalizaci\u00f3n para obtener la ciudadan\u00eda estadounidense. Requisitos, etapas y acompa\u00f1amiento legal especializado.\" \/>\n<meta property=\"og:url\" content=\"https:\/\/loigica.com\/es\/inmigracion\/ciudadania\/\" \/>\n<meta property=\"og:site_name\" content=\"Loigica\" \/>\n<meta property=\"article:publisher\" content=\"https:\/\/www.facebook.com\/loigica\/\" \/>\n<meta property=\"article:modified_time\" content=\"2026-02-11T13:37:49+00:00\" \/>\n<meta property=\"og:image\" content=\"https:\/\/loigica.com\/es\/wp-content\/uploads\/cropped-Loigica-Silver-2.png\" \/>\n\t<meta property=\"og:image:width\" content=\"380\" \/>\n\t<meta property=\"og:image:height\" content=\"322\" \/>\n\t<meta property=\"og:image:type\" content=\"image\/png\" \/>\n<meta name=\"twitter:card\" content=\"summary_large_image\" \/>\n<meta name=\"twitter:site\" content=\"@Loigica\" \/>\n<meta name=\"twitter:label1\" content=\"Tiempo de lectura\" \/>\n\t<meta name=\"twitter:data1\" content=\"1 minuto\" \/>\n<script type=\"application\/ld+json\" class=\"yoast-schema-graph\">{\"@context\":\"https:\\\/\\\/schema.org\",\"@graph\":[{\"@type\":\"WebPage\",\"@id\":\"https:\\\/\\\/loigica.com\\\/es\\\/inmigracion\\\/ciudadania\\\/\",\"url\":\"https:\\\/\\\/loigica.com\\\/es\\\/inmigracion\\\/ciudadania\\\/\",\"name\":\"Ciudadan\u00eda | Loigica\",\"isPartOf\":{\"@id\":\"https:\\\/\\\/loigica.com\\\/es\\\/#website\"},\"primaryImageOfPage\":{\"@id\":\"https:\\\/\\\/loigica.com\\\/es\\\/inmigracion\\\/ciudadania\\\/#primaryimage\"},\"image\":{\"@id\":\"https:\\\/\\\/loigica.com\\\/es\\\/inmigracion\\\/ciudadania\\\/#primaryimage\"},\"thumbnailUrl\":\"https:\\\/\\\/loigica.com\\\/es\\\/wp-content\\\/uploads\\\/cropped-Loigica-Silver-2.png\",\"datePublished\":\"2026-02-05T16:15:49+00:00\",\"dateModified\":\"2026-02-11T13:37:49+00:00\",\"description\":\"Proceso de naturalizaci\u00f3n para obtener la ciudadan\u00eda estadounidense. Requisitos, etapas y acompa\u00f1amiento legal especializado.\",\"breadcrumb\":{\"@id\":\"https:\\\/\\\/loigica.com\\\/es\\\/inmigracion\\\/ciudadania\\\/#breadcrumb\"},\"inLanguage\":\"es\",\"potentialAction\":[{\"@type\":\"ReadAction\",\"target\":[\"https:\\\/\\\/loigica.com\\\/es\\\/inmigracion\\\/ciudadania\\\/\"]}]},{\"@type\":\"ImageObject\",\"inLanguage\":\"es\",\"@id\":\"https:\\\/\\\/loigica.com\\\/es\\\/inmigracion\\\/ciudadania\\\/#primaryimage\",\"url\":\"https:\\\/\\\/loigica.com\\\/es\\\/wp-content\\\/uploads\\\/cropped-Loigica-Silver-2.png\",\"contentUrl\":\"https:\\\/\\\/loigica.com\\\/es\\\/wp-content\\\/uploads\\\/cropped-Loigica-Silver-2.png\",\"width\":380,\"height\":322,\"caption\":\"visas de talento\"},{\"@type\":\"BreadcrumbList\",\"@id\":\"https:\\\/\\\/loigica.com\\\/es\\\/inmigracion\\\/ciudadania\\\/#breadcrumb\",\"itemListElement\":[{\"@type\":\"ListItem\",\"position\":1,\"name\":\"Inmigraci\u00f3n\",\"item\":\"https:\\\/\\\/loigica.com\\\/es\\\/inmigracion\\\/\"},{\"@type\":\"ListItem\",\"position\":2,\"name\":\"Ciudadan\u00eda\"}]},{\"@type\":\"WebSite\",\"@id\":\"https:\\\/\\\/loigica.com\\\/es\\\/#website\",\"url\":\"https:\\\/\\\/loigica.com\\\/es\\\/\",\"name\":\"Loigica\",\"description\":\"Abogados de Negocios e Inmigraci\u00f3n | USA - LATAM\",\"publisher\":{\"@id\":\"https:\\\/\\\/loigica.com\\\/es\\\/#organization\"},\"potentialAction\":[{\"@type\":\"SearchAction\",\"target\":{\"@type\":\"EntryPoint\",\"urlTemplate\":\"https:\\\/\\\/loigica.com\\\/es\\\/?s={search_term_string}\"},\"query-input\":{\"@type\":\"PropertyValueSpecification\",\"valueRequired\":true,\"valueName\":\"search_term_string\"}}],\"inLanguage\":\"es\"},{\"@type\":\"Organization\",\"@id\":\"https:\\\/\\\/loigica.com\\\/es\\\/#organization\",\"name\":\"Loigica\",\"alternateName\":\"Loigica Immigration Attorneys\",\"url\":\"https:\\\/\\\/loigica.com\\\/es\\\/\",\"logo\":{\"@type\":\"ImageObject\",\"inLanguage\":\"es\",\"@id\":\"https:\\\/\\\/loigica.com\\\/es\\\/#\\\/schema\\\/logo\\\/image\\\/\",\"url\":\"https:\\\/\\\/loigica.com\\\/es\\\/wp-content\\\/uploads\\\/cropped-Loigica-Silver.png\",\"contentUrl\":\"https:\\\/\\\/loigica.com\\\/es\\\/wp-content\\\/uploads\\\/cropped-Loigica-Silver.png\",\"width\":369,\"height\":317,\"caption\":\"Loigica\"},\"image\":{\"@id\":\"https:\\\/\\\/loigica.com\\\/es\\\/#\\\/schema\\\/logo\\\/image\\\/\"},\"sameAs\":[\"https:\\\/\\\/www.facebook.com\\\/loigica\\\/\",\"https:\\\/\\\/x.com\\\/Loigica\",\"https:\\\/\\\/www.instagram.com\\\/loigica\\\/\",\"https:\\\/\\\/www.youtube.com\\\/@Loigica\\\/\"]}]}<\/script>\n<!-- \/ Yoast SEO plugin. -->","yoast_head_json":{"title":"Ciudadan\u00eda | Loigica","description":"Proceso de naturalizaci\u00f3n para obtener la ciudadan\u00eda estadounidense. Requisitos, etapas y acompa\u00f1amiento legal especializado.","robots":{"index":"index","follow":"follow","max-snippet":"max-snippet:-1","max-image-preview":"max-image-preview:large","max-video-preview":"max-video-preview:-1"},"canonical":"https:\/\/loigica.com\/es\/inmigracion\/ciudadania\/","og_locale":"es_ES","og_type":"article","og_title":"Ciudadan\u00eda | Loigica","og_description":"Proceso de naturalizaci\u00f3n para obtener la ciudadan\u00eda estadounidense. Requisitos, etapas y acompa\u00f1amiento legal especializado.","og_url":"https:\/\/loigica.com\/es\/inmigracion\/ciudadania\/","og_site_name":"Loigica","article_publisher":"https:\/\/www.facebook.com\/loigica\/","article_modified_time":"2026-02-11T13:37:49+00:00","og_image":[{"width":380,"height":322,"url":"https:\/\/loigica.com\/es\/wp-content\/uploads\/cropped-Loigica-Silver-2.png","type":"image\/png"}],"twitter_card":"summary_large_image","twitter_site":"@Loigica","twitter_misc":{"Tiempo de lectura":"1 minuto"},"schema":{"@context":"https:\/\/schema.org","@graph":[{"@type":"WebPage","@id":"https:\/\/loigica.com\/es\/inmigracion\/ciudadania\/","url":"https:\/\/loigica.com\/es\/inmigracion\/ciudadania\/","name":"Ciudadan\u00eda | Loigica","isPartOf":{"@id":"https:\/\/loigica.com\/es\/#website"},"primaryImageOfPage":{"@id":"https:\/\/loigica.com\/es\/inmigracion\/ciudadania\/#primaryimage"},"image":{"@id":"https:\/\/loigica.com\/es\/inmigracion\/ciudadania\/#primaryimage"},"thumbnailUrl":"https:\/\/loigica.com\/es\/wp-content\/uploads\/cropped-Loigica-Silver-2.png","datePublished":"2026-02-05T16:15:49+00:00","dateModified":"2026-02-11T13:37:49+00:00","description":"Proceso de naturalizaci\u00f3n para obtener la ciudadan\u00eda estadounidense. Requisitos, etapas y acompa\u00f1amiento legal especializado.","breadcrumb":{"@id":"https:\/\/loigica.com\/es\/inmigracion\/ciudadania\/#breadcrumb"},"inLanguage":"es","potentialAction":[{"@type":"ReadAction","target":["https:\/\/loigica.com\/es\/inmigracion\/ciudadania\/"]}]},{"@type":"ImageObject","inLanguage":"es","@id":"https:\/\/loigica.com\/es\/inmigracion\/ciudadania\/#primaryimage","url":"https:\/\/loigica.com\/es\/wp-content\/uploads\/cropped-Loigica-Silver-2.png","contentUrl":"https:\/\/loigica.com\/es\/wp-content\/uploads\/cropped-Loigica-Silver-2.png","width":380,"height":322,"caption":"visas de talento"},{"@type":"BreadcrumbList","@id":"https:\/\/loigica.com\/es\/inmigracion\/ciudadania\/#breadcrumb","itemListElement":[{"@type":"ListItem","position":1,"name":"Inmigraci\u00f3n","item":"https:\/\/loigica.com\/es\/inmigracion\/"},{"@type":"ListItem","position":2,"name":"Ciudadan\u00eda"}]},{"@type":"WebSite","@id":"https:\/\/loigica.com\/es\/#website","url":"https:\/\/loigica.com\/es\/","name":"Loigica","description":"Abogados de Negocios e Inmigraci\u00f3n | USA - LATAM","publisher":{"@id":"https:\/\/loigica.com\/es\/#organization"},"potentialAction":[{"@type":"SearchAction","target":{"@type":"EntryPoint","urlTemplate":"https:\/\/loigica.com\/es\/?s={search_term_string}"},"query-input":{"@type":"PropertyValueSpecification","valueRequired":true,"valueName":"search_term_string"}}],"inLanguage":"es"},{"@type":"Organization","@id":"https:\/\/loigica.com\/es\/#organization","name":"Loigica","alternateName":"Loigica Immigration Attorneys","url":"https:\/\/loigica.com\/es\/","logo":{"@type":"ImageObject","inLanguage":"es","@id":"https:\/\/loigica.com\/es\/#\/schema\/logo\/image\/","url":"https:\/\/loigica.com\/es\/wp-content\/uploads\/cropped-Loigica-Silver.png","contentUrl":"https:\/\/loigica.com\/es\/wp-content\/uploads\/cropped-Loigica-Silver.png","width":369,"height":317,"caption":"Loigica"},"image":{"@id":"https:\/\/loigica.com\/es\/#\/schema\/logo\/image\/"},"sameAs":["https:\/\/www.facebook.com\/loigica\/","https:\/\/x.com\/Loigica","https:\/\/www.instagram.com\/loigica\/","https:\/\/www.youtube.com\/@Loigica\/"]}]}},"_links":{"self":[{"href":"https:\/\/loigica.com\/es\/wp-json\/wp\/v2\/pages\/21839","targetHints":{"allow":["GET"]}}],"collection":[{"href":"https:\/\/loigica.com\/es\/wp-json\/wp\/v2\/pages"}],"about":[{"href":"https:\/\/loigica.com\/es\/wp-json\/wp\/v2\/types\/page"}],"author":[{"embeddable":true,"href":"https:\/\/loigica.com\/es\/wp-json\/wp\/v2\/users\/18"}],"replies":[{"embeddable":true,"href":"https:\/\/loigica.com\/es\/wp-json\/wp\/v2\/comments?post=21839"}],"version-history":[{"count":17,"href":"https:\/\/loigica.com\/es\/wp-json\/wp\/v2\/pages\/21839\/revisions"}],"predecessor-version":[{"id":22309,"href":"https:\/\/loigica.com\/es\/wp-json\/wp\/v2\/pages\/21839\/revisions\/22309"}],"up":[{"embeddable":true,"href":"https:\/\/loigica.com\/es\/wp-json\/wp\/v2\/pages\/21687"}],"wp:attachment":[{"href":"https:\/\/loigica.com\/es\/wp-json\/wp\/v2\/media?parent=21839"}],"curies":[{"name":"wp","href":"https:\/\/api.w.org\/{rel}","templated":true}]}}