{"id":21880,"date":"2026-02-05T11:34:07","date_gmt":"2026-02-05T16:34:07","guid":{"rendered":"https:\/\/loigica.com\/es\/?page_id=21880"},"modified":"2026-02-10T11:40:44","modified_gmt":"2026-02-10T16:40:44","slug":"estructura-corporativa","status":"publish","type":"page","link":"https:\/\/loigica.com\/es\/legal-corporativo\/estructura-corporativa\/","title":{"rendered":"Estructura corporativa | Creaci\u00f3n y optimizaci\u00f3n de empresas"},"content":{"rendered":"\t\t<div data-elementor-type=\"wp-page\" data-elementor-id=\"21880\" class=\"elementor elementor-21880\" data-elementor-post-type=\"page\">\n\t\t\t\t<div class=\"elementor-element elementor-element-8cd9ea2 e-flex e-con-boxed e-con e-parent\" data-id=\"8cd9ea2\" data-element_type=\"container\" data-e-type=\"container\" data-settings=\"{&quot;background_background&quot;:&quot;classic&quot;}\">\n\t\t\t\t\t<div class=\"e-con-inner\">\n\t\t\t\t<div class=\"elementor-element elementor-element-7ea96a0 elementor-widget elementor-widget-elementskit-heading\" data-id=\"7ea96a0\" data-element_type=\"widget\" data-e-type=\"widget\" data-widget_type=\"elementskit-heading.default\">\n\t\t\t\t<div class=\"elementor-widget-container\">\n\t\t\t\t\t<div class=\"ekit-wid-con\" ><div class=\"ekit-heading elementskit-section-title-wraper center   ekit_heading_tablet-   ekit_heading_mobile-\"><h2 class=\"ekit-heading--title elementskit-section-title text_fill\"><span><span>Estructura Corporativa<\/span><\/span><\/h2>\t\t\t\t<div class='ekit-heading__description'>\n\t\t\t\t\t<p>Servicios de estructura corporativa para empresas en Estados Unidos. Creaci\u00f3n, revisi\u00f3n y optimizaci\u00f3n legal de compa\u00f1\u00edas.<\/p>\n\t\t\t\t<\/div>\n\t\t\t<\/div><\/div>\t\t\t\t<\/div>\n\t\t\t\t<\/div>\n\t\t\t\t<div class=\"elementor-element elementor-element-7d1a278 elementor-align-center elementor-widget elementor-widget-button\" data-id=\"7d1a278\" data-element_type=\"widget\" data-e-type=\"widget\" data-widget_type=\"button.default\">\n\t\t\t\t<div class=\"elementor-widget-container\">\n\t\t\t\t\t\t\t\t\t<div class=\"elementor-button-wrapper\">\n\t\t\t\t\t<a class=\"elementor-button elementor-button-link elementor-size-sm\" href=\"https:\/\/loigica.com\/legal-corporate\/corporate-structure\/\">\n\t\t\t\t\t\t<span class=\"elementor-button-content-wrapper\">\n\t\t\t\t\t\t<span class=\"elementor-button-icon\">\n\t\t\t\t<i aria-hidden=\"true\" class=\"fas fa-globe\"><\/i>\t\t\t<\/span>\n\t\t\t\t\t\t\t\t\t<span class=\"elementor-button-text\">Ingles<\/span>\n\t\t\t\t\t<\/span>\n\t\t\t\t\t<\/a>\n\t\t\t\t<\/div>\n\t\t\t\t\t\t\t\t<\/div>\n\t\t\t\t<\/div>\n\t\t\t\t\t<\/div>\n\t\t\t\t<\/div>\n\t\t<div class=\"elementor-element elementor-element-13eae4f e-flex e-con-boxed e-con e-parent\" data-id=\"13eae4f\" data-element_type=\"container\" data-e-type=\"container\">\n\t\t\t\t\t<div class=\"e-con-inner\">\n\t\t<div class=\"elementor-element elementor-element-d1f10a9 e-con-full e-grid e-con e-child\" data-id=\"d1f10a9\" data-element_type=\"container\" data-e-type=\"container\">\n\t\t<div class=\"elementor-element elementor-element-ad28346 e-con-full e-flex e-con e-child\" data-id=\"ad28346\" data-element_type=\"container\" data-e-type=\"container\" data-settings=\"{&quot;background_background&quot;:&quot;classic&quot;}\">\n\t\t\t\t<div class=\"elementor-element elementor-element-b22cb9a elementor-widget elementor-widget-elementskit-lottie\" data-id=\"b22cb9a\" data-element_type=\"widget\" data-e-type=\"widget\" data-widget_type=\"elementskit-lottie.default\">\n\t\t\t\t<div class=\"elementor-widget-container\">\n\t\t\t\t\t<div class=\"ekit-wid-con\" ><div id=\"ekit_lottie_b22cb9a\" class=\"ekit_lottie\" data-autoplay=\"true\" data-on-scroll=\"\" data-speed=\"1\" data-direction=\"\" data-action=\"\" data-renderer=\"svg\" data-path=\"https:\/\/loigica.com\/es\/wp-content\/uploads\/Talent-Search.json\" data-loop=\"true\">&nbsp;<\/div><\/div>\t\t\t\t<\/div>\n\t\t\t\t<\/div>\n\t\t\t\t<div class=\"elementor-element elementor-element-756c76e elementor-widget elementor-widget-elementskit-heading\" data-id=\"756c76e\" data-element_type=\"widget\" data-e-type=\"widget\" data-widget_type=\"elementskit-heading.default\">\n\t\t\t\t<div class=\"elementor-widget-container\">\n\t\t\t\t\t<div class=\"ekit-wid-con\" ><div class=\"ekit-heading elementskit-section-title-wraper text_center   ekit_heading_tablet-   ekit_heading_mobile-\"><a href=\"https:\/\/loigica.com\/es\/legal-corporativo\/estructura-corporativa\/revision-estructura-corporativa\/\"><h3 class=\"ekit-heading--title elementskit-section-title \">Revisi\u00f3n de Estructura Corporativa<\/h3><\/a><div class=\"ekit_heading_separetor_wraper ekit_heading_elementskit-border-divider elementskit-style-long\"><div class=\"elementskit-border-divider elementskit-style-long\"><\/div><\/div><\/div><\/div>\t\t\t\t<\/div>\n\t\t\t\t<\/div>\n\t\t\t\t<\/div>\n\t\t<div class=\"elementor-element elementor-element-ec74620 e-con-full e-flex e-con e-child\" data-id=\"ec74620\" data-element_type=\"container\" data-e-type=\"container\" data-settings=\"{&quot;background_background&quot;:&quot;classic&quot;}\">\n\t\t\t\t<div class=\"elementor-element elementor-element-9ee0964 elementor-widget elementor-widget-elementskit-lottie\" data-id=\"9ee0964\" data-element_type=\"widget\" data-e-type=\"widget\" data-widget_type=\"elementskit-lottie.default\">\n\t\t\t\t<div class=\"elementor-widget-container\">\n\t\t\t\t\t<div class=\"ekit-wid-con\" ><div id=\"ekit_lottie_9ee0964\" class=\"ekit_lottie\" data-autoplay=\"true\" data-on-scroll=\"\" data-speed=\"1\" data-direction=\"\" data-action=\"\" data-renderer=\"svg\" data-path=\"https:\/\/loigica.com\/es\/wp-content\/uploads\/Talent-Search.json\" data-loop=\"true\">&nbsp;<\/div><\/div>\t\t\t\t<\/div>\n\t\t\t\t<\/div>\n\t\t\t\t<div class=\"elementor-element elementor-element-cae6d5d elementor-widget elementor-widget-elementskit-heading\" data-id=\"cae6d5d\" data-element_type=\"widget\" data-e-type=\"widget\" data-widget_type=\"elementskit-heading.default\">\n\t\t\t\t<div class=\"elementor-widget-container\">\n\t\t\t\t\t<div class=\"ekit-wid-con\" ><div class=\"ekit-heading elementskit-section-title-wraper text_center   ekit_heading_tablet-   ekit_heading_mobile-\"><a href=\"https:\/\/loigica.com\/es\/legal-corporativo\/estructura-corporativa\/companias-offshore\/\"><h3 class=\"ekit-heading--title elementskit-section-title \">Creaci\u00f3n de Compa\u00f1\u00edas Offshore<\/h3><\/a><div class=\"ekit_heading_separetor_wraper ekit_heading_elementskit-border-divider elementskit-style-long\"><div class=\"elementskit-border-divider elementskit-style-long\"><\/div><\/div><\/div><\/div>\t\t\t\t<\/div>\n\t\t\t\t<\/div>\n\t\t\t\t<\/div>\n\t\t<div class=\"elementor-element elementor-element-af0c11d e-con-full e-flex e-con e-child\" data-id=\"af0c11d\" data-element_type=\"container\" data-e-type=\"container\" data-settings=\"{&quot;background_background&quot;:&quot;classic&quot;}\">\n\t\t\t\t<div class=\"elementor-element elementor-element-881f7e6 elementor-widget elementor-widget-elementskit-lottie\" data-id=\"881f7e6\" data-element_type=\"widget\" data-e-type=\"widget\" data-widget_type=\"elementskit-lottie.default\">\n\t\t\t\t<div class=\"elementor-widget-container\">\n\t\t\t\t\t<div class=\"ekit-wid-con\" ><div id=\"ekit_lottie_881f7e6\" class=\"ekit_lottie\" data-autoplay=\"true\" data-on-scroll=\"\" data-speed=\"1\" data-direction=\"\" data-action=\"\" data-renderer=\"svg\" data-path=\"https:\/\/loigica.com\/es\/wp-content\/uploads\/Talent-Search.json\" data-loop=\"true\">&nbsp;<\/div><\/div>\t\t\t\t<\/div>\n\t\t\t\t<\/div>\n\t\t\t\t<div class=\"elementor-element elementor-element-6e7606d elementor-widget elementor-widget-elementskit-heading\" data-id=\"6e7606d\" data-element_type=\"widget\" data-e-type=\"widget\" data-widget_type=\"elementskit-heading.default\">\n\t\t\t\t<div class=\"elementor-widget-container\">\n\t\t\t\t\t<div class=\"ekit-wid-con\" ><div class=\"ekit-heading elementskit-section-title-wraper text_center   ekit_heading_tablet-   ekit_heading_mobile-\"><a href=\"https:\/\/loigica.com\/es\/legal-corporativo\/estructura-corporativa\/creacion-de-llc\/\"><h3 class=\"ekit-heading--title elementskit-section-title \">Creaci\u00f3n de LLC<\/h3><\/a><div class=\"ekit_heading_separetor_wraper ekit_heading_elementskit-border-divider elementskit-style-long\"><div class=\"elementskit-border-divider elementskit-style-long\"><\/div><\/div><\/div><\/div>\t\t\t\t<\/div>\n\t\t\t\t<\/div>\n\t\t\t\t<\/div>\n\t\t\t\t<\/div>\n\t\t<div class=\"elementor-element elementor-element-fef5472 e-con-full e-flex e-con e-child\" data-id=\"fef5472\" data-element_type=\"container\" data-e-type=\"container\">\n\t\t\t\t<div class=\"elementor-element elementor-element-a182531 elementor-align-center elementor-widget elementor-widget-elementskit-button\" data-id=\"a182531\" data-element_type=\"widget\" data-e-type=\"widget\" data-widget_type=\"elementskit-button.default\">\n\t\t\t\t<div class=\"elementor-widget-container\">\n\t\t\t\t\t<div class=\"ekit-wid-con\" >\t\t<div class=\"ekit-btn-wraper\">\n\t\t\t\t\t\t\t<a href=\"https:\/\/loigica.com\/es\/legal-y-corporativo\/\" class=\"elementskit-btn  whitespace--normal\" id=\"\">\n\t\t\t\t\tVert todas las categorias\t\t\t\t<\/a>\n\t\t\t\t\t<\/div>\n        <\/div>\t\t\t\t<\/div>\n\t\t\t\t<\/div>\n\t\t\t\t<\/div>\n\t\t\t\t\t<\/div>\n\t\t\t\t<\/div>\n\t\t<div class=\"elementor-element elementor-element-2133a7e e-flex e-con-boxed e-con e-parent\" data-id=\"2133a7e\" data-element_type=\"container\" data-e-type=\"container\" data-settings=\"{&quot;background_background&quot;:&quot;gradient&quot;}\">\n\t\t\t\t\t<div class=\"e-con-inner\">\n\t\t<div class=\"elementor-element elementor-element-7440862 e-con-full e-flex e-con e-child\" data-id=\"7440862\" data-element_type=\"container\" data-e-type=\"container\">\n\t\t\t\t<div class=\"elementor-element elementor-element-fd449ec elementor-widget elementor-widget-elementskit-heading\" data-id=\"fd449ec\" data-element_type=\"widget\" data-e-type=\"widget\" data-widget_type=\"elementskit-heading.default\">\n\t\t\t\t<div class=\"elementor-widget-container\">\n\t\t\t\t\t<div class=\"ekit-wid-con\" ><div class=\"ekit-heading elementskit-section-title-wraper text_left   ekit_heading_tablet-   ekit_heading_mobile-center\"><h2 class=\"ekit-heading--title elementskit-section-title \">\u00bfNo est\u00e1s seguro de cu\u00e1l es el camino legal adecuado para ti?<\/h2>\t\t\t\t<div class='ekit-heading__description'>\n\t\t\t\t\t<p class=\"p1\">Habla con nuestro equipo legal para evaluar tus objetivos y recibir una recomendaci\u00f3n clara y estrat\u00e9gica, adaptada a tu situaci\u00f3n.<\/p>\n\t\t\t\t<\/div>\n\t\t\t<\/div><\/div>\t\t\t\t<\/div>\n\t\t\t\t<\/div>\n\t\t\t\t<div class=\"elementor-element elementor-element-c53d2d7 elementor-align-left elementor-align--mobilecenter elementor-widget elementor-widget-elementskit-button\" data-id=\"c53d2d7\" data-element_type=\"widget\" data-e-type=\"widget\" data-widget_type=\"elementskit-button.default\">\n\t\t\t\t<div class=\"elementor-widget-container\">\n\t\t\t\t\t<div class=\"ekit-wid-con\" >\t\t<div class=\"ekit-btn-wraper\">\n\t\t\t\t\t\t\t<a href=\"https:\/\/loigica.com\/es\/contactar\/\" class=\"elementskit-btn  whitespace--normal\" id=\"\">\n\t\t\t\t\tContactanos\t\t\t\t<\/a>\n\t\t\t\t\t<\/div>\n        <\/div>\t\t\t\t<\/div>\n\t\t\t\t<\/div>\n\t\t\t\t<\/div>\n\t\t<div class=\"elementor-element elementor-element-3c4cdce e-con-full e-flex e-con e-child\" data-id=\"3c4cdce\" data-element_type=\"container\" data-e-type=\"container\">\n\t\t\t\t<div class=\"elementor-element elementor-element-054600d elementor-widget elementor-widget-image\" data-id=\"054600d\" data-element_type=\"widget\" data-e-type=\"widget\" data-widget_type=\"image.default\">\n\t\t\t\t<div class=\"elementor-widget-container\">\n\t\t\t\t\t\t\t\t\t\t\t\t\t\t\t<img fetchpriority=\"high\" decoding=\"async\" width=\"380\" height=\"322\" src=\"https:\/\/loigica.com\/es\/wp-content\/uploads\/cropped-Loigica-Silver-2.png\" class=\"attachment-large size-large wp-image-21653\" alt=\"visas de talento\" srcset=\"https:\/\/loigica.com\/es\/wp-content\/uploads\/cropped-Loigica-Silver-2.png 380w, https:\/\/loigica.com\/es\/wp-content\/uploads\/cropped-Loigica-Silver-2-300x254.png 300w\" sizes=\"(max-width: 380px) 100vw, 380px\" \/>\t\t\t\t\t\t\t\t\t\t\t\t\t\t\t<\/div>\n\t\t\t\t<\/div>\n\t\t\t\t<\/div>\n\t\t\t\t\t<\/div>\n\t\t\t\t<\/div>\n\t\t\t\t<\/div>\n\t\t","protected":false},"excerpt":{"rendered":"<p>Estructura Corporativa Servicios de estructura corporativa para empresas en Estados Unidos. Creaci\u00f3n, revisi\u00f3n y optimizaci\u00f3n legal de compa\u00f1\u00edas. Ingles &nbsp; Revisi\u00f3n de Estructura Corporativa &nbsp; Creaci\u00f3n de Compa\u00f1\u00edas Offshore &nbsp; Creaci\u00f3n de LLC Vert todas las categorias \u00bfNo est\u00e1s seguro de cu\u00e1l es el camino legal adecuado para ti? Habla con nuestro equipo legal para [&hellip;]<\/p>\n","protected":false},"author":18,"featured_media":0,"parent":21854,"menu_order":0,"comment_status":"closed","ping_status":"closed","template":"","meta":{"content-type":"","footnotes":""},"class_list":["post-21880","page","type-page","status-publish","hentry"],"yoast_head":"<!-- This site is optimized with the Yoast SEO plugin v27.3 - https:\/\/yoast.com\/product\/yoast-seo-wordpress\/ -->\n<title>Estructura corporativa | Creaci\u00f3n y optimizaci\u00f3n de empresas | Loigica<\/title>\n<meta name=\"description\" content=\"Servicios de estructura corporativa para empresas en Estados Unidos. Creaci\u00f3n, revisi\u00f3n y optimizaci\u00f3n legal de compa\u00f1\u00edas.\" \/>\n<meta name=\"robots\" content=\"index, follow, max-snippet:-1, max-image-preview:large, max-video-preview:-1\" \/>\n<link rel=\"canonical\" href=\"https:\/\/loigica.com\/es\/legal-corporativo\/estructura-corporativa\/\" \/>\n<meta property=\"og:locale\" content=\"es_ES\" \/>\n<meta property=\"og:type\" content=\"article\" \/>\n<meta property=\"og:title\" content=\"Estructura corporativa | Creaci\u00f3n y optimizaci\u00f3n de empresas | Loigica\" \/>\n<meta property=\"og:description\" content=\"Servicios de estructura corporativa para empresas en Estados Unidos. Creaci\u00f3n, revisi\u00f3n y optimizaci\u00f3n legal de compa\u00f1\u00edas.\" \/>\n<meta property=\"og:url\" content=\"https:\/\/loigica.com\/es\/legal-corporativo\/estructura-corporativa\/\" \/>\n<meta property=\"og:site_name\" content=\"Loigica\" \/>\n<meta property=\"article:publisher\" content=\"https:\/\/www.facebook.com\/loigica\/\" \/>\n<meta property=\"article:modified_time\" content=\"2026-02-10T16:40:44+00:00\" \/>\n<meta property=\"og:image\" content=\"https:\/\/loigica.com\/es\/wp-content\/uploads\/cropped-Loigica-Silver-2.png\" \/>\n\t<meta property=\"og:image:width\" content=\"380\" \/>\n\t<meta property=\"og:image:height\" content=\"322\" \/>\n\t<meta property=\"og:image:type\" content=\"image\/png\" \/>\n<meta name=\"twitter:card\" content=\"summary_large_image\" \/>\n<meta name=\"twitter:site\" content=\"@Loigica\" \/>\n<meta name=\"twitter:label1\" content=\"Tiempo de lectura\" \/>\n\t<meta name=\"twitter:data1\" content=\"1 minuto\" \/>\n<script type=\"application\/ld+json\" class=\"yoast-schema-graph\">{\"@context\":\"https:\\\/\\\/schema.org\",\"@graph\":[{\"@type\":\"WebPage\",\"@id\":\"https:\\\/\\\/loigica.com\\\/es\\\/legal-corporativo\\\/estructura-corporativa\\\/\",\"url\":\"https:\\\/\\\/loigica.com\\\/es\\\/legal-corporativo\\\/estructura-corporativa\\\/\",\"name\":\"Estructura corporativa | Creaci\u00f3n y optimizaci\u00f3n de empresas | Loigica\",\"isPartOf\":{\"@id\":\"https:\\\/\\\/loigica.com\\\/es\\\/#website\"},\"primaryImageOfPage\":{\"@id\":\"https:\\\/\\\/loigica.com\\\/es\\\/legal-corporativo\\\/estructura-corporativa\\\/#primaryimage\"},\"image\":{\"@id\":\"https:\\\/\\\/loigica.com\\\/es\\\/legal-corporativo\\\/estructura-corporativa\\\/#primaryimage\"},\"thumbnailUrl\":\"https:\\\/\\\/loigica.com\\\/es\\\/wp-content\\\/uploads\\\/cropped-Loigica-Silver-2.png\",\"datePublished\":\"2026-02-05T16:34:07+00:00\",\"dateModified\":\"2026-02-10T16:40:44+00:00\",\"description\":\"Servicios de estructura corporativa para empresas en Estados Unidos. Creaci\u00f3n, revisi\u00f3n y optimizaci\u00f3n legal de compa\u00f1\u00edas.\",\"breadcrumb\":{\"@id\":\"https:\\\/\\\/loigica.com\\\/es\\\/legal-corporativo\\\/estructura-corporativa\\\/#breadcrumb\"},\"inLanguage\":\"es\",\"potentialAction\":[{\"@type\":\"ReadAction\",\"target\":[\"https:\\\/\\\/loigica.com\\\/es\\\/legal-corporativo\\\/estructura-corporativa\\\/\"]}]},{\"@type\":\"ImageObject\",\"inLanguage\":\"es\",\"@id\":\"https:\\\/\\\/loigica.com\\\/es\\\/legal-corporativo\\\/estructura-corporativa\\\/#primaryimage\",\"url\":\"https:\\\/\\\/loigica.com\\\/es\\\/wp-content\\\/uploads\\\/cropped-Loigica-Silver-2.png\",\"contentUrl\":\"https:\\\/\\\/loigica.com\\\/es\\\/wp-content\\\/uploads\\\/cropped-Loigica-Silver-2.png\",\"width\":380,\"height\":322,\"caption\":\"visas de talento\"},{\"@type\":\"BreadcrumbList\",\"@id\":\"https:\\\/\\\/loigica.com\\\/es\\\/legal-corporativo\\\/estructura-corporativa\\\/#breadcrumb\",\"itemListElement\":[{\"@type\":\"ListItem\",\"position\":1,\"name\":\"Legal y Corporativo | Servicios legales para empresas y personas\",\"item\":\"https:\\\/\\\/loigica.com\\\/es\\\/legal-corporativo\\\/\"},{\"@type\":\"ListItem\",\"position\":2,\"name\":\"Estructura corporativa | Creaci\u00f3n y optimizaci\u00f3n de empresas\"}]},{\"@type\":\"WebSite\",\"@id\":\"https:\\\/\\\/loigica.com\\\/es\\\/#website\",\"url\":\"https:\\\/\\\/loigica.com\\\/es\\\/\",\"name\":\"Loigica\",\"description\":\"Abogados de Negocios e Inmigraci\u00f3n | USA - LATAM\",\"publisher\":{\"@id\":\"https:\\\/\\\/loigica.com\\\/es\\\/#organization\"},\"potentialAction\":[{\"@type\":\"SearchAction\",\"target\":{\"@type\":\"EntryPoint\",\"urlTemplate\":\"https:\\\/\\\/loigica.com\\\/es\\\/?s={search_term_string}\"},\"query-input\":{\"@type\":\"PropertyValueSpecification\",\"valueRequired\":true,\"valueName\":\"search_term_string\"}}],\"inLanguage\":\"es\"},{\"@type\":\"Organization\",\"@id\":\"https:\\\/\\\/loigica.com\\\/es\\\/#organization\",\"name\":\"Loigica\",\"alternateName\":\"Loigica Immigration Attorneys\",\"url\":\"https:\\\/\\\/loigica.com\\\/es\\\/\",\"logo\":{\"@type\":\"ImageObject\",\"inLanguage\":\"es\",\"@id\":\"https:\\\/\\\/loigica.com\\\/es\\\/#\\\/schema\\\/logo\\\/image\\\/\",\"url\":\"https:\\\/\\\/loigica.com\\\/es\\\/wp-content\\\/uploads\\\/cropped-Loigica-Silver.png\",\"contentUrl\":\"https:\\\/\\\/loigica.com\\\/es\\\/wp-content\\\/uploads\\\/cropped-Loigica-Silver.png\",\"width\":369,\"height\":317,\"caption\":\"Loigica\"},\"image\":{\"@id\":\"https:\\\/\\\/loigica.com\\\/es\\\/#\\\/schema\\\/logo\\\/image\\\/\"},\"sameAs\":[\"https:\\\/\\\/www.facebook.com\\\/loigica\\\/\",\"https:\\\/\\\/x.com\\\/Loigica\",\"https:\\\/\\\/www.instagram.com\\\/loigica\\\/\",\"https:\\\/\\\/www.youtube.com\\\/@Loigica\\\/\"]}]}<\/script>\n<!-- \/ Yoast SEO plugin. -->","yoast_head_json":{"title":"Estructura corporativa | Creaci\u00f3n y optimizaci\u00f3n de empresas | Loigica","description":"Servicios de estructura corporativa para empresas en Estados Unidos. Creaci\u00f3n, revisi\u00f3n y optimizaci\u00f3n legal de compa\u00f1\u00edas.","robots":{"index":"index","follow":"follow","max-snippet":"max-snippet:-1","max-image-preview":"max-image-preview:large","max-video-preview":"max-video-preview:-1"},"canonical":"https:\/\/loigica.com\/es\/legal-corporativo\/estructura-corporativa\/","og_locale":"es_ES","og_type":"article","og_title":"Estructura corporativa | Creaci\u00f3n y optimizaci\u00f3n de empresas | Loigica","og_description":"Servicios de estructura corporativa para empresas en Estados Unidos. Creaci\u00f3n, revisi\u00f3n y optimizaci\u00f3n legal de compa\u00f1\u00edas.","og_url":"https:\/\/loigica.com\/es\/legal-corporativo\/estructura-corporativa\/","og_site_name":"Loigica","article_publisher":"https:\/\/www.facebook.com\/loigica\/","article_modified_time":"2026-02-10T16:40:44+00:00","og_image":[{"width":380,"height":322,"url":"https:\/\/loigica.com\/es\/wp-content\/uploads\/cropped-Loigica-Silver-2.png","type":"image\/png"}],"twitter_card":"summary_large_image","twitter_site":"@Loigica","twitter_misc":{"Tiempo de lectura":"1 minuto"},"schema":{"@context":"https:\/\/schema.org","@graph":[{"@type":"WebPage","@id":"https:\/\/loigica.com\/es\/legal-corporativo\/estructura-corporativa\/","url":"https:\/\/loigica.com\/es\/legal-corporativo\/estructura-corporativa\/","name":"Estructura corporativa | Creaci\u00f3n y optimizaci\u00f3n de empresas | Loigica","isPartOf":{"@id":"https:\/\/loigica.com\/es\/#website"},"primaryImageOfPage":{"@id":"https:\/\/loigica.com\/es\/legal-corporativo\/estructura-corporativa\/#primaryimage"},"image":{"@id":"https:\/\/loigica.com\/es\/legal-corporativo\/estructura-corporativa\/#primaryimage"},"thumbnailUrl":"https:\/\/loigica.com\/es\/wp-content\/uploads\/cropped-Loigica-Silver-2.png","datePublished":"2026-02-05T16:34:07+00:00","dateModified":"2026-02-10T16:40:44+00:00","description":"Servicios de estructura corporativa para empresas en Estados Unidos. Creaci\u00f3n, revisi\u00f3n y optimizaci\u00f3n legal de compa\u00f1\u00edas.","breadcrumb":{"@id":"https:\/\/loigica.com\/es\/legal-corporativo\/estructura-corporativa\/#breadcrumb"},"inLanguage":"es","potentialAction":[{"@type":"ReadAction","target":["https:\/\/loigica.com\/es\/legal-corporativo\/estructura-corporativa\/"]}]},{"@type":"ImageObject","inLanguage":"es","@id":"https:\/\/loigica.com\/es\/legal-corporativo\/estructura-corporativa\/#primaryimage","url":"https:\/\/loigica.com\/es\/wp-content\/uploads\/cropped-Loigica-Silver-2.png","contentUrl":"https:\/\/loigica.com\/es\/wp-content\/uploads\/cropped-Loigica-Silver-2.png","width":380,"height":322,"caption":"visas de talento"},{"@type":"BreadcrumbList","@id":"https:\/\/loigica.com\/es\/legal-corporativo\/estructura-corporativa\/#breadcrumb","itemListElement":[{"@type":"ListItem","position":1,"name":"Legal y Corporativo | Servicios legales para empresas y personas","item":"https:\/\/loigica.com\/es\/legal-corporativo\/"},{"@type":"ListItem","position":2,"name":"Estructura corporativa | Creaci\u00f3n y optimizaci\u00f3n de empresas"}]},{"@type":"WebSite","@id":"https:\/\/loigica.com\/es\/#website","url":"https:\/\/loigica.com\/es\/","name":"Loigica","description":"Abogados de Negocios e Inmigraci\u00f3n | USA - LATAM","publisher":{"@id":"https:\/\/loigica.com\/es\/#organization"},"potentialAction":[{"@type":"SearchAction","target":{"@type":"EntryPoint","urlTemplate":"https:\/\/loigica.com\/es\/?s={search_term_string}"},"query-input":{"@type":"PropertyValueSpecification","valueRequired":true,"valueName":"search_term_string"}}],"inLanguage":"es"},{"@type":"Organization","@id":"https:\/\/loigica.com\/es\/#organization","name":"Loigica","alternateName":"Loigica Immigration Attorneys","url":"https:\/\/loigica.com\/es\/","logo":{"@type":"ImageObject","inLanguage":"es","@id":"https:\/\/loigica.com\/es\/#\/schema\/logo\/image\/","url":"https:\/\/loigica.com\/es\/wp-content\/uploads\/cropped-Loigica-Silver.png","contentUrl":"https:\/\/loigica.com\/es\/wp-content\/uploads\/cropped-Loigica-Silver.png","width":369,"height":317,"caption":"Loigica"},"image":{"@id":"https:\/\/loigica.com\/es\/#\/schema\/logo\/image\/"},"sameAs":["https:\/\/www.facebook.com\/loigica\/","https:\/\/x.com\/Loigica","https:\/\/www.instagram.com\/loigica\/","https:\/\/www.youtube.com\/@Loigica\/"]}]}},"_links":{"self":[{"href":"https:\/\/loigica.com\/es\/wp-json\/wp\/v2\/pages\/21880","targetHints":{"allow":["GET"]}}],"collection":[{"href":"https:\/\/loigica.com\/es\/wp-json\/wp\/v2\/pages"}],"about":[{"href":"https:\/\/loigica.com\/es\/wp-json\/wp\/v2\/types\/page"}],"author":[{"embeddable":true,"href":"https:\/\/loigica.com\/es\/wp-json\/wp\/v2\/users\/18"}],"replies":[{"embeddable":true,"href":"https:\/\/loigica.com\/es\/wp-json\/wp\/v2\/comments?post=21880"}],"version-history":[{"count":20,"href":"https:\/\/loigica.com\/es\/wp-json\/wp\/v2\/pages\/21880\/revisions"}],"predecessor-version":[{"id":22279,"href":"https:\/\/loigica.com\/es\/wp-json\/wp\/v2\/pages\/21880\/revisions\/22279"}],"up":[{"embeddable":true,"href":"https:\/\/loigica.com\/es\/wp-json\/wp\/v2\/pages\/21854"}],"wp:attachment":[{"href":"https:\/\/loigica.com\/es\/wp-json\/wp\/v2\/media?parent=21880"}],"curies":[{"name":"wp","href":"https:\/\/api.w.org\/{rel}","templated":true}]}}