{"id":21896,"date":"2026-02-05T11:44:28","date_gmt":"2026-02-05T16:44:28","guid":{"rendered":"https:\/\/loigica.com\/es\/?page_id=21896"},"modified":"2026-02-10T11:42:20","modified_gmt":"2026-02-10T16:42:20","slug":"contratos","status":"publish","type":"page","link":"https:\/\/loigica.com\/es\/legal-corporativo\/contratos\/","title":{"rendered":"Contratos | Redacci\u00f3n y revisi\u00f3n legal"},"content":{"rendered":"\t\t<div data-elementor-type=\"wp-page\" data-elementor-id=\"21896\" class=\"elementor elementor-21896\" data-elementor-post-type=\"page\">\n\t\t\t\t<div class=\"elementor-element elementor-element-cbc6a45 e-flex e-con-boxed e-con e-parent\" data-id=\"cbc6a45\" data-element_type=\"container\" data-e-type=\"container\" data-settings=\"{&quot;background_background&quot;:&quot;classic&quot;}\">\n\t\t\t\t\t<div class=\"e-con-inner\">\n\t\t\t\t<div class=\"elementor-element elementor-element-a006888 elementor-widget elementor-widget-elementskit-heading\" data-id=\"a006888\" data-element_type=\"widget\" data-e-type=\"widget\" data-widget_type=\"elementskit-heading.default\">\n\t\t\t\t<div class=\"elementor-widget-container\">\n\t\t\t\t\t<div class=\"ekit-wid-con\" ><div class=\"ekit-heading elementskit-section-title-wraper center   ekit_heading_tablet-   ekit_heading_mobile-\"><h2 class=\"ekit-heading--title elementskit-section-title text_fill\"><span><span>Contratos<\/span><\/span><\/h2>\t\t\t\t<div class='ekit-heading__description'>\n\t\t\t\t\t<p>Servicios legales de redacci\u00f3n y revisi\u00f3n de contratos comerciales y laborales en Estados Unidos. Acompa\u00f1amiento profesional.<\/p>\n\t\t\t\t<\/div>\n\t\t\t<\/div><\/div>\t\t\t\t<\/div>\n\t\t\t\t<\/div>\n\t\t\t\t<div class=\"elementor-element elementor-element-2578e02 elementor-align-center elementor-widget elementor-widget-button\" data-id=\"2578e02\" data-element_type=\"widget\" data-e-type=\"widget\" data-widget_type=\"button.default\">\n\t\t\t\t<div class=\"elementor-widget-container\">\n\t\t\t\t\t\t\t\t\t<div class=\"elementor-button-wrapper\">\n\t\t\t\t\t<a class=\"elementor-button elementor-button-link elementor-size-sm\" href=\"https:\/\/loigica.com\/legal-corporate\/contracts\/\">\n\t\t\t\t\t\t<span class=\"elementor-button-content-wrapper\">\n\t\t\t\t\t\t<span class=\"elementor-button-icon\">\n\t\t\t\t<i aria-hidden=\"true\" class=\"fas fa-globe\"><\/i>\t\t\t<\/span>\n\t\t\t\t\t\t\t\t\t<span class=\"elementor-button-text\">Ingles<\/span>\n\t\t\t\t\t<\/span>\n\t\t\t\t\t<\/a>\n\t\t\t\t<\/div>\n\t\t\t\t\t\t\t\t<\/div>\n\t\t\t\t<\/div>\n\t\t\t\t\t<\/div>\n\t\t\t\t<\/div>\n\t\t<div class=\"elementor-element elementor-element-ab39014 e-flex e-con-boxed e-con e-parent\" data-id=\"ab39014\" data-element_type=\"container\" data-e-type=\"container\">\n\t\t\t\t\t<div class=\"e-con-inner\">\n\t\t<div class=\"elementor-element elementor-element-407f979 e-con-full e-grid e-con e-child\" data-id=\"407f979\" data-element_type=\"container\" data-e-type=\"container\">\n\t\t<div class=\"elementor-element elementor-element-deae3c7 e-con-full e-flex e-con e-child\" data-id=\"deae3c7\" data-element_type=\"container\" data-e-type=\"container\" data-settings=\"{&quot;background_background&quot;:&quot;classic&quot;}\">\n\t\t\t\t<div class=\"elementor-element elementor-element-69e3a46 elementor-widget elementor-widget-elementskit-lottie\" data-id=\"69e3a46\" data-element_type=\"widget\" data-e-type=\"widget\" data-widget_type=\"elementskit-lottie.default\">\n\t\t\t\t<div class=\"elementor-widget-container\">\n\t\t\t\t\t<div class=\"ekit-wid-con\" ><div id=\"ekit_lottie_69e3a46\" class=\"ekit_lottie\" data-autoplay=\"true\" data-on-scroll=\"\" data-speed=\"1\" data-direction=\"\" data-action=\"\" data-renderer=\"svg\" data-path=\"https:\/\/loigica.com\/es\/wp-content\/uploads\/Talent-Search.json\" data-loop=\"true\">&nbsp;<\/div><\/div>\t\t\t\t<\/div>\n\t\t\t\t<\/div>\n\t\t\t\t<div class=\"elementor-element elementor-element-107f4f0 elementor-widget elementor-widget-elementskit-heading\" data-id=\"107f4f0\" data-element_type=\"widget\" data-e-type=\"widget\" data-widget_type=\"elementskit-heading.default\">\n\t\t\t\t<div class=\"elementor-widget-container\">\n\t\t\t\t\t<div class=\"ekit-wid-con\" ><div class=\"ekit-heading elementskit-section-title-wraper text_center   ekit_heading_tablet-   ekit_heading_mobile-\"><a href=\"https:\/\/loigica.com\/es\/legal-corporativo\/contratos\/comerciales-o-laborales\/\"><h3 class=\"ekit-heading--title elementskit-section-title \">Redacci\u00f3n de Contratos Comerciales o Laborales<\/h3><\/a><div class=\"ekit_heading_separetor_wraper ekit_heading_elementskit-border-divider elementskit-style-long\"><div class=\"elementskit-border-divider elementskit-style-long\"><\/div><\/div><\/div><\/div>\t\t\t\t<\/div>\n\t\t\t\t<\/div>\n\t\t\t\t<\/div>\n\t\t<div class=\"elementor-element elementor-element-c00e9a8 e-con-full e-flex e-con e-child\" data-id=\"c00e9a8\" data-element_type=\"container\" data-e-type=\"container\" data-settings=\"{&quot;background_background&quot;:&quot;classic&quot;}\">\n\t\t\t\t<div class=\"elementor-element elementor-element-e3afd9d elementor-widget elementor-widget-elementskit-lottie\" data-id=\"e3afd9d\" data-element_type=\"widget\" data-e-type=\"widget\" data-widget_type=\"elementskit-lottie.default\">\n\t\t\t\t<div class=\"elementor-widget-container\">\n\t\t\t\t\t<div class=\"ekit-wid-con\" ><div id=\"ekit_lottie_e3afd9d\" class=\"ekit_lottie\" data-autoplay=\"true\" data-on-scroll=\"\" data-speed=\"1\" data-direction=\"\" data-action=\"\" data-renderer=\"svg\" data-path=\"https:\/\/loigica.com\/es\/wp-content\/uploads\/Talent-Search.json\" data-loop=\"true\">&nbsp;<\/div><\/div>\t\t\t\t<\/div>\n\t\t\t\t<\/div>\n\t\t\t\t<div class=\"elementor-element elementor-element-c5edfd3 elementor-widget elementor-widget-elementskit-heading\" data-id=\"c5edfd3\" data-element_type=\"widget\" data-e-type=\"widget\" data-widget_type=\"elementskit-heading.default\">\n\t\t\t\t<div class=\"elementor-widget-container\">\n\t\t\t\t\t<div class=\"ekit-wid-con\" ><div class=\"ekit-heading elementskit-section-title-wraper text_center   ekit_heading_tablet-   ekit_heading_mobile-\"><a href=\"https:\/\/loigica.com\/es\/legal-corporativo\/contratos\/renta-residencial\/\"><h3 class=\"ekit-heading--title elementskit-section-title \">Revisi\u00f3n de Contratos de Renta Residencial<\/h3><\/a><div class=\"ekit_heading_separetor_wraper ekit_heading_elementskit-border-divider elementskit-style-long\"><div class=\"elementskit-border-divider elementskit-style-long\"><\/div><\/div><\/div><\/div>\t\t\t\t<\/div>\n\t\t\t\t<\/div>\n\t\t\t\t<\/div>\n\t\t<div class=\"elementor-element elementor-element-0cc7c57 e-con-full e-flex e-con e-child\" data-id=\"0cc7c57\" data-element_type=\"container\" data-e-type=\"container\" data-settings=\"{&quot;background_background&quot;:&quot;classic&quot;}\">\n\t\t\t\t<div class=\"elementor-element elementor-element-eda5a06 elementor-widget elementor-widget-elementskit-lottie\" data-id=\"eda5a06\" data-element_type=\"widget\" data-e-type=\"widget\" data-widget_type=\"elementskit-lottie.default\">\n\t\t\t\t<div class=\"elementor-widget-container\">\n\t\t\t\t\t<div class=\"ekit-wid-con\" ><div id=\"ekit_lottie_eda5a06\" class=\"ekit_lottie\" data-autoplay=\"true\" data-on-scroll=\"\" data-speed=\"1\" data-direction=\"\" data-action=\"\" data-renderer=\"svg\" data-path=\"https:\/\/loigica.com\/es\/wp-content\/uploads\/view-all.json\" data-loop=\"true\">&nbsp;<\/div><\/div>\t\t\t\t<\/div>\n\t\t\t\t<\/div>\n\t\t\t\t<div class=\"elementor-element elementor-element-f055f01 elementor-widget elementor-widget-elementskit-heading\" data-id=\"f055f01\" data-element_type=\"widget\" data-e-type=\"widget\" data-widget_type=\"elementskit-heading.default\">\n\t\t\t\t<div class=\"elementor-widget-container\">\n\t\t\t\t\t<div class=\"ekit-wid-con\" ><div class=\"ekit-heading elementskit-section-title-wraper text_center   ekit_heading_tablet-   ekit_heading_mobile-\"><a href=\"https:\/\/loigica.com\/es\/legal-y-corporativo\/\"><h3 class=\"ekit-heading--title elementskit-section-title  ekit-heading__title-has-border start\">Ver todas las categorias<\/h3><\/a><\/div><\/div>\t\t\t\t<\/div>\n\t\t\t\t<\/div>\n\t\t\t\t<\/div>\n\t\t\t\t<\/div>\n\t\t\t\t\t<\/div>\n\t\t\t\t<\/div>\n\t\t<div class=\"elementor-element elementor-element-e87d3ee e-flex e-con-boxed e-con e-parent\" data-id=\"e87d3ee\" data-element_type=\"container\" data-e-type=\"container\" data-settings=\"{&quot;background_background&quot;:&quot;gradient&quot;}\">\n\t\t\t\t\t<div class=\"e-con-inner\">\n\t\t<div class=\"elementor-element elementor-element-d76d51b e-con-full e-flex e-con e-child\" data-id=\"d76d51b\" data-element_type=\"container\" data-e-type=\"container\">\n\t\t\t\t<div class=\"elementor-element elementor-element-4c990a3 elementor-widget elementor-widget-elementskit-heading\" data-id=\"4c990a3\" data-element_type=\"widget\" data-e-type=\"widget\" data-widget_type=\"elementskit-heading.default\">\n\t\t\t\t<div class=\"elementor-widget-container\">\n\t\t\t\t\t<div class=\"ekit-wid-con\" ><div class=\"ekit-heading elementskit-section-title-wraper text_left   ekit_heading_tablet-   ekit_heading_mobile-center\"><h2 class=\"ekit-heading--title elementskit-section-title \">\u00bfNo est\u00e1s seguro de cu\u00e1l es el camino legal adecuado para ti?<\/h2>\t\t\t\t<div class='ekit-heading__description'>\n\t\t\t\t\t<p class=\"p1\">Habla con nuestro equipo legal para evaluar tus objetivos y recibir una recomendaci\u00f3n clara y estrat\u00e9gica, adaptada a tu situaci\u00f3n.<\/p>\n\t\t\t\t<\/div>\n\t\t\t<\/div><\/div>\t\t\t\t<\/div>\n\t\t\t\t<\/div>\n\t\t\t\t<div class=\"elementor-element elementor-element-a56d4bd elementor-align-left elementor-align--mobilecenter elementor-widget elementor-widget-elementskit-button\" data-id=\"a56d4bd\" data-element_type=\"widget\" data-e-type=\"widget\" data-widget_type=\"elementskit-button.default\">\n\t\t\t\t<div class=\"elementor-widget-container\">\n\t\t\t\t\t<div class=\"ekit-wid-con\" >\t\t<div class=\"ekit-btn-wraper\">\n\t\t\t\t\t\t\t<a href=\"https:\/\/loigica.com\/es\/contactar\/\" class=\"elementskit-btn  whitespace--normal\" id=\"\">\n\t\t\t\t\tContactanos\t\t\t\t<\/a>\n\t\t\t\t\t<\/div>\n        <\/div>\t\t\t\t<\/div>\n\t\t\t\t<\/div>\n\t\t\t\t<\/div>\n\t\t<div class=\"elementor-element elementor-element-7b4d534 e-con-full e-flex e-con e-child\" data-id=\"7b4d534\" data-element_type=\"container\" data-e-type=\"container\">\n\t\t\t\t<div class=\"elementor-element elementor-element-dea09df elementor-widget elementor-widget-image\" data-id=\"dea09df\" data-element_type=\"widget\" data-e-type=\"widget\" data-widget_type=\"image.default\">\n\t\t\t\t<div class=\"elementor-widget-container\">\n\t\t\t\t\t\t\t\t\t\t\t\t\t\t\t<img fetchpriority=\"high\" decoding=\"async\" width=\"380\" height=\"322\" src=\"https:\/\/loigica.com\/es\/wp-content\/uploads\/cropped-Loigica-Silver-2.png\" class=\"attachment-large size-large wp-image-21653\" alt=\"visas de talento\" srcset=\"https:\/\/loigica.com\/es\/wp-content\/uploads\/cropped-Loigica-Silver-2.png 380w, https:\/\/loigica.com\/es\/wp-content\/uploads\/cropped-Loigica-Silver-2-300x254.png 300w\" sizes=\"(max-width: 380px) 100vw, 380px\" \/>\t\t\t\t\t\t\t\t\t\t\t\t\t\t\t<\/div>\n\t\t\t\t<\/div>\n\t\t\t\t<\/div>\n\t\t\t\t\t<\/div>\n\t\t\t\t<\/div>\n\t\t\t\t<\/div>\n\t\t","protected":false},"excerpt":{"rendered":"<p>Contratos Servicios legales de redacci\u00f3n y revisi\u00f3n de contratos comerciales y laborales en Estados Unidos. Acompa\u00f1amiento profesional. Ingles &nbsp; Redacci\u00f3n de Contratos Comerciales o Laborales &nbsp; Revisi\u00f3n de Contratos de Renta Residencial &nbsp; Ver todas las categorias \u00bfNo est\u00e1s seguro de cu\u00e1l es el camino legal adecuado para ti? Habla con nuestro equipo legal para [&hellip;]<\/p>\n","protected":false},"author":18,"featured_media":0,"parent":21854,"menu_order":0,"comment_status":"closed","ping_status":"closed","template":"","meta":{"content-type":"","footnotes":""},"class_list":["post-21896","page","type-page","status-publish","hentry"],"yoast_head":"<!-- This site is optimized with the Yoast SEO plugin v27.3 - https:\/\/yoast.com\/product\/yoast-seo-wordpress\/ -->\n<title>Contratos | Redacci\u00f3n y revisi\u00f3n legal | Loigica<\/title>\n<meta name=\"description\" content=\"Servicios legales de redacci\u00f3n y revisi\u00f3n de contratos comerciales y laborales en Estados Unidos. Acompa\u00f1amiento profesional.\" \/>\n<meta name=\"robots\" content=\"index, follow, max-snippet:-1, max-image-preview:large, max-video-preview:-1\" \/>\n<link rel=\"canonical\" href=\"https:\/\/loigica.com\/es\/legal-corporativo\/contratos\/\" \/>\n<meta property=\"og:locale\" content=\"es_ES\" \/>\n<meta property=\"og:type\" content=\"article\" \/>\n<meta property=\"og:title\" content=\"Contratos | Redacci\u00f3n y revisi\u00f3n legal | Loigica\" \/>\n<meta property=\"og:description\" content=\"Servicios legales de redacci\u00f3n y revisi\u00f3n de contratos comerciales y laborales en Estados Unidos. Acompa\u00f1amiento profesional.\" \/>\n<meta property=\"og:url\" content=\"https:\/\/loigica.com\/es\/legal-corporativo\/contratos\/\" \/>\n<meta property=\"og:site_name\" content=\"Loigica\" \/>\n<meta property=\"article:publisher\" content=\"https:\/\/www.facebook.com\/loigica\/\" \/>\n<meta property=\"article:modified_time\" content=\"2026-02-10T16:42:20+00:00\" \/>\n<meta property=\"og:image\" content=\"https:\/\/loigica.com\/es\/wp-content\/uploads\/cropped-Loigica-Silver-2.png\" \/>\n\t<meta property=\"og:image:width\" content=\"380\" \/>\n\t<meta property=\"og:image:height\" content=\"322\" \/>\n\t<meta property=\"og:image:type\" content=\"image\/png\" \/>\n<meta name=\"twitter:card\" content=\"summary_large_image\" \/>\n<meta name=\"twitter:site\" content=\"@Loigica\" \/>\n<meta name=\"twitter:label1\" content=\"Tiempo de lectura\" \/>\n\t<meta name=\"twitter:data1\" content=\"1 minuto\" \/>\n<script type=\"application\/ld+json\" class=\"yoast-schema-graph\">{\"@context\":\"https:\\\/\\\/schema.org\",\"@graph\":[{\"@type\":\"WebPage\",\"@id\":\"https:\\\/\\\/loigica.com\\\/es\\\/legal-corporativo\\\/contratos\\\/\",\"url\":\"https:\\\/\\\/loigica.com\\\/es\\\/legal-corporativo\\\/contratos\\\/\",\"name\":\"Contratos | Redacci\u00f3n y revisi\u00f3n legal | Loigica\",\"isPartOf\":{\"@id\":\"https:\\\/\\\/loigica.com\\\/es\\\/#website\"},\"primaryImageOfPage\":{\"@id\":\"https:\\\/\\\/loigica.com\\\/es\\\/legal-corporativo\\\/contratos\\\/#primaryimage\"},\"image\":{\"@id\":\"https:\\\/\\\/loigica.com\\\/es\\\/legal-corporativo\\\/contratos\\\/#primaryimage\"},\"thumbnailUrl\":\"https:\\\/\\\/loigica.com\\\/es\\\/wp-content\\\/uploads\\\/cropped-Loigica-Silver-2.png\",\"datePublished\":\"2026-02-05T16:44:28+00:00\",\"dateModified\":\"2026-02-10T16:42:20+00:00\",\"description\":\"Servicios legales de redacci\u00f3n y revisi\u00f3n de contratos comerciales y laborales en Estados Unidos. Acompa\u00f1amiento profesional.\",\"breadcrumb\":{\"@id\":\"https:\\\/\\\/loigica.com\\\/es\\\/legal-corporativo\\\/contratos\\\/#breadcrumb\"},\"inLanguage\":\"es\",\"potentialAction\":[{\"@type\":\"ReadAction\",\"target\":[\"https:\\\/\\\/loigica.com\\\/es\\\/legal-corporativo\\\/contratos\\\/\"]}]},{\"@type\":\"ImageObject\",\"inLanguage\":\"es\",\"@id\":\"https:\\\/\\\/loigica.com\\\/es\\\/legal-corporativo\\\/contratos\\\/#primaryimage\",\"url\":\"https:\\\/\\\/loigica.com\\\/es\\\/wp-content\\\/uploads\\\/cropped-Loigica-Silver-2.png\",\"contentUrl\":\"https:\\\/\\\/loigica.com\\\/es\\\/wp-content\\\/uploads\\\/cropped-Loigica-Silver-2.png\",\"width\":380,\"height\":322,\"caption\":\"visas de talento\"},{\"@type\":\"BreadcrumbList\",\"@id\":\"https:\\\/\\\/loigica.com\\\/es\\\/legal-corporativo\\\/contratos\\\/#breadcrumb\",\"itemListElement\":[{\"@type\":\"ListItem\",\"position\":1,\"name\":\"Legal y Corporativo | Servicios legales para empresas y personas\",\"item\":\"https:\\\/\\\/loigica.com\\\/es\\\/legal-corporativo\\\/\"},{\"@type\":\"ListItem\",\"position\":2,\"name\":\"Contratos | Redacci\u00f3n y revisi\u00f3n legal\"}]},{\"@type\":\"WebSite\",\"@id\":\"https:\\\/\\\/loigica.com\\\/es\\\/#website\",\"url\":\"https:\\\/\\\/loigica.com\\\/es\\\/\",\"name\":\"Loigica\",\"description\":\"Abogados de Negocios e Inmigraci\u00f3n | USA - LATAM\",\"publisher\":{\"@id\":\"https:\\\/\\\/loigica.com\\\/es\\\/#organization\"},\"potentialAction\":[{\"@type\":\"SearchAction\",\"target\":{\"@type\":\"EntryPoint\",\"urlTemplate\":\"https:\\\/\\\/loigica.com\\\/es\\\/?s={search_term_string}\"},\"query-input\":{\"@type\":\"PropertyValueSpecification\",\"valueRequired\":true,\"valueName\":\"search_term_string\"}}],\"inLanguage\":\"es\"},{\"@type\":\"Organization\",\"@id\":\"https:\\\/\\\/loigica.com\\\/es\\\/#organization\",\"name\":\"Loigica\",\"alternateName\":\"Loigica Immigration Attorneys\",\"url\":\"https:\\\/\\\/loigica.com\\\/es\\\/\",\"logo\":{\"@type\":\"ImageObject\",\"inLanguage\":\"es\",\"@id\":\"https:\\\/\\\/loigica.com\\\/es\\\/#\\\/schema\\\/logo\\\/image\\\/\",\"url\":\"https:\\\/\\\/loigica.com\\\/es\\\/wp-content\\\/uploads\\\/cropped-Loigica-Silver.png\",\"contentUrl\":\"https:\\\/\\\/loigica.com\\\/es\\\/wp-content\\\/uploads\\\/cropped-Loigica-Silver.png\",\"width\":369,\"height\":317,\"caption\":\"Loigica\"},\"image\":{\"@id\":\"https:\\\/\\\/loigica.com\\\/es\\\/#\\\/schema\\\/logo\\\/image\\\/\"},\"sameAs\":[\"https:\\\/\\\/www.facebook.com\\\/loigica\\\/\",\"https:\\\/\\\/x.com\\\/Loigica\",\"https:\\\/\\\/www.instagram.com\\\/loigica\\\/\",\"https:\\\/\\\/www.youtube.com\\\/@Loigica\\\/\"]}]}<\/script>\n<!-- \/ Yoast SEO plugin. -->","yoast_head_json":{"title":"Contratos | Redacci\u00f3n y revisi\u00f3n legal | Loigica","description":"Servicios legales de redacci\u00f3n y revisi\u00f3n de contratos comerciales y laborales en Estados Unidos. Acompa\u00f1amiento profesional.","robots":{"index":"index","follow":"follow","max-snippet":"max-snippet:-1","max-image-preview":"max-image-preview:large","max-video-preview":"max-video-preview:-1"},"canonical":"https:\/\/loigica.com\/es\/legal-corporativo\/contratos\/","og_locale":"es_ES","og_type":"article","og_title":"Contratos | Redacci\u00f3n y revisi\u00f3n legal | Loigica","og_description":"Servicios legales de redacci\u00f3n y revisi\u00f3n de contratos comerciales y laborales en Estados Unidos. Acompa\u00f1amiento profesional.","og_url":"https:\/\/loigica.com\/es\/legal-corporativo\/contratos\/","og_site_name":"Loigica","article_publisher":"https:\/\/www.facebook.com\/loigica\/","article_modified_time":"2026-02-10T16:42:20+00:00","og_image":[{"width":380,"height":322,"url":"https:\/\/loigica.com\/es\/wp-content\/uploads\/cropped-Loigica-Silver-2.png","type":"image\/png"}],"twitter_card":"summary_large_image","twitter_site":"@Loigica","twitter_misc":{"Tiempo de lectura":"1 minuto"},"schema":{"@context":"https:\/\/schema.org","@graph":[{"@type":"WebPage","@id":"https:\/\/loigica.com\/es\/legal-corporativo\/contratos\/","url":"https:\/\/loigica.com\/es\/legal-corporativo\/contratos\/","name":"Contratos | Redacci\u00f3n y revisi\u00f3n legal | Loigica","isPartOf":{"@id":"https:\/\/loigica.com\/es\/#website"},"primaryImageOfPage":{"@id":"https:\/\/loigica.com\/es\/legal-corporativo\/contratos\/#primaryimage"},"image":{"@id":"https:\/\/loigica.com\/es\/legal-corporativo\/contratos\/#primaryimage"},"thumbnailUrl":"https:\/\/loigica.com\/es\/wp-content\/uploads\/cropped-Loigica-Silver-2.png","datePublished":"2026-02-05T16:44:28+00:00","dateModified":"2026-02-10T16:42:20+00:00","description":"Servicios legales de redacci\u00f3n y revisi\u00f3n de contratos comerciales y laborales en Estados Unidos. Acompa\u00f1amiento profesional.","breadcrumb":{"@id":"https:\/\/loigica.com\/es\/legal-corporativo\/contratos\/#breadcrumb"},"inLanguage":"es","potentialAction":[{"@type":"ReadAction","target":["https:\/\/loigica.com\/es\/legal-corporativo\/contratos\/"]}]},{"@type":"ImageObject","inLanguage":"es","@id":"https:\/\/loigica.com\/es\/legal-corporativo\/contratos\/#primaryimage","url":"https:\/\/loigica.com\/es\/wp-content\/uploads\/cropped-Loigica-Silver-2.png","contentUrl":"https:\/\/loigica.com\/es\/wp-content\/uploads\/cropped-Loigica-Silver-2.png","width":380,"height":322,"caption":"visas de talento"},{"@type":"BreadcrumbList","@id":"https:\/\/loigica.com\/es\/legal-corporativo\/contratos\/#breadcrumb","itemListElement":[{"@type":"ListItem","position":1,"name":"Legal y Corporativo | Servicios legales para empresas y personas","item":"https:\/\/loigica.com\/es\/legal-corporativo\/"},{"@type":"ListItem","position":2,"name":"Contratos | Redacci\u00f3n y revisi\u00f3n legal"}]},{"@type":"WebSite","@id":"https:\/\/loigica.com\/es\/#website","url":"https:\/\/loigica.com\/es\/","name":"Loigica","description":"Abogados de Negocios e Inmigraci\u00f3n | USA - LATAM","publisher":{"@id":"https:\/\/loigica.com\/es\/#organization"},"potentialAction":[{"@type":"SearchAction","target":{"@type":"EntryPoint","urlTemplate":"https:\/\/loigica.com\/es\/?s={search_term_string}"},"query-input":{"@type":"PropertyValueSpecification","valueRequired":true,"valueName":"search_term_string"}}],"inLanguage":"es"},{"@type":"Organization","@id":"https:\/\/loigica.com\/es\/#organization","name":"Loigica","alternateName":"Loigica Immigration Attorneys","url":"https:\/\/loigica.com\/es\/","logo":{"@type":"ImageObject","inLanguage":"es","@id":"https:\/\/loigica.com\/es\/#\/schema\/logo\/image\/","url":"https:\/\/loigica.com\/es\/wp-content\/uploads\/cropped-Loigica-Silver.png","contentUrl":"https:\/\/loigica.com\/es\/wp-content\/uploads\/cropped-Loigica-Silver.png","width":369,"height":317,"caption":"Loigica"},"image":{"@id":"https:\/\/loigica.com\/es\/#\/schema\/logo\/image\/"},"sameAs":["https:\/\/www.facebook.com\/loigica\/","https:\/\/x.com\/Loigica","https:\/\/www.instagram.com\/loigica\/","https:\/\/www.youtube.com\/@Loigica\/"]}]}},"_links":{"self":[{"href":"https:\/\/loigica.com\/es\/wp-json\/wp\/v2\/pages\/21896","targetHints":{"allow":["GET"]}}],"collection":[{"href":"https:\/\/loigica.com\/es\/wp-json\/wp\/v2\/pages"}],"about":[{"href":"https:\/\/loigica.com\/es\/wp-json\/wp\/v2\/types\/page"}],"author":[{"embeddable":true,"href":"https:\/\/loigica.com\/es\/wp-json\/wp\/v2\/users\/18"}],"replies":[{"embeddable":true,"href":"https:\/\/loigica.com\/es\/wp-json\/wp\/v2\/comments?post=21896"}],"version-history":[{"count":20,"href":"https:\/\/loigica.com\/es\/wp-json\/wp\/v2\/pages\/21896\/revisions"}],"predecessor-version":[{"id":22282,"href":"https:\/\/loigica.com\/es\/wp-json\/wp\/v2\/pages\/21896\/revisions\/22282"}],"up":[{"embeddable":true,"href":"https:\/\/loigica.com\/es\/wp-json\/wp\/v2\/pages\/21854"}],"wp:attachment":[{"href":"https:\/\/loigica.com\/es\/wp-json\/wp\/v2\/media?parent=21896"}],"curies":[{"name":"wp","href":"https:\/\/api.w.org\/{rel}","templated":true}]}}