{"id":21915,"date":"2026-02-05T11:49:49","date_gmt":"2026-02-05T16:49:49","guid":{"rendered":"https:\/\/loigica.com\/es\/?page_id=21915"},"modified":"2026-02-10T11:43:40","modified_gmt":"2026-02-10T16:43:40","slug":"planificacion-patrimonial","status":"publish","type":"page","link":"https:\/\/loigica.com\/es\/legal-corporativo\/planificacion-patrimonial\/","title":{"rendered":"Planificaci\u00f3n patrimonial | Protecci\u00f3n y organizaci\u00f3n de bienes"},"content":{"rendered":"\t\t<div data-elementor-type=\"wp-page\" data-elementor-id=\"21915\" class=\"elementor elementor-21915\" data-elementor-post-type=\"page\">\n\t\t\t\t<div class=\"elementor-element elementor-element-1dcddf7 e-flex e-con-boxed e-con e-parent\" data-id=\"1dcddf7\" data-element_type=\"container\" data-e-type=\"container\" data-settings=\"{&quot;background_background&quot;:&quot;classic&quot;}\">\n\t\t\t\t\t<div class=\"e-con-inner\">\n\t\t\t\t<div class=\"elementor-element elementor-element-7dc98ef elementor-widget elementor-widget-elementskit-heading\" data-id=\"7dc98ef\" data-element_type=\"widget\" data-e-type=\"widget\" data-widget_type=\"elementskit-heading.default\">\n\t\t\t\t<div class=\"elementor-widget-container\">\n\t\t\t\t\t<div class=\"ekit-wid-con\" ><div class=\"ekit-heading elementskit-section-title-wraper center   ekit_heading_tablet-   ekit_heading_mobile-\"><h2 class=\"ekit-heading--title elementskit-section-title text_fill\"><span><span>Planificaci\u00f3n Patrimonial<\/span><\/span><\/h2>\t\t\t\t<div class='ekit-heading__description'>\n\t\t\t\t\t<p>Servicios de planificaci\u00f3n patrimonial para proteger y organizar bienes en Estados Unidos. Asesor\u00eda legal especializada.<\/p>\n\t\t\t\t<\/div>\n\t\t\t<\/div><\/div>\t\t\t\t<\/div>\n\t\t\t\t<\/div>\n\t\t\t\t<div class=\"elementor-element elementor-element-5112606 elementor-align-center elementor-widget elementor-widget-button\" data-id=\"5112606\" data-element_type=\"widget\" data-e-type=\"widget\" data-widget_type=\"button.default\">\n\t\t\t\t<div class=\"elementor-widget-container\">\n\t\t\t\t\t\t\t\t\t<div class=\"elementor-button-wrapper\">\n\t\t\t\t\t<a class=\"elementor-button elementor-button-link elementor-size-sm\" href=\"https:\/\/loigica.com\/legal-corporate\/estate-planning\/\">\n\t\t\t\t\t\t<span class=\"elementor-button-content-wrapper\">\n\t\t\t\t\t\t<span class=\"elementor-button-icon\">\n\t\t\t\t<i aria-hidden=\"true\" class=\"fas fa-globe\"><\/i>\t\t\t<\/span>\n\t\t\t\t\t\t\t\t\t<span class=\"elementor-button-text\">Ingles<\/span>\n\t\t\t\t\t<\/span>\n\t\t\t\t\t<\/a>\n\t\t\t\t<\/div>\n\t\t\t\t\t\t\t\t<\/div>\n\t\t\t\t<\/div>\n\t\t\t\t\t<\/div>\n\t\t\t\t<\/div>\n\t\t<div class=\"elementor-element elementor-element-83ba389 e-flex e-con-boxed e-con e-parent\" data-id=\"83ba389\" data-element_type=\"container\" data-e-type=\"container\">\n\t\t\t\t\t<div class=\"e-con-inner\">\n\t\t<div class=\"elementor-element elementor-element-265f556 e-con-full e-grid e-con e-child\" data-id=\"265f556\" data-element_type=\"container\" data-e-type=\"container\">\n\t\t<div class=\"elementor-element elementor-element-fc8c82f e-con-full e-flex e-con e-child\" data-id=\"fc8c82f\" data-element_type=\"container\" data-e-type=\"container\" data-settings=\"{&quot;background_background&quot;:&quot;classic&quot;}\">\n\t\t\t\t<div class=\"elementor-element elementor-element-00fdefd elementor-widget elementor-widget-elementskit-lottie\" data-id=\"00fdefd\" data-element_type=\"widget\" data-e-type=\"widget\" data-widget_type=\"elementskit-lottie.default\">\n\t\t\t\t<div class=\"elementor-widget-container\">\n\t\t\t\t\t<div class=\"ekit-wid-con\" ><div id=\"ekit_lottie_00fdefd\" class=\"ekit_lottie\" data-autoplay=\"true\" data-on-scroll=\"\" data-speed=\"1\" data-direction=\"\" data-action=\"\" data-renderer=\"svg\" data-path=\"https:\/\/loigica.com\/es\/wp-content\/uploads\/Talent-Search.json\" data-loop=\"true\">&nbsp;<\/div><\/div>\t\t\t\t<\/div>\n\t\t\t\t<\/div>\n\t\t\t\t<div class=\"elementor-element elementor-element-6a82bb2 elementor-widget elementor-widget-elementskit-heading\" data-id=\"6a82bb2\" data-element_type=\"widget\" data-e-type=\"widget\" data-widget_type=\"elementskit-heading.default\">\n\t\t\t\t<div class=\"elementor-widget-container\">\n\t\t\t\t\t<div class=\"ekit-wid-con\" ><div class=\"ekit-heading elementskit-section-title-wraper text_center   ekit_heading_tablet-   ekit_heading_mobile-\"><a href=\"https:\/\/loigica.com\/es\/legal-corporativo\/planificacion-patrimonial\/testamento-en-eeuu\/\"><h3 class=\"ekit-heading--title elementskit-section-title \">Testamento (Last Will and Testament)<\/h3><\/a><div class=\"ekit_heading_separetor_wraper ekit_heading_elementskit-border-divider elementskit-style-long\"><div class=\"elementskit-border-divider elementskit-style-long\"><\/div><\/div><\/div><\/div>\t\t\t\t<\/div>\n\t\t\t\t<\/div>\n\t\t\t\t<\/div>\n\t\t<div class=\"elementor-element elementor-element-99bacf1 e-con-full e-flex e-con e-child\" data-id=\"99bacf1\" data-element_type=\"container\" data-e-type=\"container\" data-settings=\"{&quot;background_background&quot;:&quot;classic&quot;}\">\n\t\t\t\t<div class=\"elementor-element elementor-element-aaa7847 elementor-widget elementor-widget-elementskit-lottie\" data-id=\"aaa7847\" data-element_type=\"widget\" data-e-type=\"widget\" data-widget_type=\"elementskit-lottie.default\">\n\t\t\t\t<div class=\"elementor-widget-container\">\n\t\t\t\t\t<div class=\"ekit-wid-con\" ><div id=\"ekit_lottie_aaa7847\" class=\"ekit_lottie\" data-autoplay=\"true\" data-on-scroll=\"\" data-speed=\"1\" data-direction=\"\" data-action=\"\" data-renderer=\"svg\" data-path=\"https:\/\/loigica.com\/es\/wp-content\/uploads\/Talent-Search.json\" data-loop=\"true\">&nbsp;<\/div><\/div>\t\t\t\t<\/div>\n\t\t\t\t<\/div>\n\t\t\t\t<div class=\"elementor-element elementor-element-36becdd elementor-widget elementor-widget-elementskit-heading\" data-id=\"36becdd\" data-element_type=\"widget\" data-e-type=\"widget\" data-widget_type=\"elementskit-heading.default\">\n\t\t\t\t<div class=\"elementor-widget-container\">\n\t\t\t\t\t<div class=\"ekit-wid-con\" ><div class=\"ekit-heading elementskit-section-title-wraper text_center   ekit_heading_tablet-   ekit_heading_mobile-\"><a href=\"https:\/\/loigica.com\/es\/legal-corporativo\/planificacion-patrimonial\/trust-fideicomiso\/\"><h3 class=\"ekit-heading--title elementskit-section-title \">Trust (Fideicomiso)<\/h3><\/a><div class=\"ekit_heading_separetor_wraper ekit_heading_elementskit-border-divider elementskit-style-long\"><div class=\"elementskit-border-divider elementskit-style-long\"><\/div><\/div><\/div><\/div>\t\t\t\t<\/div>\n\t\t\t\t<\/div>\n\t\t\t\t<\/div>\n\t\t<div class=\"elementor-element elementor-element-05c1af1 e-con-full e-flex e-con e-child\" data-id=\"05c1af1\" data-element_type=\"container\" data-e-type=\"container\" data-settings=\"{&quot;background_background&quot;:&quot;classic&quot;}\">\n\t\t\t\t<div class=\"elementor-element elementor-element-a74db9e elementor-widget elementor-widget-elementskit-lottie\" data-id=\"a74db9e\" data-element_type=\"widget\" data-e-type=\"widget\" data-widget_type=\"elementskit-lottie.default\">\n\t\t\t\t<div class=\"elementor-widget-container\">\n\t\t\t\t\t<div class=\"ekit-wid-con\" ><div id=\"ekit_lottie_a74db9e\" class=\"ekit_lottie\" data-autoplay=\"true\" data-on-scroll=\"\" data-speed=\"1\" data-direction=\"\" data-action=\"\" data-renderer=\"svg\" data-path=\"https:\/\/loigica.com\/es\/wp-content\/uploads\/view-all.json\" data-loop=\"true\">&nbsp;<\/div><\/div>\t\t\t\t<\/div>\n\t\t\t\t<\/div>\n\t\t\t\t<div class=\"elementor-element elementor-element-af4f17d elementor-widget elementor-widget-elementskit-heading\" data-id=\"af4f17d\" data-element_type=\"widget\" data-e-type=\"widget\" data-widget_type=\"elementskit-heading.default\">\n\t\t\t\t<div class=\"elementor-widget-container\">\n\t\t\t\t\t<div class=\"ekit-wid-con\" ><div class=\"ekit-heading elementskit-section-title-wraper text_center   ekit_heading_tablet-   ekit_heading_mobile-\"><a href=\"https:\/\/loigica.com\/es\/legal-y-corporativo\/\"><h3 class=\"ekit-heading--title elementskit-section-title  ekit-heading__title-has-border start\">Ver todas las categorias<\/h3><\/a><\/div><\/div>\t\t\t\t<\/div>\n\t\t\t\t<\/div>\n\t\t\t\t<\/div>\n\t\t\t\t<\/div>\n\t\t\t\t\t<\/div>\n\t\t\t\t<\/div>\n\t\t<div class=\"elementor-element elementor-element-5087fd7 e-flex e-con-boxed e-con e-parent\" data-id=\"5087fd7\" data-element_type=\"container\" data-e-type=\"container\" data-settings=\"{&quot;background_background&quot;:&quot;gradient&quot;}\">\n\t\t\t\t\t<div class=\"e-con-inner\">\n\t\t<div class=\"elementor-element elementor-element-4d30cb9 e-con-full e-flex e-con e-child\" data-id=\"4d30cb9\" data-element_type=\"container\" data-e-type=\"container\">\n\t\t\t\t<div class=\"elementor-element elementor-element-596c88c elementor-widget elementor-widget-elementskit-heading\" data-id=\"596c88c\" data-element_type=\"widget\" data-e-type=\"widget\" data-widget_type=\"elementskit-heading.default\">\n\t\t\t\t<div class=\"elementor-widget-container\">\n\t\t\t\t\t<div class=\"ekit-wid-con\" ><div class=\"ekit-heading elementskit-section-title-wraper text_left   ekit_heading_tablet-   ekit_heading_mobile-center\"><h2 class=\"ekit-heading--title elementskit-section-title \">\u00bfNo est\u00e1s seguro de cu\u00e1l es el camino legal adecuado para ti?<\/h2>\t\t\t\t<div class='ekit-heading__description'>\n\t\t\t\t\t<p class=\"p1\">Habla con nuestro equipo legal para evaluar tus objetivos y recibir una recomendaci\u00f3n clara y estrat\u00e9gica, adaptada a tu situaci\u00f3n.<\/p>\n\t\t\t\t<\/div>\n\t\t\t<\/div><\/div>\t\t\t\t<\/div>\n\t\t\t\t<\/div>\n\t\t\t\t<div class=\"elementor-element elementor-element-c5efb46 elementor-align-left elementor-align--mobilecenter elementor-widget elementor-widget-elementskit-button\" data-id=\"c5efb46\" data-element_type=\"widget\" data-e-type=\"widget\" data-widget_type=\"elementskit-button.default\">\n\t\t\t\t<div class=\"elementor-widget-container\">\n\t\t\t\t\t<div class=\"ekit-wid-con\" >\t\t<div class=\"ekit-btn-wraper\">\n\t\t\t\t\t\t\t<a href=\"https:\/\/loigica.com\/es\/contactar\/\" class=\"elementskit-btn  whitespace--normal\" id=\"\">\n\t\t\t\t\tContactanos\t\t\t\t<\/a>\n\t\t\t\t\t<\/div>\n        <\/div>\t\t\t\t<\/div>\n\t\t\t\t<\/div>\n\t\t\t\t<\/div>\n\t\t<div class=\"elementor-element elementor-element-4b483c3 e-con-full e-flex e-con e-child\" data-id=\"4b483c3\" data-element_type=\"container\" data-e-type=\"container\">\n\t\t\t\t<div class=\"elementor-element elementor-element-822e87f elementor-widget elementor-widget-image\" data-id=\"822e87f\" data-element_type=\"widget\" data-e-type=\"widget\" data-widget_type=\"image.default\">\n\t\t\t\t<div class=\"elementor-widget-container\">\n\t\t\t\t\t\t\t\t\t\t\t\t\t\t\t<img fetchpriority=\"high\" decoding=\"async\" width=\"380\" height=\"322\" src=\"https:\/\/loigica.com\/es\/wp-content\/uploads\/cropped-Loigica-Silver-2.png\" class=\"attachment-large size-large wp-image-21653\" alt=\"visas de talento\" srcset=\"https:\/\/loigica.com\/es\/wp-content\/uploads\/cropped-Loigica-Silver-2.png 380w, https:\/\/loigica.com\/es\/wp-content\/uploads\/cropped-Loigica-Silver-2-300x254.png 300w\" sizes=\"(max-width: 380px) 100vw, 380px\" \/>\t\t\t\t\t\t\t\t\t\t\t\t\t\t\t<\/div>\n\t\t\t\t<\/div>\n\t\t\t\t<\/div>\n\t\t\t\t\t<\/div>\n\t\t\t\t<\/div>\n\t\t\t\t<\/div>\n\t\t","protected":false},"excerpt":{"rendered":"<p>Planificaci\u00f3n Patrimonial Servicios de planificaci\u00f3n patrimonial para proteger y organizar bienes en Estados Unidos. Asesor\u00eda legal especializada. Ingles &nbsp; Testamento (Last Will and Testament) &nbsp; Trust (Fideicomiso) &nbsp; Ver todas las categorias \u00bfNo est\u00e1s seguro de cu\u00e1l es el camino legal adecuado para ti? Habla con nuestro equipo legal para evaluar tus objetivos y recibir [&hellip;]<\/p>\n","protected":false},"author":18,"featured_media":0,"parent":21854,"menu_order":0,"comment_status":"closed","ping_status":"closed","template":"","meta":{"content-type":"","footnotes":""},"class_list":["post-21915","page","type-page","status-publish","hentry"],"yoast_head":"<!-- This site is optimized with the Yoast SEO plugin v27.3 - https:\/\/yoast.com\/product\/yoast-seo-wordpress\/ -->\n<title>Planificaci\u00f3n patrimonial | Protecci\u00f3n y organizaci\u00f3n de bienes | Loigica<\/title>\n<meta name=\"description\" content=\"Servicios de planificaci\u00f3n patrimonial para proteger y organizar bienes en Estados Unidos. Asesor\u00eda legal especializada.\" \/>\n<meta name=\"robots\" content=\"index, follow, max-snippet:-1, max-image-preview:large, max-video-preview:-1\" \/>\n<link rel=\"canonical\" href=\"https:\/\/loigica.com\/es\/legal-corporativo\/planificacion-patrimonial\/\" \/>\n<meta property=\"og:locale\" content=\"es_ES\" \/>\n<meta property=\"og:type\" content=\"article\" \/>\n<meta property=\"og:title\" content=\"Planificaci\u00f3n patrimonial | Protecci\u00f3n y organizaci\u00f3n de bienes | Loigica\" \/>\n<meta property=\"og:description\" content=\"Servicios de planificaci\u00f3n patrimonial para proteger y organizar bienes en Estados Unidos. Asesor\u00eda legal especializada.\" \/>\n<meta property=\"og:url\" content=\"https:\/\/loigica.com\/es\/legal-corporativo\/planificacion-patrimonial\/\" \/>\n<meta property=\"og:site_name\" content=\"Loigica\" \/>\n<meta property=\"article:publisher\" content=\"https:\/\/www.facebook.com\/loigica\/\" \/>\n<meta property=\"article:modified_time\" content=\"2026-02-10T16:43:40+00:00\" \/>\n<meta property=\"og:image\" content=\"https:\/\/loigica.com\/es\/wp-content\/uploads\/cropped-Loigica-Silver-2.png\" \/>\n\t<meta property=\"og:image:width\" content=\"380\" \/>\n\t<meta property=\"og:image:height\" content=\"322\" \/>\n\t<meta property=\"og:image:type\" content=\"image\/png\" \/>\n<meta name=\"twitter:card\" content=\"summary_large_image\" \/>\n<meta name=\"twitter:site\" content=\"@Loigica\" \/>\n<meta name=\"twitter:label1\" content=\"Tiempo de lectura\" \/>\n\t<meta name=\"twitter:data1\" content=\"1 minuto\" \/>\n<script type=\"application\/ld+json\" class=\"yoast-schema-graph\">{\"@context\":\"https:\\\/\\\/schema.org\",\"@graph\":[{\"@type\":\"WebPage\",\"@id\":\"https:\\\/\\\/loigica.com\\\/es\\\/legal-corporativo\\\/planificacion-patrimonial\\\/\",\"url\":\"https:\\\/\\\/loigica.com\\\/es\\\/legal-corporativo\\\/planificacion-patrimonial\\\/\",\"name\":\"Planificaci\u00f3n patrimonial | Protecci\u00f3n y organizaci\u00f3n de bienes | Loigica\",\"isPartOf\":{\"@id\":\"https:\\\/\\\/loigica.com\\\/es\\\/#website\"},\"primaryImageOfPage\":{\"@id\":\"https:\\\/\\\/loigica.com\\\/es\\\/legal-corporativo\\\/planificacion-patrimonial\\\/#primaryimage\"},\"image\":{\"@id\":\"https:\\\/\\\/loigica.com\\\/es\\\/legal-corporativo\\\/planificacion-patrimonial\\\/#primaryimage\"},\"thumbnailUrl\":\"https:\\\/\\\/loigica.com\\\/es\\\/wp-content\\\/uploads\\\/cropped-Loigica-Silver-2.png\",\"datePublished\":\"2026-02-05T16:49:49+00:00\",\"dateModified\":\"2026-02-10T16:43:40+00:00\",\"description\":\"Servicios de planificaci\u00f3n patrimonial para proteger y organizar bienes en Estados Unidos. Asesor\u00eda legal especializada.\",\"breadcrumb\":{\"@id\":\"https:\\\/\\\/loigica.com\\\/es\\\/legal-corporativo\\\/planificacion-patrimonial\\\/#breadcrumb\"},\"inLanguage\":\"es\",\"potentialAction\":[{\"@type\":\"ReadAction\",\"target\":[\"https:\\\/\\\/loigica.com\\\/es\\\/legal-corporativo\\\/planificacion-patrimonial\\\/\"]}]},{\"@type\":\"ImageObject\",\"inLanguage\":\"es\",\"@id\":\"https:\\\/\\\/loigica.com\\\/es\\\/legal-corporativo\\\/planificacion-patrimonial\\\/#primaryimage\",\"url\":\"https:\\\/\\\/loigica.com\\\/es\\\/wp-content\\\/uploads\\\/cropped-Loigica-Silver-2.png\",\"contentUrl\":\"https:\\\/\\\/loigica.com\\\/es\\\/wp-content\\\/uploads\\\/cropped-Loigica-Silver-2.png\",\"width\":380,\"height\":322,\"caption\":\"visas de talento\"},{\"@type\":\"BreadcrumbList\",\"@id\":\"https:\\\/\\\/loigica.com\\\/es\\\/legal-corporativo\\\/planificacion-patrimonial\\\/#breadcrumb\",\"itemListElement\":[{\"@type\":\"ListItem\",\"position\":1,\"name\":\"Legal y Corporativo | Servicios legales para empresas y personas\",\"item\":\"https:\\\/\\\/loigica.com\\\/es\\\/legal-corporativo\\\/\"},{\"@type\":\"ListItem\",\"position\":2,\"name\":\"Planificaci\u00f3n patrimonial | Protecci\u00f3n y organizaci\u00f3n de bienes\"}]},{\"@type\":\"WebSite\",\"@id\":\"https:\\\/\\\/loigica.com\\\/es\\\/#website\",\"url\":\"https:\\\/\\\/loigica.com\\\/es\\\/\",\"name\":\"Loigica\",\"description\":\"Abogados de Negocios e Inmigraci\u00f3n | USA - LATAM\",\"publisher\":{\"@id\":\"https:\\\/\\\/loigica.com\\\/es\\\/#organization\"},\"potentialAction\":[{\"@type\":\"SearchAction\",\"target\":{\"@type\":\"EntryPoint\",\"urlTemplate\":\"https:\\\/\\\/loigica.com\\\/es\\\/?s={search_term_string}\"},\"query-input\":{\"@type\":\"PropertyValueSpecification\",\"valueRequired\":true,\"valueName\":\"search_term_string\"}}],\"inLanguage\":\"es\"},{\"@type\":\"Organization\",\"@id\":\"https:\\\/\\\/loigica.com\\\/es\\\/#organization\",\"name\":\"Loigica\",\"alternateName\":\"Loigica Immigration Attorneys\",\"url\":\"https:\\\/\\\/loigica.com\\\/es\\\/\",\"logo\":{\"@type\":\"ImageObject\",\"inLanguage\":\"es\",\"@id\":\"https:\\\/\\\/loigica.com\\\/es\\\/#\\\/schema\\\/logo\\\/image\\\/\",\"url\":\"https:\\\/\\\/loigica.com\\\/es\\\/wp-content\\\/uploads\\\/cropped-Loigica-Silver.png\",\"contentUrl\":\"https:\\\/\\\/loigica.com\\\/es\\\/wp-content\\\/uploads\\\/cropped-Loigica-Silver.png\",\"width\":369,\"height\":317,\"caption\":\"Loigica\"},\"image\":{\"@id\":\"https:\\\/\\\/loigica.com\\\/es\\\/#\\\/schema\\\/logo\\\/image\\\/\"},\"sameAs\":[\"https:\\\/\\\/www.facebook.com\\\/loigica\\\/\",\"https:\\\/\\\/x.com\\\/Loigica\",\"https:\\\/\\\/www.instagram.com\\\/loigica\\\/\",\"https:\\\/\\\/www.youtube.com\\\/@Loigica\\\/\"]}]}<\/script>\n<!-- \/ Yoast SEO plugin. -->","yoast_head_json":{"title":"Planificaci\u00f3n patrimonial | Protecci\u00f3n y organizaci\u00f3n de bienes | Loigica","description":"Servicios de planificaci\u00f3n patrimonial para proteger y organizar bienes en Estados Unidos. Asesor\u00eda legal especializada.","robots":{"index":"index","follow":"follow","max-snippet":"max-snippet:-1","max-image-preview":"max-image-preview:large","max-video-preview":"max-video-preview:-1"},"canonical":"https:\/\/loigica.com\/es\/legal-corporativo\/planificacion-patrimonial\/","og_locale":"es_ES","og_type":"article","og_title":"Planificaci\u00f3n patrimonial | Protecci\u00f3n y organizaci\u00f3n de bienes | Loigica","og_description":"Servicios de planificaci\u00f3n patrimonial para proteger y organizar bienes en Estados Unidos. Asesor\u00eda legal especializada.","og_url":"https:\/\/loigica.com\/es\/legal-corporativo\/planificacion-patrimonial\/","og_site_name":"Loigica","article_publisher":"https:\/\/www.facebook.com\/loigica\/","article_modified_time":"2026-02-10T16:43:40+00:00","og_image":[{"width":380,"height":322,"url":"https:\/\/loigica.com\/es\/wp-content\/uploads\/cropped-Loigica-Silver-2.png","type":"image\/png"}],"twitter_card":"summary_large_image","twitter_site":"@Loigica","twitter_misc":{"Tiempo de lectura":"1 minuto"},"schema":{"@context":"https:\/\/schema.org","@graph":[{"@type":"WebPage","@id":"https:\/\/loigica.com\/es\/legal-corporativo\/planificacion-patrimonial\/","url":"https:\/\/loigica.com\/es\/legal-corporativo\/planificacion-patrimonial\/","name":"Planificaci\u00f3n patrimonial | Protecci\u00f3n y organizaci\u00f3n de bienes | Loigica","isPartOf":{"@id":"https:\/\/loigica.com\/es\/#website"},"primaryImageOfPage":{"@id":"https:\/\/loigica.com\/es\/legal-corporativo\/planificacion-patrimonial\/#primaryimage"},"image":{"@id":"https:\/\/loigica.com\/es\/legal-corporativo\/planificacion-patrimonial\/#primaryimage"},"thumbnailUrl":"https:\/\/loigica.com\/es\/wp-content\/uploads\/cropped-Loigica-Silver-2.png","datePublished":"2026-02-05T16:49:49+00:00","dateModified":"2026-02-10T16:43:40+00:00","description":"Servicios de planificaci\u00f3n patrimonial para proteger y organizar bienes en Estados Unidos. Asesor\u00eda legal especializada.","breadcrumb":{"@id":"https:\/\/loigica.com\/es\/legal-corporativo\/planificacion-patrimonial\/#breadcrumb"},"inLanguage":"es","potentialAction":[{"@type":"ReadAction","target":["https:\/\/loigica.com\/es\/legal-corporativo\/planificacion-patrimonial\/"]}]},{"@type":"ImageObject","inLanguage":"es","@id":"https:\/\/loigica.com\/es\/legal-corporativo\/planificacion-patrimonial\/#primaryimage","url":"https:\/\/loigica.com\/es\/wp-content\/uploads\/cropped-Loigica-Silver-2.png","contentUrl":"https:\/\/loigica.com\/es\/wp-content\/uploads\/cropped-Loigica-Silver-2.png","width":380,"height":322,"caption":"visas de talento"},{"@type":"BreadcrumbList","@id":"https:\/\/loigica.com\/es\/legal-corporativo\/planificacion-patrimonial\/#breadcrumb","itemListElement":[{"@type":"ListItem","position":1,"name":"Legal y Corporativo | Servicios legales para empresas y personas","item":"https:\/\/loigica.com\/es\/legal-corporativo\/"},{"@type":"ListItem","position":2,"name":"Planificaci\u00f3n patrimonial | Protecci\u00f3n y organizaci\u00f3n de bienes"}]},{"@type":"WebSite","@id":"https:\/\/loigica.com\/es\/#website","url":"https:\/\/loigica.com\/es\/","name":"Loigica","description":"Abogados de Negocios e Inmigraci\u00f3n | USA - LATAM","publisher":{"@id":"https:\/\/loigica.com\/es\/#organization"},"potentialAction":[{"@type":"SearchAction","target":{"@type":"EntryPoint","urlTemplate":"https:\/\/loigica.com\/es\/?s={search_term_string}"},"query-input":{"@type":"PropertyValueSpecification","valueRequired":true,"valueName":"search_term_string"}}],"inLanguage":"es"},{"@type":"Organization","@id":"https:\/\/loigica.com\/es\/#organization","name":"Loigica","alternateName":"Loigica Immigration Attorneys","url":"https:\/\/loigica.com\/es\/","logo":{"@type":"ImageObject","inLanguage":"es","@id":"https:\/\/loigica.com\/es\/#\/schema\/logo\/image\/","url":"https:\/\/loigica.com\/es\/wp-content\/uploads\/cropped-Loigica-Silver.png","contentUrl":"https:\/\/loigica.com\/es\/wp-content\/uploads\/cropped-Loigica-Silver.png","width":369,"height":317,"caption":"Loigica"},"image":{"@id":"https:\/\/loigica.com\/es\/#\/schema\/logo\/image\/"},"sameAs":["https:\/\/www.facebook.com\/loigica\/","https:\/\/x.com\/Loigica","https:\/\/www.instagram.com\/loigica\/","https:\/\/www.youtube.com\/@Loigica\/"]}]}},"_links":{"self":[{"href":"https:\/\/loigica.com\/es\/wp-json\/wp\/v2\/pages\/21915","targetHints":{"allow":["GET"]}}],"collection":[{"href":"https:\/\/loigica.com\/es\/wp-json\/wp\/v2\/pages"}],"about":[{"href":"https:\/\/loigica.com\/es\/wp-json\/wp\/v2\/types\/page"}],"author":[{"embeddable":true,"href":"https:\/\/loigica.com\/es\/wp-json\/wp\/v2\/users\/18"}],"replies":[{"embeddable":true,"href":"https:\/\/loigica.com\/es\/wp-json\/wp\/v2\/comments?post=21915"}],"version-history":[{"count":20,"href":"https:\/\/loigica.com\/es\/wp-json\/wp\/v2\/pages\/21915\/revisions"}],"predecessor-version":[{"id":22288,"href":"https:\/\/loigica.com\/es\/wp-json\/wp\/v2\/pages\/21915\/revisions\/22288"}],"up":[{"embeddable":true,"href":"https:\/\/loigica.com\/es\/wp-json\/wp\/v2\/pages\/21854"}],"wp:attachment":[{"href":"https:\/\/loigica.com\/es\/wp-json\/wp\/v2\/media?parent=21915"}],"curies":[{"name":"wp","href":"https:\/\/api.w.org\/{rel}","templated":true}]}}