{"id":3208,"date":"2022-10-02T19:58:28","date_gmt":"2022-10-02T23:58:28","guid":{"rendered":"https:\/\/loigica.com\/?page_id=3208"},"modified":"2026-02-24T10:49:37","modified_gmt":"2026-02-24T15:49:37","slug":"contactar","status":"publish","type":"page","link":"https:\/\/loigica.com\/es\/contactar\/","title":{"rendered":"Contactar"},"content":{"rendered":"\t\t<div data-elementor-type=\"wp-page\" data-elementor-id=\"3208\" class=\"elementor elementor-3208\" data-elementor-post-type=\"page\">\n\t\t\t\t<div class=\"elementor-element elementor-element-ea2bded e-flex e-con-boxed e-con e-parent\" data-id=\"ea2bded\" data-element_type=\"container\" data-e-type=\"container\">\n\t\t\t\t\t<div class=\"e-con-inner\">\n\t\t\t\t<div class=\"elementor-element elementor-element-55fed41 elementor-widget elementor-widget-image\" data-id=\"55fed41\" data-element_type=\"widget\" data-e-type=\"widget\" data-widget_type=\"image.default\">\n\t\t\t\t<div class=\"elementor-widget-container\">\n\t\t\t\t\t\t\t\t\t\t\t\t\t\t\t<img decoding=\"async\" src=\"https:\/\/loigica.com\/es\/wp-content\/uploads\/elementor\/thumbs\/cropped-Loigica-Silver-rikt4u3goyxsjw5vh0nk3nnipvdatgfer43b2z5x84.png\" title=\"cropped-Loigica-Silver.png\" alt=\"cropped-Loigica-Silver.png\" loading=\"lazy\" \/>\t\t\t\t\t\t\t\t\t\t\t\t\t\t\t<\/div>\n\t\t\t\t<\/div>\n\t\t\t\t<div class=\"elementor-element elementor-element-685423e elementor-widget elementor-widget-text-editor\" data-id=\"685423e\" data-element_type=\"widget\" data-e-type=\"widget\" data-widget_type=\"text-editor.default\">\n\t\t\t\t<div class=\"elementor-widget-container\">\n\t\t\t\t\t\t\t\t\t<h2 style=\"text-align: center;\"><strong>Estamos disponibles para ti<\/strong><\/h2>\t\t\t\t\t\t\t\t<\/div>\n\t\t\t\t<\/div>\n\t\t\t\t\t<\/div>\n\t\t\t\t<\/div>\n\t\t\t\t<section class=\"elementor-section elementor-top-section elementor-element elementor-element-4507468 elementor-section-content-middle elementor-section-boxed elementor-section-height-default elementor-section-height-default\" data-id=\"4507468\" data-element_type=\"section\" data-e-type=\"section\">\n\t\t\t\t\t\t<div class=\"elementor-container elementor-column-gap-default\">\n\t\t\t\t\t<div class=\"elementor-column elementor-col-50 elementor-top-column elementor-element elementor-element-4ca21aa\" data-id=\"4ca21aa\" data-element_type=\"column\" data-e-type=\"column\">\n\t\t\t<div class=\"elementor-widget-wrap elementor-element-populated\">\n\t\t\t\t\t\t<div class=\"elementor-element elementor-element-796a23f elementor-widget elementor-widget-text-editor\" data-id=\"796a23f\" data-element_type=\"widget\" data-e-type=\"widget\" data-widget_type=\"text-editor.default\">\n\t\t\t\t<div class=\"elementor-widget-container\">\n\t\t\t\t\t\t\t\t\t<h3><strong>Cont\u00e1ctanos\u00a0<\/strong><\/h3>\t\t\t\t\t\t\t\t<\/div>\n\t\t\t\t<\/div>\n\t\t\t\t<div class=\"elementor-element elementor-element-c48269e elementor-widget elementor-widget-hubspot-form\" data-id=\"c48269e\" data-element_type=\"widget\" data-e-type=\"widget\" data-widget_type=\"hubspot-form.default\">\n\t\t\t\t<div class=\"elementor-widget-container\">\n\t\t\t\t\t\n\t\t\t\t\t\t<script>\n\t\t\t\t\t\t\twindow.hsFormsOnReady = window.hsFormsOnReady || [];\n\t\t\t\t\t\t\twindow.hsFormsOnReady.push(()=>{\n\t\t\t\t\t\t\t\thbspt.forms.create({\n\t\t\t\t\t\t\t\t\tportalId: 1653096,\n\t\t\t\t\t\t\t\t\tformId: \"b9943b6a-96e6-460e-a8ff-e03eb8d791bb\",\n\t\t\t\t\t\t\t\t\ttarget: \"#hbspt-form-1777431688000-1306743274\",\n\t\t\t\t\t\t\t\t\tregion: \"na1\",\n\t\t\t\t\t\t\t\t\t\n\t\t\t\t\t\t\t})});\n\t\t\t\t\t\t<\/script>\n\t\t\t\t\t\t<div class=\"hbspt-form\" id=\"hbspt-form-1777431688000-1306743274\"><\/div>\t\t\t\t<\/div>\n\t\t\t\t<\/div>\n\t\t\t\t\t<\/div>\n\t\t<\/div>\n\t\t\t\t<div class=\"elementor-column elementor-col-50 elementor-top-column elementor-element elementor-element-ad502f9 elementor-hidden-tablet elementor-hidden-mobile\" data-id=\"ad502f9\" data-element_type=\"column\" data-e-type=\"column\" data-settings=\"{&quot;background_background&quot;:&quot;classic&quot;}\">\n\t\t\t<div class=\"elementor-widget-wrap elementor-element-populated\">\n\t\t\t\t\t<div class=\"elementor-background-overlay\"><\/div>\n\t\t\t\t\t\t<div class=\"elementor-element elementor-element-3e62e73 elementor-view-default elementor-widget elementor-widget-icon\" data-id=\"3e62e73\" data-element_type=\"widget\" data-e-type=\"widget\" data-widget_type=\"icon.default\">\n\t\t\t\t<div class=\"elementor-widget-container\">\n\t\t\t\t\t\t\t<div class=\"elementor-icon-wrapper\">\n\t\t\t<div class=\"elementor-icon\">\n\t\t\t<svg xmlns=\"http:\/\/www.w3.org\/2000\/svg\" xmlns:xlink=\"http:\/\/www.w3.org\/1999\/xlink\" x=\"0px\" y=\"0px\" viewBox=\"0 0 72 72\" style=\"enable-background:new 0 0 72 72;\" xml:space=\"preserve\"><g id=\"Capa_12\">\t<g>\t\t<g>\t\t\t<g>\t\t\t\t<g>\t\t\t\t\t<g>\t\t\t\t\t\t<path d=\"M40.3,34.5c0.7-0.1,1.4-0.2,2.1-0.2c5.7,0.3,7.1,5.4,6.2,8.2c-1.7,4.9-4.1,5.5-6.5,11c-1.8,4.1-3,8.9-0.5,15.6h14.7       c-10.2-11.5-0.1-29.2,15.4-25.8c-1.3-9.6-10.2-13.2-16.5-11.6c-1-2.6-5.4-8.9-14-7.7C18.8,27.3,14.5,10,16,2.9       C2,16.8,12.9,39.3,40.3,34.5z\"><\/path>\t\t\t\t\t<\/g>\t\t\t\t<\/g>\t\t\t<\/g>\t\t\t<path d=\"M31.4,42.3C7.5,46.5,2.2,28.5,2.6,23.1C-4,35.2,4,55.4,21.8,51.2c2.5-0.8,3.5,1.9,1.7,3c-7.6,4.4-9.3,9.9-9.7,14.9    c0,0,14.4,0,14.4,0c-1-11.7,5.5-16.4,7.8-18.6C39.9,46.4,36.4,41.4,31.4,42.3z\"><\/path>\t\t<\/g>\t<\/g><\/g><g id=\"Capa_11\"><\/g><g id=\"Capa_10\"><\/g><g id=\"Capa_5\"><\/g><g id=\"Capa_8\"><\/g><g id=\"Capa_7\"><\/g><g id=\"Capa_6\"><\/g><g id=\"Capa_4\"><\/g><g id=\"Capa_3\"><\/g><g id=\"Capa_2\"><\/g><\/svg>\t\t\t<\/div>\n\t\t<\/div>\n\t\t\t\t\t\t<\/div>\n\t\t\t\t<\/div>\n\t\t\t\t<div class=\"elementor-element elementor-element-f2c944c elementor-widget elementor-widget-text-editor\" data-id=\"f2c944c\" data-element_type=\"widget\" data-e-type=\"widget\" data-widget_type=\"text-editor.default\">\n\t\t\t\t<div class=\"elementor-widget-container\">\n\t\t\t\t\t\t\t\t\t<h3><span class=\"TextRun SCXW160486573 BCX0\" lang=\"ES-ES\" xml:lang=\"ES-ES\" data-contrast=\"none\"><span class=\"NormalTextRun SCXW160486573 BCX0\">Consultas generales\u00a0<\/span><\/span><\/h3>\t\t\t\t\t\t\t\t<\/div>\n\t\t\t\t<\/div>\n\t\t\t\t<div class=\"elementor-element elementor-element-630a1d5 elementor-widget elementor-widget-text-editor\" data-id=\"630a1d5\" data-element_type=\"widget\" data-e-type=\"widget\" data-widget_type=\"text-editor.default\">\n\t\t\t\t<div class=\"elementor-widget-container\">\n\t\t\t\t\t\t\t\t\t<p><strong>Horas de atenci\u00f3n:<\/strong><\/p><p>Lunes a viernes,<br \/>9:00 a.m. a 5:00 p.m. (EST)<\/p><p>\u00a0<\/p><p><strong>Tel\u00e9fono:<\/strong> +1 (786) 292-9704<\/p><p>\u00a0<\/p><p><strong>Correo electr\u00f3nico:<\/strong> marketing@loigica.com<\/p>\t\t\t\t\t\t\t\t<\/div>\n\t\t\t\t<\/div>\n\t\t\t\t\t<\/div>\n\t\t<\/div>\n\t\t\t\t\t<\/div>\n\t\t<\/section>\n\t\t\t\t<\/div>\n\t\t","protected":false},"excerpt":{"rendered":"<p>Estamos disponibles para ti Cont\u00e1ctanos\u00a0 Consultas generales\u00a0 Horas de atenci\u00f3n: Lunes a viernes,9:00 a.m. a 5:00 p.m. (EST) \u00a0 Tel\u00e9fono: +1 (786) 292-9704 \u00a0 Correo electr\u00f3nico: marketing@loigica.com<\/p>\n","protected":false},"author":5,"featured_media":0,"parent":0,"menu_order":0,"comment_status":"closed","ping_status":"closed","template":"","meta":{"content-type":"","footnotes":""},"class_list":["post-3208","page","type-page","status-publish","hentry"],"yoast_head":"<!-- This site is optimized with the Yoast SEO plugin v27.5 - https:\/\/yoast.com\/product\/yoast-seo-wordpress\/ -->\n<title>Nuestros abogados de migraci\u00f3n | LOIGICA Abogados de Inmigraci\u00f3n<\/title>\n<meta name=\"description\" content=\"Consulta a nuestros abogados de migraci\u00f3n de Loigica. \u00a1Conoce nuestros casos de \u00e9xito y los tipos de visa americana que tenemos en nuestro portafolio.\" \/>\n<meta name=\"robots\" content=\"index, follow, max-snippet:-1, max-image-preview:large, max-video-preview:-1\" \/>\n<link rel=\"canonical\" href=\"https:\/\/loigica.com\/es\/contactar\/\" \/>\n<meta property=\"og:locale\" content=\"es_ES\" \/>\n<meta property=\"og:type\" content=\"article\" \/>\n<meta property=\"og:title\" content=\"Nuestros abogados de migraci\u00f3n | LOIGICA Abogados de Inmigraci\u00f3n\" \/>\n<meta property=\"og:description\" content=\"Consulta a nuestros abogados de migraci\u00f3n de Loigica. \u00a1Conoce nuestros casos de \u00e9xito y los tipos de visa americana que tenemos en nuestro portafolio.\" \/>\n<meta property=\"og:url\" content=\"https:\/\/loigica.com\/es\/contactar\/\" \/>\n<meta property=\"og:site_name\" content=\"Loigica\" \/>\n<meta property=\"article:publisher\" content=\"https:\/\/www.facebook.com\/loigica\/\" \/>\n<meta property=\"article:modified_time\" content=\"2026-02-24T15:49:37+00:00\" \/>\n<meta property=\"og:image\" content=\"https:\/\/loigica.com\/es\/wp-content\/uploads\/elementor\/thumbs\/cropped-Loigica-Silver-rikt4u3goyxsjw5vh0nk3nnipvdatgfer43b2z5x84.png\" \/>\n<meta name=\"twitter:card\" content=\"summary_large_image\" \/>\n<meta name=\"twitter:site\" content=\"@Loigica\" \/>\n<meta name=\"twitter:label1\" content=\"Tiempo de lectura\" \/>\n\t<meta name=\"twitter:data1\" content=\"1 minuto\" \/>\n<script type=\"application\/ld+json\" class=\"yoast-schema-graph\">{\"@context\":\"https:\\\/\\\/schema.org\",\"@graph\":[{\"@type\":\"WebPage\",\"@id\":\"https:\\\/\\\/loigica.com\\\/es\\\/contactar\\\/\",\"url\":\"https:\\\/\\\/loigica.com\\\/es\\\/contactar\\\/\",\"name\":\"Nuestros abogados de migraci\u00f3n | LOIGICA Abogados de Inmigraci\u00f3n\",\"isPartOf\":{\"@id\":\"https:\\\/\\\/loigica.com\\\/es\\\/#website\"},\"primaryImageOfPage\":{\"@id\":\"https:\\\/\\\/loigica.com\\\/es\\\/contactar\\\/#primaryimage\"},\"image\":{\"@id\":\"https:\\\/\\\/loigica.com\\\/es\\\/contactar\\\/#primaryimage\"},\"thumbnailUrl\":\"https:\\\/\\\/loigica.com\\\/es\\\/wp-content\\\/uploads\\\/elementor\\\/thumbs\\\/cropped-Loigica-Silver-rikt4u3goyxsjw5vh0nk3nnipvdatgfer43b2z5x84.png\",\"datePublished\":\"2022-10-02T23:58:28+00:00\",\"dateModified\":\"2026-02-24T15:49:37+00:00\",\"description\":\"Consulta a nuestros abogados de migraci\u00f3n de Loigica. \u00a1Conoce nuestros casos de \u00e9xito y los tipos de visa americana que tenemos en nuestro portafolio.\",\"inLanguage\":\"es\",\"potentialAction\":[{\"@type\":\"ReadAction\",\"target\":[\"https:\\\/\\\/loigica.com\\\/es\\\/contactar\\\/\"]}]},{\"@type\":\"ImageObject\",\"inLanguage\":\"es\",\"@id\":\"https:\\\/\\\/loigica.com\\\/es\\\/contactar\\\/#primaryimage\",\"url\":\"https:\\\/\\\/loigica.com\\\/es\\\/wp-content\\\/uploads\\\/elementor\\\/thumbs\\\/cropped-Loigica-Silver-rikt4u3goyxsjw5vh0nk3nnipvdatgfer43b2z5x84.png\",\"contentUrl\":\"https:\\\/\\\/loigica.com\\\/es\\\/wp-content\\\/uploads\\\/elementor\\\/thumbs\\\/cropped-Loigica-Silver-rikt4u3goyxsjw5vh0nk3nnipvdatgfer43b2z5x84.png\"},{\"@type\":\"WebSite\",\"@id\":\"https:\\\/\\\/loigica.com\\\/es\\\/#website\",\"url\":\"https:\\\/\\\/loigica.com\\\/es\\\/\",\"name\":\"Loigica\",\"description\":\"Abogados de Negocios e Inmigraci\u00f3n | USA - LATAM\",\"publisher\":{\"@id\":\"https:\\\/\\\/loigica.com\\\/es\\\/#organization\"},\"potentialAction\":[{\"@type\":\"SearchAction\",\"target\":{\"@type\":\"EntryPoint\",\"urlTemplate\":\"https:\\\/\\\/loigica.com\\\/es\\\/?s={search_term_string}\"},\"query-input\":{\"@type\":\"PropertyValueSpecification\",\"valueRequired\":true,\"valueName\":\"search_term_string\"}}],\"inLanguage\":\"es\"},{\"@type\":\"Organization\",\"@id\":\"https:\\\/\\\/loigica.com\\\/es\\\/#organization\",\"name\":\"Loigica\",\"alternateName\":\"Loigica Immigration Attorneys\",\"url\":\"https:\\\/\\\/loigica.com\\\/es\\\/\",\"logo\":{\"@type\":\"ImageObject\",\"inLanguage\":\"es\",\"@id\":\"https:\\\/\\\/loigica.com\\\/es\\\/#\\\/schema\\\/logo\\\/image\\\/\",\"url\":\"https:\\\/\\\/loigica.com\\\/es\\\/wp-content\\\/uploads\\\/cropped-Loigica-Silver.png\",\"contentUrl\":\"https:\\\/\\\/loigica.com\\\/es\\\/wp-content\\\/uploads\\\/cropped-Loigica-Silver.png\",\"width\":369,\"height\":317,\"caption\":\"Loigica\"},\"image\":{\"@id\":\"https:\\\/\\\/loigica.com\\\/es\\\/#\\\/schema\\\/logo\\\/image\\\/\"},\"sameAs\":[\"https:\\\/\\\/www.facebook.com\\\/loigica\\\/\",\"https:\\\/\\\/x.com\\\/Loigica\",\"https:\\\/\\\/www.instagram.com\\\/loigica\\\/\",\"https:\\\/\\\/www.youtube.com\\\/@Loigica\\\/\"]}]}<\/script>\n<!-- \/ Yoast SEO plugin. -->","yoast_head_json":{"title":"Nuestros abogados de migraci\u00f3n | LOIGICA Abogados de Inmigraci\u00f3n","description":"Consulta a nuestros abogados de migraci\u00f3n de Loigica. \u00a1Conoce nuestros casos de \u00e9xito y los tipos de visa americana que tenemos en nuestro portafolio.","robots":{"index":"index","follow":"follow","max-snippet":"max-snippet:-1","max-image-preview":"max-image-preview:large","max-video-preview":"max-video-preview:-1"},"canonical":"https:\/\/loigica.com\/es\/contactar\/","og_locale":"es_ES","og_type":"article","og_title":"Nuestros abogados de migraci\u00f3n | LOIGICA Abogados de Inmigraci\u00f3n","og_description":"Consulta a nuestros abogados de migraci\u00f3n de Loigica. \u00a1Conoce nuestros casos de \u00e9xito y los tipos de visa americana que tenemos en nuestro portafolio.","og_url":"https:\/\/loigica.com\/es\/contactar\/","og_site_name":"Loigica","article_publisher":"https:\/\/www.facebook.com\/loigica\/","article_modified_time":"2026-02-24T15:49:37+00:00","og_image":[{"url":"https:\/\/loigica.com\/es\/wp-content\/uploads\/elementor\/thumbs\/cropped-Loigica-Silver-rikt4u3goyxsjw5vh0nk3nnipvdatgfer43b2z5x84.png","type":"","width":"","height":""}],"twitter_card":"summary_large_image","twitter_site":"@Loigica","twitter_misc":{"Tiempo de lectura":"1 minuto"},"schema":{"@context":"https:\/\/schema.org","@graph":[{"@type":"WebPage","@id":"https:\/\/loigica.com\/es\/contactar\/","url":"https:\/\/loigica.com\/es\/contactar\/","name":"Nuestros abogados de migraci\u00f3n | LOIGICA Abogados de Inmigraci\u00f3n","isPartOf":{"@id":"https:\/\/loigica.com\/es\/#website"},"primaryImageOfPage":{"@id":"https:\/\/loigica.com\/es\/contactar\/#primaryimage"},"image":{"@id":"https:\/\/loigica.com\/es\/contactar\/#primaryimage"},"thumbnailUrl":"https:\/\/loigica.com\/es\/wp-content\/uploads\/elementor\/thumbs\/cropped-Loigica-Silver-rikt4u3goyxsjw5vh0nk3nnipvdatgfer43b2z5x84.png","datePublished":"2022-10-02T23:58:28+00:00","dateModified":"2026-02-24T15:49:37+00:00","description":"Consulta a nuestros abogados de migraci\u00f3n de Loigica. \u00a1Conoce nuestros casos de \u00e9xito y los tipos de visa americana que tenemos en nuestro portafolio.","inLanguage":"es","potentialAction":[{"@type":"ReadAction","target":["https:\/\/loigica.com\/es\/contactar\/"]}]},{"@type":"ImageObject","inLanguage":"es","@id":"https:\/\/loigica.com\/es\/contactar\/#primaryimage","url":"https:\/\/loigica.com\/es\/wp-content\/uploads\/elementor\/thumbs\/cropped-Loigica-Silver-rikt4u3goyxsjw5vh0nk3nnipvdatgfer43b2z5x84.png","contentUrl":"https:\/\/loigica.com\/es\/wp-content\/uploads\/elementor\/thumbs\/cropped-Loigica-Silver-rikt4u3goyxsjw5vh0nk3nnipvdatgfer43b2z5x84.png"},{"@type":"WebSite","@id":"https:\/\/loigica.com\/es\/#website","url":"https:\/\/loigica.com\/es\/","name":"Loigica","description":"Abogados de Negocios e Inmigraci\u00f3n | USA - LATAM","publisher":{"@id":"https:\/\/loigica.com\/es\/#organization"},"potentialAction":[{"@type":"SearchAction","target":{"@type":"EntryPoint","urlTemplate":"https:\/\/loigica.com\/es\/?s={search_term_string}"},"query-input":{"@type":"PropertyValueSpecification","valueRequired":true,"valueName":"search_term_string"}}],"inLanguage":"es"},{"@type":"Organization","@id":"https:\/\/loigica.com\/es\/#organization","name":"Loigica","alternateName":"Loigica Immigration Attorneys","url":"https:\/\/loigica.com\/es\/","logo":{"@type":"ImageObject","inLanguage":"es","@id":"https:\/\/loigica.com\/es\/#\/schema\/logo\/image\/","url":"https:\/\/loigica.com\/es\/wp-content\/uploads\/cropped-Loigica-Silver.png","contentUrl":"https:\/\/loigica.com\/es\/wp-content\/uploads\/cropped-Loigica-Silver.png","width":369,"height":317,"caption":"Loigica"},"image":{"@id":"https:\/\/loigica.com\/es\/#\/schema\/logo\/image\/"},"sameAs":["https:\/\/www.facebook.com\/loigica\/","https:\/\/x.com\/Loigica","https:\/\/www.instagram.com\/loigica\/","https:\/\/www.youtube.com\/@Loigica\/"]}]}},"_links":{"self":[{"href":"https:\/\/loigica.com\/es\/wp-json\/wp\/v2\/pages\/3208","targetHints":{"allow":["GET"]}}],"collection":[{"href":"https:\/\/loigica.com\/es\/wp-json\/wp\/v2\/pages"}],"about":[{"href":"https:\/\/loigica.com\/es\/wp-json\/wp\/v2\/types\/page"}],"author":[{"embeddable":true,"href":"https:\/\/loigica.com\/es\/wp-json\/wp\/v2\/users\/5"}],"replies":[{"embeddable":true,"href":"https:\/\/loigica.com\/es\/wp-json\/wp\/v2\/comments?post=3208"}],"version-history":[{"count":64,"href":"https:\/\/loigica.com\/es\/wp-json\/wp\/v2\/pages\/3208\/revisions"}],"predecessor-version":[{"id":22711,"href":"https:\/\/loigica.com\/es\/wp-json\/wp\/v2\/pages\/3208\/revisions\/22711"}],"wp:attachment":[{"href":"https:\/\/loigica.com\/es\/wp-json\/wp\/v2\/media?parent=3208"}],"curies":[{"name":"wp","href":"https:\/\/api.w.org\/{rel}","templated":true}]}}