{"id":6117,"date":"2023-04-11T12:45:50","date_gmt":"2023-04-11T16:45:50","guid":{"rendered":"https:\/\/loigica.com\/?page_id=6117"},"modified":"2026-04-24T11:07:29","modified_gmt":"2026-04-24T15:07:29","slug":"harry-tapias-abogado-inmigracion","status":"publish","type":"page","link":"https:\/\/loigica.com\/es\/loigica-3\/nuestros-abogados\/harry-tapias-abogado-inmigracion\/","title":{"rendered":"Harry Tapias abogado de inmigraci\u00f3n | CEO LOIGICA"},"content":{"rendered":"\t\t<div data-elementor-type=\"wp-page\" data-elementor-id=\"6117\" class=\"elementor elementor-6117\" data-elementor-post-type=\"page\">\n\t\t\t\t<div class=\"elementor-element elementor-element-c21141f e-flex e-con-boxed e-con e-parent\" data-id=\"c21141f\" data-element_type=\"container\" data-e-type=\"container\" data-settings=\"{&quot;background_background&quot;:&quot;classic&quot;}\">\n\t\t\t\t\t<div class=\"e-con-inner\">\n\t\t<div class=\"elementor-element elementor-element-fcbe7fe e-con-full e-flex e-con e-child\" data-id=\"fcbe7fe\" data-element_type=\"container\" data-e-type=\"container\">\n\t\t\t\t<div class=\"elementor-element elementor-element-2dd0546 elementor-widget elementor-widget-elementskit-heading\" data-id=\"2dd0546\" data-element_type=\"widget\" data-e-type=\"widget\" data-widget_type=\"elementskit-heading.default\">\n\t\t\t\t<div class=\"elementor-widget-container\">\n\t\t\t\t\t<div class=\"ekit-wid-con\" ><div class=\"ekit-heading elementskit-section-title-wraper text_left   ekit_heading_tablet-   ekit_heading_mobile-\"><h2 class=\"ekit-heading--title elementskit-section-title \"><span><span>Harry Tapias<\/span><\/span> CEO y Abogado<\/h2>\t\t\t\t<div class='ekit-heading__description'>\n\t\t\t\t\t<div class=\"\">\n\n<div class=\"text-base my-auto mx-auto pb-10 [--thread-content-margin:var(--thread-content-margin-xs,calc(var(--spacing)*4))] @w-sm\/main:[--thread-content-margin:var(--thread-content-margin-sm,calc(var(--spacing)*6))] @w-lg\/main:[--thread-content-margin:var(--thread-content-margin-lg,calc(var(--spacing)*16))] px-(--thread-content-margin)\">\n<div class=\"[--thread-content-max-width:40rem] @w-lg\/main:[--thread-content-max-width:48rem] mx-auto max-w-(--thread-content-max-width) flex-1 group\/turn-messages focus-visible:outline-hidden relative flex w-full min-w-0 flex-col agent-turn\">\n<div class=\"flex max-w-full flex-col gap-4 grow\">\n<div class=\"min-h-8 text-message relative flex w-full flex-col items-end gap-2 text-start break-words whitespace-normal outline-none keyboard-focused:focus-ring [.text-message+&amp;]:mt-1\">\n<div class=\"flex w-full flex-col gap-1 empty:hidden\">\n<div class=\"markdown prose dark:prose-invert w-full wrap-break-word dark markdown-new-styling\">\n<p>Harry Tapias es CEO y cofundador de Loigica P.A. y se especializa en derecho migratorio empresarial, ayudando a empresas en Estados Unidos a navegar las complejidades de las visas H-1B, EB-3 y otros procesos de inmigraci\u00f3n basados en el empleo.<\/p>\n<\/div>\n<\/div>\n<\/div>\n<\/div>\n<\/div>\n<\/div>\n\n<\/div>\n\t\t\t\t<\/div>\n\t\t\t<div class=\"ekit_heading_separetor_wraper ekit_heading_elementskit-border-divider ekit-dotted\"><div class=\"elementskit-border-divider ekit-dotted\"><\/div><\/div><\/div><\/div>\t\t\t\t<\/div>\n\t\t\t\t<\/div>\n\t\t<div class=\"elementor-element elementor-element-324fd00 e-con-full e-flex e-con e-child\" data-id=\"324fd00\" data-element_type=\"container\" data-e-type=\"container\">\n\t\t\t\t<div class=\"elementor-element elementor-element-803b86d elementor-align-center elementor-widget elementor-widget-elementskit-button\" data-id=\"803b86d\" data-element_type=\"widget\" data-e-type=\"widget\" data-widget_type=\"elementskit-button.default\">\n\t\t\t\t<div class=\"elementor-widget-container\">\n\t\t\t\t\t<div class=\"ekit-wid-con\" >\t\t<div class=\"ekit-btn-wraper\">\n\t\t\t\t\t\t\t<a href=\"#form\" class=\"elementskit-btn  whitespace--normal\" id=\"\">\n\t\t\t\t\tContacta con un abogado ahora\t\t\t\t<\/a>\n\t\t\t\t\t<\/div>\n        <\/div>\t\t\t\t<\/div>\n\t\t\t\t<\/div>\n\t\t\t\t<div class=\"elementor-element elementor-element-c02f9d1 elementor-align-center elementor-widget elementor-widget-elementskit-button\" data-id=\"c02f9d1\" data-element_type=\"widget\" data-e-type=\"widget\" data-widget_type=\"elementskit-button.default\">\n\t\t\t\t<div class=\"elementor-widget-container\">\n\t\t\t\t\t<div class=\"ekit-wid-con\" >\t\t<div class=\"ekit-btn-wraper\">\n\t\t\t\t\t\t\t<a href=\"https:\/\/loigica.com\/about-loigica\/team\/attorney-harry-tapias\/\" class=\"elementskit-btn  whitespace--normal\" id=\"\">\n\t\t\t\t\t<i class=\"fas fa-globe\"><\/i>Ingl\u00e9s\t\t\t\t<\/a>\n\t\t\t\t\t<\/div>\n        <\/div>\t\t\t\t<\/div>\n\t\t\t\t<\/div>\n\t\t\t\t<\/div>\n\t\t\t\t<\/div>\n\t\t\t\t<div class=\"elementor-element elementor-element-05e28d0 elementor-widget elementor-widget-image\" data-id=\"05e28d0\" data-element_type=\"widget\" data-e-type=\"widget\" data-widget_type=\"image.default\">\n\t\t\t\t<div class=\"elementor-widget-container\">\n\t\t\t\t\t\t\t\t\t\t\t\t\t\t\t<img fetchpriority=\"high\" decoding=\"async\" width=\"800\" height=\"966\" src=\"https:\/\/loigica.com\/es\/wp-content\/uploads\/HARRY-TAPIAS-848x1024.png\" class=\"attachment-large size-large wp-image-23018\" alt=\"Harry Tapias\" srcset=\"https:\/\/loigica.com\/es\/wp-content\/uploads\/HARRY-TAPIAS-848x1024.png 848w, https:\/\/loigica.com\/es\/wp-content\/uploads\/HARRY-TAPIAS-249x300.png 249w, https:\/\/loigica.com\/es\/wp-content\/uploads\/HARRY-TAPIAS-768x927.png 768w, https:\/\/loigica.com\/es\/wp-content\/uploads\/HARRY-TAPIAS.png 928w\" sizes=\"(max-width: 800px) 100vw, 800px\" \/>\t\t\t\t\t\t\t\t\t\t\t\t\t\t\t<\/div>\n\t\t\t\t<\/div>\n\t\t\t\t\t<\/div>\n\t\t\t\t<\/div>\n\t\t<div class=\"elementor-element elementor-element-58f3fb4 e-flex e-con-boxed e-con e-parent\" data-id=\"58f3fb4\" data-element_type=\"container\" data-e-type=\"container\">\n\t\t\t\t\t<div class=\"e-con-inner\">\n\t\t\t\t<div class=\"elementor-element elementor-element-c90910f elementor-widget__width-auto elementor-widget elementor-widget-elementskit-heading\" data-id=\"c90910f\" data-element_type=\"widget\" data-e-type=\"widget\" data-widget_type=\"elementskit-heading.default\">\n\t\t\t\t<div class=\"elementor-widget-container\">\n\t\t\t\t\t<div class=\"ekit-wid-con\" ><div class=\"ekit-heading elementskit-section-title-wraper text_left   ekit_heading_tablet-   ekit_heading_mobile-\"><div class=\"ekit_heading_separetor_wraper ekit_heading_elementskit-border-divider ekit-dotted\"><div class=\"elementskit-border-divider ekit-dotted\"><\/div><\/div><h2 class=\"ekit-heading--title elementskit-section-title \">Sobre <span><span>Harry Tapias<\/span><\/span><\/h2><\/div><\/div>\t\t\t\t<\/div>\n\t\t\t\t<\/div>\n\t\t\t\t<div class=\"elementor-element elementor-element-566bb49 elementor-widget__width-inherit elementor-widget elementor-widget-text-editor\" data-id=\"566bb49\" data-element_type=\"widget\" data-e-type=\"widget\" data-widget_type=\"text-editor.default\">\n\t\t\t\t<div class=\"elementor-widget-container\">\n\t\t\t\t\t\t\t\t\t<p data-start=\"218\" data-end=\"428\"><strong data-start=\"218\" data-end=\"234\">Harry Tapias<\/strong> comenz\u00f3 su carrera en <strong data-start=\"257\" data-end=\"270\">Accenture<\/strong>, en <strong data-start=\"275\" data-end=\"296\">Chicago, Illinois<\/strong>, donde trabaj\u00f3 en proyectos de consultor\u00eda enfocados en <strong data-start=\"353\" data-end=\"375\">gesti\u00f3n del cambio<\/strong> y <strong data-start=\"378\" data-end=\"396\">capital humano<\/strong> para compa\u00f1\u00edas <strong data-start=\"412\" data-end=\"427\">Fortune 500<\/strong>.<\/p><p data-start=\"218\" data-end=\"428\">\u00a0<\/p><p data-start=\"430\" data-end=\"631\">Luego, obtuvo su t\u00edtulo en <strong data-start=\"457\" data-end=\"481\">Finanzas y Marketing<\/strong> en <strong data-start=\"485\" data-end=\"506\">DePaul University<\/strong>, en Chicago. M\u00e1s adelante, complet\u00f3 sus estudios de <strong data-start=\"559\" data-end=\"570\">Derecho<\/strong> en <strong data-start=\"574\" data-end=\"606\">Nova Southeastern University<\/strong>, en <strong data-start=\"611\" data-end=\"630\">Fort Lauderdale<\/strong>.<\/p><p data-start=\"430\" data-end=\"631\">\u00a0<\/p><p data-start=\"633\" data-end=\"915\">A lo largo de su trayectoria, se ha destacado por su <strong data-start=\"703\" data-end=\"714\">energ\u00eda<\/strong>, su <strong data-start=\"719\" data-end=\"731\">ambici\u00f3n<\/strong> y su enfoque en alcanzar objetivos claros para sus clientes y su equipo. Adem\u00e1s, es un abogado competitivo, orientado a resultados y comprometido con la innovaci\u00f3n dentro de la firma.<\/p><p data-start=\"633\" data-end=\"915\">\u00a0<\/p><p data-start=\"917\" data-end=\"1280\">Asimismo, cuenta con una amplia visi\u00f3n de negocios, tanto en el \u00e1rea <strong data-start=\"986\" data-end=\"1000\">financiera<\/strong> como en la <strong data-start=\"1012\" data-end=\"1025\">operativa<\/strong>. Por eso, <strong data-start=\"1036\" data-end=\"1052\">Harry Tapias<\/strong> se desempe\u00f1a como abogado de <strong data-start=\"1082\" data-end=\"1108\">negocios e inmigraci\u00f3n<\/strong>, con experiencia en visas como la <strong data-start=\"1143\" data-end=\"1151\">H-1B<\/strong>, la <strong data-start=\"1156\" data-end=\"1163\">L-1<\/strong>, las <strong data-start=\"1169\" data-end=\"1196\">visas basadas en empleo<\/strong>, las <strong data-start=\"1202\" data-end=\"1236\">certificaciones laborales PERM<\/strong> y otros procesos migratorios empresariales.<\/p><p data-start=\"917\" data-end=\"1280\">\u00a0<\/p><p data-start=\"1282\" data-end=\"1602\">De la misma manera, su desempe\u00f1o ha sido reconocido en distintos espacios institucionales. En 2016, recibi\u00f3 una designaci\u00f3n oficial para integrar la <strong data-start=\"1431\" data-end=\"1481\">Junta de S\u00edndicos del Museo y Jardines Vizcaya<\/strong>, en Miami. Posteriormente, en 2019, fue designado para la <strong data-start=\"1540\" data-end=\"1601\">Junta de Preservaci\u00f3n Hist\u00f3rica del Condado de Miami-Dade<\/strong>.<\/p><p data-start=\"1282\" data-end=\"1602\">\u00a0<\/p><p data-start=\"1604\" data-end=\"1837\">Hoy, <strong data-start=\"1609\" data-end=\"1625\">Harry Tapias<\/strong> est\u00e1 comprometido con brindar un <strong data-start=\"1659\" data-end=\"1693\">servicio legal de alta calidad<\/strong>, cercano y efectivo. En cada caso, su prioridad es la <strong data-start=\"1748\" data-end=\"1764\">satisfacci\u00f3n<\/strong> y el <strong data-start=\"1770\" data-end=\"1795\">\u00e9xito de sus clientes<\/strong>. Adem\u00e1s, atiende en <strong data-start=\"1816\" data-end=\"1836\">ingl\u00e9s y espa\u00f1ol<\/strong>.<\/p>\t\t\t\t\t\t\t\t<\/div>\n\t\t\t\t<\/div>\n\t\t\t\t\t<\/div>\n\t\t\t\t<\/div>\n\t\t<div class=\"elementor-element elementor-element-fb096e4 e-flex e-con-boxed e-con e-parent\" data-id=\"fb096e4\" data-element_type=\"container\" data-e-type=\"container\" data-settings=\"{&quot;background_background&quot;:&quot;classic&quot;}\">\n\t\t\t\t\t<div class=\"e-con-inner\">\n\t\t\t\t<div class=\"elementor-element elementor-element-00edd21 elementor-widget elementor-widget-heading\" data-id=\"00edd21\" data-element_type=\"widget\" data-e-type=\"widget\" data-widget_type=\"heading.default\">\n\t\t\t\t<div class=\"elementor-widget-container\">\n\t\t\t\t\t<h3 class=\"elementor-heading-title elementor-size-default\">Sigue a Harry en sus redes sociales y conoce m\u00e1s sobre \u00e9l.<\/h3>\t\t\t\t<\/div>\n\t\t\t\t<\/div>\n\t\t\t\t<div class=\"elementor-element elementor-element-55283e9 e-grid-align-mobile-center e-grid-align-tablet-center elementor-shape-rounded elementor-grid-0 e-grid-align-center elementor-widget elementor-widget-social-icons\" data-id=\"55283e9\" data-element_type=\"widget\" data-e-type=\"widget\" data-widget_type=\"social-icons.default\">\n\t\t\t\t<div class=\"elementor-widget-container\">\n\t\t\t\t\t\t\t<div class=\"elementor-social-icons-wrapper elementor-grid\" role=\"list\">\n\t\t\t\t\t\t\t<span class=\"elementor-grid-item\" role=\"listitem\">\n\t\t\t\t\t<a class=\"elementor-icon elementor-social-icon elementor-social-icon-icon-linkedin elementor-animation-grow elementor-repeater-item-9929010\" href=\"https:\/\/www.linkedin.com\/in\/attorneyharrytapias\/\" target=\"_blank\">\n\t\t\t\t\t\t<span class=\"elementor-screen-only\">Icon-linkedin<\/span>\n\t\t\t\t\t\t<i aria-hidden=\"true\" class=\"icon icon-linkedin\"><\/i>\t\t\t\t\t<\/a>\n\t\t\t\t<\/span>\n\t\t\t\t\t\t\t<span class=\"elementor-grid-item\" role=\"listitem\">\n\t\t\t\t\t<a class=\"elementor-icon elementor-social-icon elementor-social-icon-instagram elementor-animation-grow elementor-repeater-item-3023161\" href=\"https:\/\/www.instagram.com\/harrytapias\/\" target=\"_blank\">\n\t\t\t\t\t\t<span class=\"elementor-screen-only\">Instagram<\/span>\n\t\t\t\t\t\t<i aria-hidden=\"true\" class=\"fab fa-instagram\"><\/i>\t\t\t\t\t<\/a>\n\t\t\t\t<\/span>\n\t\t\t\t\t<\/div>\n\t\t\t\t\t\t<\/div>\n\t\t\t\t<\/div>\n\t\t\t\t\t<\/div>\n\t\t\t\t<\/div>\n\t\t<div class=\"elementor-element elementor-element-fbbde89 e-con-full e-flex e-con e-parent\" data-id=\"fbbde89\" data-element_type=\"container\" data-e-type=\"container\" id=\"form\">\n\t\t<div class=\"elementor-element elementor-element-71c41f9 e-con-full e-flex e-con e-child\" data-id=\"71c41f9\" data-element_type=\"container\" data-e-type=\"container\" data-settings=\"{&quot;background_background&quot;:&quot;classic&quot;}\">\n\t\t\t\t<div class=\"elementor-element elementor-element-5bf4346 elementor-widget__width-inherit elementor-widget elementor-widget-heading\" data-id=\"5bf4346\" data-element_type=\"widget\" data-e-type=\"widget\" data-widget_type=\"heading.default\">\n\t\t\t\t<div class=\"elementor-widget-container\">\n\t\t\t\t\t<h2 class=\"elementor-heading-title elementor-size-default\">Obt\u00e9n asesor\u00eda legal para tu proceso<\/h2>\t\t\t\t<\/div>\n\t\t\t\t<\/div>\n\t\t\t\t<div class=\"elementor-element elementor-element-bacb81d elementor-widget elementor-widget-text-editor\" data-id=\"bacb81d\" data-element_type=\"widget\" data-e-type=\"widget\" data-widget_type=\"text-editor.default\">\n\t\t\t\t<div class=\"elementor-widget-container\">\n\t\t\t\t\t\t\t\t\t<p>Contacta con el CEO y abogado de inmigraci\u00f3n Harry Tapias y empieza tu proceso de inmigraci\u00f3n hoy mismo.<\/p>\t\t\t\t\t\t\t\t<\/div>\n\t\t\t\t<\/div>\n\t\t\t\t<\/div>\n\t\t<div class=\"elementor-element elementor-element-8728a29 e-con-full e-flex e-con e-child\" data-id=\"8728a29\" data-element_type=\"container\" data-e-type=\"container\" data-settings=\"{&quot;background_background&quot;:&quot;classic&quot;}\">\n\t\t\t\t<div class=\"elementor-element elementor-element-b14451b elementor-widget elementor-widget-hubspot-form\" data-id=\"b14451b\" data-element_type=\"widget\" data-e-type=\"widget\" data-widget_type=\"hubspot-form.default\">\n\t\t\t\t<div class=\"elementor-widget-container\">\n\t\t\t\t\t\n\t\t\t\t\t\t<script>\n\t\t\t\t\t\t\twindow.hsFormsOnReady = window.hsFormsOnReady || [];\n\t\t\t\t\t\t\twindow.hsFormsOnReady.push(()=>{\n\t\t\t\t\t\t\t\thbspt.forms.create({\n\t\t\t\t\t\t\t\t\tportalId: 1653096,\n\t\t\t\t\t\t\t\t\tformId: \"b9943b6a-96e6-460e-a8ff-e03eb8d791bb\",\n\t\t\t\t\t\t\t\t\ttarget: \"#hbspt-form-1777572543000-0451317372\",\n\t\t\t\t\t\t\t\t\tregion: \"na1\",\n\t\t\t\t\t\t\t\t\t\n\t\t\t\t\t\t\t})});\n\t\t\t\t\t\t<\/script>\n\t\t\t\t\t\t<div class=\"hbspt-form\" id=\"hbspt-form-1777572543000-0451317372\"><\/div>\t\t\t\t<\/div>\n\t\t\t\t<\/div>\n\t\t\t\t<\/div>\n\t\t\t\t<\/div>\n\t\t\t\t<\/div>\n\t\t","protected":false},"excerpt":{"rendered":"<p>Harry Tapias CEO abogado y cofundador de Loigica, en donde se destaca como abogado de inmigraci\u00f3n con amplia experiencia en visas de trabajo.<\/p>\n","protected":false},"author":19,"featured_media":23018,"parent":6013,"menu_order":0,"comment_status":"closed","ping_status":"closed","template":"","meta":{"content-type":"","footnotes":""},"class_list":["post-6117","page","type-page","status-publish","has-post-thumbnail","hentry"],"yoast_head":"<!-- This site is optimized with the Yoast SEO plugin v27.5 - https:\/\/yoast.com\/product\/yoast-seo-wordpress\/ -->\n<title>Harry Tapias abogado de inmigraci\u00f3n | CEO LOIGICA<\/title>\n<meta name=\"description\" content=\"Harry Tapias CEO abogado y cofundador de Loigica, en donde se destaca como abogado de inmigraci\u00f3n con amplia experiencia en visas de trabajo.\" \/>\n<meta name=\"robots\" content=\"index, follow, max-snippet:-1, max-image-preview:large, max-video-preview:-1\" \/>\n<link rel=\"canonical\" href=\"https:\/\/loigica.com\/es\/loigica-3\/nuestros-abogados\/harry-tapias-abogado-inmigracion\/\" \/>\n<meta property=\"og:locale\" content=\"es_ES\" \/>\n<meta property=\"og:type\" content=\"article\" \/>\n<meta property=\"og:title\" content=\"Harry Tapias abogado de inmigraci\u00f3n | CEO LOIGICA\" \/>\n<meta property=\"og:description\" content=\"Harry Tapias CEO abogado y cofundador de Loigica, en donde se destaca como abogado de inmigraci\u00f3n con amplia experiencia en visas de trabajo.\" \/>\n<meta property=\"og:url\" content=\"https:\/\/loigica.com\/es\/loigica-3\/nuestros-abogados\/harry-tapias-abogado-inmigracion\/\" \/>\n<meta property=\"og:site_name\" content=\"Loigica\" \/>\n<meta property=\"article:publisher\" content=\"https:\/\/www.facebook.com\/loigica\/\" \/>\n<meta property=\"article:modified_time\" content=\"2026-04-24T15:07:29+00:00\" \/>\n<meta property=\"og:image\" content=\"https:\/\/loigica.com\/es\/wp-content\/uploads\/HARRY-TAPIAS.png\" \/>\n\t<meta property=\"og:image:width\" content=\"928\" \/>\n\t<meta property=\"og:image:height\" content=\"1120\" \/>\n\t<meta property=\"og:image:type\" content=\"image\/png\" \/>\n<meta name=\"twitter:card\" content=\"summary_large_image\" \/>\n<meta name=\"twitter:site\" content=\"@Loigica\" \/>\n<meta name=\"twitter:label1\" content=\"Tiempo de lectura\" \/>\n\t<meta name=\"twitter:data1\" content=\"2 minutos\" \/>\n<script type=\"application\/ld+json\" class=\"yoast-schema-graph\">{\"@context\":\"https:\\\/\\\/schema.org\",\"@graph\":[{\"@type\":\"WebPage\",\"@id\":\"https:\\\/\\\/loigica.com\\\/es\\\/loigica-3\\\/nuestros-abogados\\\/harry-tapias-abogado-inmigracion\\\/\",\"url\":\"https:\\\/\\\/loigica.com\\\/es\\\/loigica-3\\\/nuestros-abogados\\\/harry-tapias-abogado-inmigracion\\\/\",\"name\":\"Harry Tapias abogado de inmigraci\u00f3n | CEO LOIGICA\",\"isPartOf\":{\"@id\":\"https:\\\/\\\/loigica.com\\\/es\\\/#website\"},\"primaryImageOfPage\":{\"@id\":\"https:\\\/\\\/loigica.com\\\/es\\\/loigica-3\\\/nuestros-abogados\\\/harry-tapias-abogado-inmigracion\\\/#primaryimage\"},\"image\":{\"@id\":\"https:\\\/\\\/loigica.com\\\/es\\\/loigica-3\\\/nuestros-abogados\\\/harry-tapias-abogado-inmigracion\\\/#primaryimage\"},\"thumbnailUrl\":\"https:\\\/\\\/loigica.com\\\/es\\\/wp-content\\\/uploads\\\/HARRY-TAPIAS.png\",\"datePublished\":\"2023-04-11T16:45:50+00:00\",\"dateModified\":\"2026-04-24T15:07:29+00:00\",\"description\":\"Harry Tapias CEO abogado y cofundador de Loigica, en donde se destaca como abogado de inmigraci\u00f3n con amplia experiencia en visas de trabajo.\",\"breadcrumb\":{\"@id\":\"https:\\\/\\\/loigica.com\\\/es\\\/loigica-3\\\/nuestros-abogados\\\/harry-tapias-abogado-inmigracion\\\/#breadcrumb\"},\"inLanguage\":\"es\",\"potentialAction\":[{\"@type\":\"ReadAction\",\"target\":[\"https:\\\/\\\/loigica.com\\\/es\\\/loigica-3\\\/nuestros-abogados\\\/harry-tapias-abogado-inmigracion\\\/\"]}]},{\"@type\":\"ImageObject\",\"inLanguage\":\"es\",\"@id\":\"https:\\\/\\\/loigica.com\\\/es\\\/loigica-3\\\/nuestros-abogados\\\/harry-tapias-abogado-inmigracion\\\/#primaryimage\",\"url\":\"https:\\\/\\\/loigica.com\\\/es\\\/wp-content\\\/uploads\\\/HARRY-TAPIAS.png\",\"contentUrl\":\"https:\\\/\\\/loigica.com\\\/es\\\/wp-content\\\/uploads\\\/HARRY-TAPIAS.png\",\"width\":928,\"height\":1120,\"caption\":\"Harry Tapias\"},{\"@type\":\"BreadcrumbList\",\"@id\":\"https:\\\/\\\/loigica.com\\\/es\\\/loigica-3\\\/nuestros-abogados\\\/harry-tapias-abogado-inmigracion\\\/#breadcrumb\",\"itemListElement\":[{\"@type\":\"ListItem\",\"position\":1,\"name\":\"LOIGICA\",\"item\":\"https:\\\/\\\/loigica.com\\\/es\\\/loigica-3\\\/\"},{\"@type\":\"ListItem\",\"position\":2,\"name\":\"Nuestros abogados\",\"item\":\"https:\\\/\\\/loigica.com\\\/es\\\/loigica-3\\\/nuestros-abogados\\\/\"},{\"@type\":\"ListItem\",\"position\":3,\"name\":\"Harry Tapias abogado de inmigraci\u00f3n | CEO LOIGICA\"}]},{\"@type\":\"WebSite\",\"@id\":\"https:\\\/\\\/loigica.com\\\/es\\\/#website\",\"url\":\"https:\\\/\\\/loigica.com\\\/es\\\/\",\"name\":\"Loigica\",\"description\":\"Abogados de Negocios e Inmigraci\u00f3n | USA - LATAM\",\"publisher\":{\"@id\":\"https:\\\/\\\/loigica.com\\\/es\\\/#organization\"},\"potentialAction\":[{\"@type\":\"SearchAction\",\"target\":{\"@type\":\"EntryPoint\",\"urlTemplate\":\"https:\\\/\\\/loigica.com\\\/es\\\/?s={search_term_string}\"},\"query-input\":{\"@type\":\"PropertyValueSpecification\",\"valueRequired\":true,\"valueName\":\"search_term_string\"}}],\"inLanguage\":\"es\"},{\"@type\":\"Organization\",\"@id\":\"https:\\\/\\\/loigica.com\\\/es\\\/#organization\",\"name\":\"Loigica\",\"alternateName\":\"Loigica Immigration Attorneys\",\"url\":\"https:\\\/\\\/loigica.com\\\/es\\\/\",\"logo\":{\"@type\":\"ImageObject\",\"inLanguage\":\"es\",\"@id\":\"https:\\\/\\\/loigica.com\\\/es\\\/#\\\/schema\\\/logo\\\/image\\\/\",\"url\":\"https:\\\/\\\/loigica.com\\\/es\\\/wp-content\\\/uploads\\\/cropped-Loigica-Silver.png\",\"contentUrl\":\"https:\\\/\\\/loigica.com\\\/es\\\/wp-content\\\/uploads\\\/cropped-Loigica-Silver.png\",\"width\":369,\"height\":317,\"caption\":\"Loigica\"},\"image\":{\"@id\":\"https:\\\/\\\/loigica.com\\\/es\\\/#\\\/schema\\\/logo\\\/image\\\/\"},\"sameAs\":[\"https:\\\/\\\/www.facebook.com\\\/loigica\\\/\",\"https:\\\/\\\/x.com\\\/Loigica\",\"https:\\\/\\\/www.instagram.com\\\/loigica\\\/\",\"https:\\\/\\\/www.youtube.com\\\/@Loigica\\\/\"]}]}<\/script>\n<!-- \/ Yoast SEO plugin. -->","yoast_head_json":{"title":"Harry Tapias abogado de inmigraci\u00f3n | CEO LOIGICA","description":"Harry Tapias CEO abogado y cofundador de Loigica, en donde se destaca como abogado de inmigraci\u00f3n con amplia experiencia en visas de trabajo.","robots":{"index":"index","follow":"follow","max-snippet":"max-snippet:-1","max-image-preview":"max-image-preview:large","max-video-preview":"max-video-preview:-1"},"canonical":"https:\/\/loigica.com\/es\/loigica-3\/nuestros-abogados\/harry-tapias-abogado-inmigracion\/","og_locale":"es_ES","og_type":"article","og_title":"Harry Tapias abogado de inmigraci\u00f3n | CEO LOIGICA","og_description":"Harry Tapias CEO abogado y cofundador de Loigica, en donde se destaca como abogado de inmigraci\u00f3n con amplia experiencia en visas de trabajo.","og_url":"https:\/\/loigica.com\/es\/loigica-3\/nuestros-abogados\/harry-tapias-abogado-inmigracion\/","og_site_name":"Loigica","article_publisher":"https:\/\/www.facebook.com\/loigica\/","article_modified_time":"2026-04-24T15:07:29+00:00","og_image":[{"width":928,"height":1120,"url":"https:\/\/loigica.com\/es\/wp-content\/uploads\/HARRY-TAPIAS.png","type":"image\/png"}],"twitter_card":"summary_large_image","twitter_site":"@Loigica","twitter_misc":{"Tiempo de lectura":"2 minutos"},"schema":{"@context":"https:\/\/schema.org","@graph":[{"@type":"WebPage","@id":"https:\/\/loigica.com\/es\/loigica-3\/nuestros-abogados\/harry-tapias-abogado-inmigracion\/","url":"https:\/\/loigica.com\/es\/loigica-3\/nuestros-abogados\/harry-tapias-abogado-inmigracion\/","name":"Harry Tapias abogado de inmigraci\u00f3n | CEO LOIGICA","isPartOf":{"@id":"https:\/\/loigica.com\/es\/#website"},"primaryImageOfPage":{"@id":"https:\/\/loigica.com\/es\/loigica-3\/nuestros-abogados\/harry-tapias-abogado-inmigracion\/#primaryimage"},"image":{"@id":"https:\/\/loigica.com\/es\/loigica-3\/nuestros-abogados\/harry-tapias-abogado-inmigracion\/#primaryimage"},"thumbnailUrl":"https:\/\/loigica.com\/es\/wp-content\/uploads\/HARRY-TAPIAS.png","datePublished":"2023-04-11T16:45:50+00:00","dateModified":"2026-04-24T15:07:29+00:00","description":"Harry Tapias CEO abogado y cofundador de Loigica, en donde se destaca como abogado de inmigraci\u00f3n con amplia experiencia en visas de trabajo.","breadcrumb":{"@id":"https:\/\/loigica.com\/es\/loigica-3\/nuestros-abogados\/harry-tapias-abogado-inmigracion\/#breadcrumb"},"inLanguage":"es","potentialAction":[{"@type":"ReadAction","target":["https:\/\/loigica.com\/es\/loigica-3\/nuestros-abogados\/harry-tapias-abogado-inmigracion\/"]}]},{"@type":"ImageObject","inLanguage":"es","@id":"https:\/\/loigica.com\/es\/loigica-3\/nuestros-abogados\/harry-tapias-abogado-inmigracion\/#primaryimage","url":"https:\/\/loigica.com\/es\/wp-content\/uploads\/HARRY-TAPIAS.png","contentUrl":"https:\/\/loigica.com\/es\/wp-content\/uploads\/HARRY-TAPIAS.png","width":928,"height":1120,"caption":"Harry Tapias"},{"@type":"BreadcrumbList","@id":"https:\/\/loigica.com\/es\/loigica-3\/nuestros-abogados\/harry-tapias-abogado-inmigracion\/#breadcrumb","itemListElement":[{"@type":"ListItem","position":1,"name":"LOIGICA","item":"https:\/\/loigica.com\/es\/loigica-3\/"},{"@type":"ListItem","position":2,"name":"Nuestros abogados","item":"https:\/\/loigica.com\/es\/loigica-3\/nuestros-abogados\/"},{"@type":"ListItem","position":3,"name":"Harry Tapias abogado de inmigraci\u00f3n | CEO LOIGICA"}]},{"@type":"WebSite","@id":"https:\/\/loigica.com\/es\/#website","url":"https:\/\/loigica.com\/es\/","name":"Loigica","description":"Abogados de Negocios e Inmigraci\u00f3n | USA - LATAM","publisher":{"@id":"https:\/\/loigica.com\/es\/#organization"},"potentialAction":[{"@type":"SearchAction","target":{"@type":"EntryPoint","urlTemplate":"https:\/\/loigica.com\/es\/?s={search_term_string}"},"query-input":{"@type":"PropertyValueSpecification","valueRequired":true,"valueName":"search_term_string"}}],"inLanguage":"es"},{"@type":"Organization","@id":"https:\/\/loigica.com\/es\/#organization","name":"Loigica","alternateName":"Loigica Immigration Attorneys","url":"https:\/\/loigica.com\/es\/","logo":{"@type":"ImageObject","inLanguage":"es","@id":"https:\/\/loigica.com\/es\/#\/schema\/logo\/image\/","url":"https:\/\/loigica.com\/es\/wp-content\/uploads\/cropped-Loigica-Silver.png","contentUrl":"https:\/\/loigica.com\/es\/wp-content\/uploads\/cropped-Loigica-Silver.png","width":369,"height":317,"caption":"Loigica"},"image":{"@id":"https:\/\/loigica.com\/es\/#\/schema\/logo\/image\/"},"sameAs":["https:\/\/www.facebook.com\/loigica\/","https:\/\/x.com\/Loigica","https:\/\/www.instagram.com\/loigica\/","https:\/\/www.youtube.com\/@Loigica\/"]}]}},"_links":{"self":[{"href":"https:\/\/loigica.com\/es\/wp-json\/wp\/v2\/pages\/6117","targetHints":{"allow":["GET"]}}],"collection":[{"href":"https:\/\/loigica.com\/es\/wp-json\/wp\/v2\/pages"}],"about":[{"href":"https:\/\/loigica.com\/es\/wp-json\/wp\/v2\/types\/page"}],"author":[{"embeddable":true,"href":"https:\/\/loigica.com\/es\/wp-json\/wp\/v2\/users\/19"}],"replies":[{"embeddable":true,"href":"https:\/\/loigica.com\/es\/wp-json\/wp\/v2\/comments?post=6117"}],"version-history":[{"count":97,"href":"https:\/\/loigica.com\/es\/wp-json\/wp\/v2\/pages\/6117\/revisions"}],"predecessor-version":[{"id":23450,"href":"https:\/\/loigica.com\/es\/wp-json\/wp\/v2\/pages\/6117\/revisions\/23450"}],"up":[{"embeddable":true,"href":"https:\/\/loigica.com\/es\/wp-json\/wp\/v2\/pages\/6013"}],"wp:featuredmedia":[{"embeddable":true,"href":"https:\/\/loigica.com\/es\/wp-json\/wp\/v2\/media\/23018"}],"wp:attachment":[{"href":"https:\/\/loigica.com\/es\/wp-json\/wp\/v2\/media?parent=6117"}],"curies":[{"name":"wp","href":"https:\/\/api.w.org\/{rel}","templated":true}]}}