{"id":6212,"date":"2023-04-11T13:50:30","date_gmt":"2023-04-11T17:50:30","guid":{"rendered":"https:\/\/loigica.com\/?page_id=6212"},"modified":"2026-04-23T10:36:46","modified_gmt":"2026-04-23T14:36:46","slug":"carlos-espinosa-abogado-inmigracion","status":"publish","type":"page","link":"https:\/\/loigica.com\/es\/loigica-3\/nuestros-abogados\/carlos-espinosa-abogado-inmigracion\/","title":{"rendered":"Carlos Espinosa Abogado | Director LOIGICA Colombia"},"content":{"rendered":"\t\t<div data-elementor-type=\"wp-page\" data-elementor-id=\"6212\" class=\"elementor elementor-6212\" data-elementor-post-type=\"page\">\n\t\t\t\t<div class=\"elementor-element elementor-element-f22675c e-flex e-con-boxed e-con e-parent\" data-id=\"f22675c\" data-element_type=\"container\" data-e-type=\"container\" data-settings=\"{&quot;background_background&quot;:&quot;classic&quot;}\">\n\t\t\t\t\t<div class=\"e-con-inner\">\n\t\t<div class=\"elementor-element elementor-element-4b57aa7 e-con-full e-flex e-con e-child\" data-id=\"4b57aa7\" data-element_type=\"container\" data-e-type=\"container\">\n\t\t\t\t<div class=\"elementor-element elementor-element-82e84a4 elementor-widget elementor-widget-elementskit-heading\" data-id=\"82e84a4\" data-element_type=\"widget\" data-e-type=\"widget\" data-widget_type=\"elementskit-heading.default\">\n\t\t\t\t<div class=\"elementor-widget-container\">\n\t\t\t\t\t<div class=\"ekit-wid-con\" ><div class=\"ekit-heading elementskit-section-title-wraper text_left   ekit_heading_tablet-   ekit_heading_mobile-\"><h2 class=\"ekit-heading--title elementskit-section-title \"><span><span>Carlos Espinosa\u200b<\/span><\/span> Director Loigica Colombia y Abogado\u200b<\/h2>\t\t\t\t<div class='ekit-heading__description'>\n\t\t\t\t\t<div class=\"\">\n\n<div class=\"text-base my-auto mx-auto pb-10 [--thread-content-margin:var(--thread-content-margin-xs,calc(var(--spacing)*4))] @w-sm\/main:[--thread-content-margin:var(--thread-content-margin-sm,calc(var(--spacing)*6))] @w-lg\/main:[--thread-content-margin:var(--thread-content-margin-lg,calc(var(--spacing)*16))] px-(--thread-content-margin)\">\n<div class=\"[--thread-content-max-width:40rem] @w-lg\/main:[--thread-content-max-width:48rem] mx-auto max-w-(--thread-content-max-width) flex-1 group\/turn-messages focus-visible:outline-hidden relative flex w-full min-w-0 flex-col agent-turn\">\n<div class=\"flex max-w-full flex-col gap-4 grow\">\n<div class=\"min-h-8 text-message relative flex w-full flex-col items-end gap-2 text-start break-words whitespace-normal outline-none keyboard-focused:focus-ring [.text-message+&amp;]:mt-1\">\n<div class=\"flex w-full flex-col gap-1 empty:hidden\">\n<div class=\"markdown prose dark:prose-invert w-full wrap-break-word dark markdown-new-styling\">\n<p>Carlos Espinosa es un abogado colombiano con especializaci\u00f3n en Derecho de los Negocios Internacionales y estudios en el campo migratorio de Estados Unidos. Como Director de LOIGICA Colombia y abogado de inmigraci\u00f3n, lidera el equipo de operaciones de la firma y trabaja de cerca con cada cliente para brindar una atenci\u00f3n estrat\u00e9gica, cercana y ajustada a sus necesidades.<\/p>\n<\/div>\n<\/div>\n<\/div>\n<\/div>\n<\/div>\n<\/div>\n\n<\/div>\n\t\t\t\t<\/div>\n\t\t\t<div class=\"ekit_heading_separetor_wraper ekit_heading_elementskit-border-divider ekit-dotted\"><div class=\"elementskit-border-divider ekit-dotted\"><\/div><\/div><\/div><\/div>\t\t\t\t<\/div>\n\t\t\t\t<\/div>\n\t\t<div class=\"elementor-element elementor-element-542cfbd e-con-full e-flex e-con e-child\" data-id=\"542cfbd\" data-element_type=\"container\" data-e-type=\"container\">\n\t\t\t\t<div class=\"elementor-element elementor-element-fd74767 elementor-align-center elementor-widget elementor-widget-elementskit-button\" data-id=\"fd74767\" data-element_type=\"widget\" data-e-type=\"widget\" data-widget_type=\"elementskit-button.default\">\n\t\t\t\t<div class=\"elementor-widget-container\">\n\t\t\t\t\t<div class=\"ekit-wid-con\" >\t\t<div class=\"ekit-btn-wraper\">\n\t\t\t\t\t\t\t<a href=\"#form\" class=\"elementskit-btn  whitespace--normal\" id=\"\">\n\t\t\t\t\tContacta con un abogado ahora\t\t\t\t<\/a>\n\t\t\t\t\t<\/div>\n        <\/div>\t\t\t\t<\/div>\n\t\t\t\t<\/div>\n\t\t\t\t<div class=\"elementor-element elementor-element-03f2036 elementor-align-center elementor-widget elementor-widget-elementskit-button\" data-id=\"03f2036\" data-element_type=\"widget\" data-e-type=\"widget\" data-widget_type=\"elementskit-button.default\">\n\t\t\t\t<div class=\"elementor-widget-container\">\n\t\t\t\t\t<div class=\"ekit-wid-con\" >\t\t<div class=\"ekit-btn-wraper\">\n\t\t\t\t\t\t\t<a href=\"https:\/\/loigica.com\/about-loigica\/team\/attorney-carlos-espinosa\/\" class=\"elementskit-btn  whitespace--normal\" id=\"\">\n\t\t\t\t\t<i class=\"fas fa-globe\"><\/i>Ingl\u00e9s\t\t\t\t<\/a>\n\t\t\t\t\t<\/div>\n        <\/div>\t\t\t\t<\/div>\n\t\t\t\t<\/div>\n\t\t\t\t<\/div>\n\t\t\t\t<\/div>\n\t\t\t\t<div class=\"elementor-element elementor-element-e62f123 elementor-widget elementor-widget-image\" data-id=\"e62f123\" data-element_type=\"widget\" data-e-type=\"widget\" data-widget_type=\"image.default\">\n\t\t\t\t<div class=\"elementor-widget-container\">\n\t\t\t\t\t\t\t\t\t\t\t\t\t\t\t<img fetchpriority=\"high\" decoding=\"async\" width=\"500\" height=\"700\" src=\"https:\/\/loigica.com\/es\/wp-content\/uploads\/carlos_espinosa_LOIGICA_immigration_attorneys-1-1.png\" class=\"attachment-medium_large size-medium_large wp-image-17605\" alt=\"carlos espinosa loigica\" srcset=\"https:\/\/loigica.com\/es\/wp-content\/uploads\/carlos_espinosa_LOIGICA_immigration_attorneys-1-1.png 500w, https:\/\/loigica.com\/es\/wp-content\/uploads\/carlos_espinosa_LOIGICA_immigration_attorneys-1-1-214x300.png 214w\" sizes=\"(max-width: 500px) 100vw, 500px\" \/>\t\t\t\t\t\t\t\t\t\t\t\t\t\t\t<\/div>\n\t\t\t\t<\/div>\n\t\t\t\t\t<\/div>\n\t\t\t\t<\/div>\n\t\t<div class=\"elementor-element elementor-element-f38280f e-flex e-con-boxed e-con e-parent\" data-id=\"f38280f\" data-element_type=\"container\" data-e-type=\"container\">\n\t\t\t\t\t<div class=\"e-con-inner\">\n\t\t\t\t<div class=\"elementor-element elementor-element-ff91cb2 elementor-widget__width-auto elementor-widget elementor-widget-elementskit-heading\" data-id=\"ff91cb2\" data-element_type=\"widget\" data-e-type=\"widget\" data-widget_type=\"elementskit-heading.default\">\n\t\t\t\t<div class=\"elementor-widget-container\">\n\t\t\t\t\t<div class=\"ekit-wid-con\" ><div class=\"ekit-heading elementskit-section-title-wraper text_left   ekit_heading_tablet-   ekit_heading_mobile-\"><div class=\"ekit_heading_separetor_wraper ekit_heading_elementskit-border-divider ekit-dotted\"><div class=\"elementskit-border-divider ekit-dotted\"><\/div><\/div><h2 class=\"ekit-heading--title elementskit-section-title \">Sobre <span><span>Carlos Espinosa<\/span><\/span><\/h2><\/div><\/div>\t\t\t\t<\/div>\n\t\t\t\t<\/div>\n\t\t\t\t<div class=\"elementor-element elementor-element-9c0db4d elementor-widget__width-inherit elementor-widget elementor-widget-text-editor\" data-id=\"9c0db4d\" data-element_type=\"widget\" data-e-type=\"widget\" data-widget_type=\"text-editor.default\">\n\t\t\t\t<div class=\"elementor-widget-container\">\n\t\t\t\t\t\t\t\t\t<p data-start=\"213\" data-end=\"507\"><strong data-start=\"213\" data-end=\"232\">Carlos Espinosa<\/strong> cuenta con amplia experiencia en <strong data-start=\"266\" data-end=\"287\">derecho comercial<\/strong>, <strong data-start=\"289\" data-end=\"326\">creaci\u00f3n y proyecci\u00f3n de empresas<\/strong> y <strong data-start=\"329\" data-end=\"369\">visas de inversi\u00f3n en Estados Unidos<\/strong>. Adem\u00e1s, asesora en <strong data-start=\"390\" data-end=\"415\">peticiones familiares<\/strong>, procesos migratorios <strong data-start=\"438\" data-end=\"459\">basados en empleo<\/strong> y casos vinculados con <strong data-start=\"483\" data-end=\"506\" data-is-only-node=\"\">talento profesional<\/strong>.<\/p><p data-start=\"213\" data-end=\"507\">\u00a0<\/p><p data-start=\"509\" data-end=\"797\">A lo largo de su trayectoria, se ha destacado por su <strong data-start=\"582\" data-end=\"610\">empat\u00eda con los clientes<\/strong> y por su capacidad para comprender sus necesidades de manera cercana. Por eso, trabaja con un enfoque pr\u00e1ctico y humano, orientado a brindar <strong data-start=\"752\" data-end=\"776\">soluciones efectivas<\/strong> ante cada inquietud.<\/p><p data-start=\"509\" data-end=\"797\">\u00a0<\/p><p data-start=\"799\" data-end=\"1076\">Asimismo, su compromiso va m\u00e1s all\u00e1 del \u00e1mbito legal. Como muestra de su inter\u00e9s por la <strong data-start=\"887\" data-end=\"925\">responsabilidad social empresarial<\/strong> y el <strong data-start=\"931\" data-end=\"960\">cuidado del medioambiente<\/strong>, <strong data-start=\"962\" data-end=\"981\">Carlos Espinosa<\/strong> fue precursor de la <strong data-start=\"1002\" data-end=\"1028\">Fundaci\u00f3n Agua y Arena<\/strong>, una iniciativa dedicada a causas humanitarias.<\/p><p data-start=\"799\" data-end=\"1076\">\u00a0<\/p><p data-start=\"1078\" data-end=\"1314\">En ese espacio, promovi\u00f3 el <strong data-start=\"1106\" data-end=\"1133\">reciclaje de materiales<\/strong> para apoyar a <strong data-start=\"1148\" data-end=\"1181\">mujeres v\u00edctimas de violencia<\/strong>. Adem\u00e1s, impuls\u00f3 acciones orientadas al desarrollo de <strong data-start=\"1236\" data-end=\"1258\">artesan\u00edas tejidas<\/strong> y otras provisiones de uso pr\u00e1ctico con impacto social.<\/p><p data-start=\"1078\" data-end=\"1314\">\u00a0<\/p><p data-start=\"1316\" data-end=\"1616\">Con fluidez en <strong data-start=\"1331\" data-end=\"1341\">ingl\u00e9s<\/strong> y <strong data-start=\"1344\" data-end=\"1355\">espa\u00f1ol<\/strong>, <strong data-start=\"1357\" data-end=\"1376\">Carlos Espinosa<\/strong> est\u00e1 preparado para acompa\u00f1ar a <strong data-start=\"1409\" data-end=\"1421\">empresas<\/strong> e <strong data-start=\"1424\" data-end=\"1438\">individuos<\/strong> en distintos procesos de <strong data-start=\"1464\" data-end=\"1497\">inmigraci\u00f3n en Estados Unidos<\/strong>. De esta manera, ayuda a sus clientes a avanzar con mayor claridad hacia sus objetivos de <strong data-start=\"1588\" data-end=\"1603\">crecimiento<\/strong> y <strong data-start=\"1606\" data-end=\"1615\">\u00e9xito<\/strong>.<\/p>\t\t\t\t\t\t\t\t<\/div>\n\t\t\t\t<\/div>\n\t\t\t\t\t<\/div>\n\t\t\t\t<\/div>\n\t\t<div class=\"elementor-element elementor-element-18ea15a e-flex e-con-boxed e-con e-parent\" data-id=\"18ea15a\" data-element_type=\"container\" data-e-type=\"container\" data-settings=\"{&quot;background_background&quot;:&quot;classic&quot;}\">\n\t\t\t\t\t<div class=\"e-con-inner\">\n\t\t\t\t<div class=\"elementor-element elementor-element-5ccc14a elementor-widget elementor-widget-heading\" data-id=\"5ccc14a\" data-element_type=\"widget\" data-e-type=\"widget\" data-widget_type=\"heading.default\">\n\t\t\t\t<div class=\"elementor-widget-container\">\n\t\t\t\t\t<h3 class=\"elementor-heading-title elementor-size-default\">Sigue a Carlos en LinkedIn y conoce m\u00e1s sobre \u00e9l.<\/h3>\t\t\t\t<\/div>\n\t\t\t\t<\/div>\n\t\t\t\t<div class=\"elementor-element elementor-element-c343cf1 e-grid-align-mobile-center e-grid-align-tablet-center elementor-shape-rounded elementor-grid-0 e-grid-align-center elementor-widget elementor-widget-social-icons\" data-id=\"c343cf1\" data-element_type=\"widget\" data-e-type=\"widget\" data-widget_type=\"social-icons.default\">\n\t\t\t\t<div class=\"elementor-widget-container\">\n\t\t\t\t\t\t\t<div class=\"elementor-social-icons-wrapper elementor-grid\">\n\t\t\t\t\t\t\t<span class=\"elementor-grid-item\">\n\t\t\t\t\t<a class=\"elementor-icon elementor-social-icon elementor-social-icon-icon-linkedin elementor-animation-grow elementor-repeater-item-9929010\" href=\"https:\/\/www.linkedin.com\/in\/carlos-felipe-espinosa\/\" target=\"_blank\">\n\t\t\t\t\t\t<span class=\"elementor-screen-only\">Icon-linkedin<\/span>\n\t\t\t\t\t\t<i aria-hidden=\"true\" class=\"icon icon-linkedin\"><\/i>\t\t\t\t\t<\/a>\n\t\t\t\t<\/span>\n\t\t\t\t\t<\/div>\n\t\t\t\t\t\t<\/div>\n\t\t\t\t<\/div>\n\t\t\t\t\t<\/div>\n\t\t\t\t<\/div>\n\t\t<div class=\"elementor-element elementor-element-15fbf4b e-con-full e-flex e-con e-parent\" data-id=\"15fbf4b\" data-element_type=\"container\" data-e-type=\"container\" id=\"form\">\n\t\t<div class=\"elementor-element elementor-element-164d6b1 e-con-full e-flex e-con e-child\" data-id=\"164d6b1\" data-element_type=\"container\" data-e-type=\"container\" data-settings=\"{&quot;background_background&quot;:&quot;classic&quot;}\">\n\t\t\t\t<div class=\"elementor-element elementor-element-d628d6a elementor-widget__width-inherit elementor-widget elementor-widget-heading\" data-id=\"d628d6a\" data-element_type=\"widget\" data-e-type=\"widget\" data-widget_type=\"heading.default\">\n\t\t\t\t<div class=\"elementor-widget-container\">\n\t\t\t\t\t<h2 class=\"elementor-heading-title elementor-size-default\">Obt\u00e9n asesor\u00eda legal para tu proceso<\/h2>\t\t\t\t<\/div>\n\t\t\t\t<\/div>\n\t\t\t\t<div class=\"elementor-element elementor-element-e14abe4 elementor-widget elementor-widget-text-editor\" data-id=\"e14abe4\" data-element_type=\"widget\" data-e-type=\"widget\" data-widget_type=\"text-editor.default\">\n\t\t\t\t<div class=\"elementor-widget-container\">\n\t\t\t\t\t\t\t\t\t<p>Contacta con el Director de Loigica Colombia Carlos Espinosa y empieza tu proceso hoy mismo con Carlos y su equipo de abogados y profesionales expertos.<\/p>\t\t\t\t\t\t\t\t<\/div>\n\t\t\t\t<\/div>\n\t\t\t\t<\/div>\n\t\t<div class=\"elementor-element elementor-element-40c03aa e-con-full e-flex e-con e-child\" data-id=\"40c03aa\" data-element_type=\"container\" data-e-type=\"container\" data-settings=\"{&quot;background_background&quot;:&quot;classic&quot;}\">\n\t\t\t\t<div class=\"elementor-element elementor-element-7e8703e elementor-widget elementor-widget-hubspot-form\" data-id=\"7e8703e\" data-element_type=\"widget\" data-e-type=\"widget\" data-widget_type=\"hubspot-form.default\">\n\t\t\t\t<div class=\"elementor-widget-container\">\n\t\t\t\t\t\n\t\t\t\t\t\t<script>\n\t\t\t\t\t\t\twindow.hsFormsOnReady = window.hsFormsOnReady || [];\n\t\t\t\t\t\t\twindow.hsFormsOnReady.push(()=>{\n\t\t\t\t\t\t\t\thbspt.forms.create({\n\t\t\t\t\t\t\t\t\tportalId: 1653096,\n\t\t\t\t\t\t\t\t\tformId: \"b9943b6a-96e6-460e-a8ff-e03eb8d791bb\",\n\t\t\t\t\t\t\t\t\ttarget: \"#hbspt-form-1777607657000-2255613930\",\n\t\t\t\t\t\t\t\t\tregion: \"na1\",\n\t\t\t\t\t\t\t\t\t\n\t\t\t\t\t\t\t})});\n\t\t\t\t\t\t<\/script>\n\t\t\t\t\t\t<div class=\"hbspt-form\" id=\"hbspt-form-1777607657000-2255613930\"><\/div>\t\t\t\t<\/div>\n\t\t\t\t<\/div>\n\t\t\t\t<\/div>\n\t\t\t\t<\/div>\n\t\t\t\t<\/div>\n\t\t","protected":false},"excerpt":{"rendered":"<p>Carlos Espinosa es un abogado colombiano con una especializaci\u00f3n en Derecho de los Negocios Internacionales. \u00a1Encuentra m\u00e1s detalles aqu\u00ed!<\/p>\n","protected":false},"author":19,"featured_media":17605,"parent":6013,"menu_order":0,"comment_status":"closed","ping_status":"closed","template":"","meta":{"content-type":"","footnotes":""},"class_list":["post-6212","page","type-page","status-publish","has-post-thumbnail","hentry"],"yoast_head":"<!-- This site is optimized with the Yoast SEO plugin v27.5 - https:\/\/yoast.com\/product\/yoast-seo-wordpress\/ -->\n<title>Carlos Espinosa Abogado | Director LOIGICA Colombia<\/title>\n<meta name=\"description\" content=\"Carlos Espinosa es un abogado colombiano con una especializaci\u00f3n en Derecho de los Negocios Internacionales. \u00a1Encuentra m\u00e1s detalles aqu\u00ed!\" \/>\n<meta name=\"robots\" content=\"index, follow, max-snippet:-1, max-image-preview:large, max-video-preview:-1\" \/>\n<link rel=\"canonical\" href=\"https:\/\/loigica.com\/es\/loigica-3\/nuestros-abogados\/carlos-espinosa-abogado-inmigracion\/\" \/>\n<meta property=\"og:locale\" content=\"es_ES\" \/>\n<meta property=\"og:type\" content=\"article\" \/>\n<meta property=\"og:title\" content=\"Carlos Espinosa Abogado | Director LOIGICA Colombia\" \/>\n<meta property=\"og:description\" content=\"Carlos Espinosa es un abogado colombiano con una especializaci\u00f3n en Derecho de los Negocios Internacionales. \u00a1Encuentra m\u00e1s detalles aqu\u00ed!\" \/>\n<meta property=\"og:url\" content=\"https:\/\/loigica.com\/es\/loigica-3\/nuestros-abogados\/carlos-espinosa-abogado-inmigracion\/\" \/>\n<meta property=\"og:site_name\" content=\"Loigica\" \/>\n<meta property=\"article:publisher\" content=\"https:\/\/www.facebook.com\/loigica\/\" \/>\n<meta property=\"article:modified_time\" content=\"2026-04-23T14:36:46+00:00\" \/>\n<meta property=\"og:image\" content=\"https:\/\/loigica.com\/es\/wp-content\/uploads\/carlos_espinosa_LOIGICA_immigration_attorneys-1-1.png\" \/>\n\t<meta property=\"og:image:width\" content=\"500\" \/>\n\t<meta property=\"og:image:height\" content=\"700\" \/>\n\t<meta property=\"og:image:type\" content=\"image\/png\" \/>\n<meta name=\"twitter:card\" content=\"summary_large_image\" \/>\n<meta name=\"twitter:site\" content=\"@Loigica\" \/>\n<meta name=\"twitter:label1\" content=\"Tiempo de lectura\" \/>\n\t<meta name=\"twitter:data1\" content=\"2 minutos\" \/>\n<script type=\"application\/ld+json\" class=\"yoast-schema-graph\">{\"@context\":\"https:\\\/\\\/schema.org\",\"@graph\":[{\"@type\":\"WebPage\",\"@id\":\"https:\\\/\\\/loigica.com\\\/es\\\/loigica-3\\\/nuestros-abogados\\\/carlos-espinosa-abogado-inmigracion\\\/\",\"url\":\"https:\\\/\\\/loigica.com\\\/es\\\/loigica-3\\\/nuestros-abogados\\\/carlos-espinosa-abogado-inmigracion\\\/\",\"name\":\"Carlos Espinosa Abogado | Director LOIGICA Colombia\",\"isPartOf\":{\"@id\":\"https:\\\/\\\/loigica.com\\\/es\\\/#website\"},\"primaryImageOfPage\":{\"@id\":\"https:\\\/\\\/loigica.com\\\/es\\\/loigica-3\\\/nuestros-abogados\\\/carlos-espinosa-abogado-inmigracion\\\/#primaryimage\"},\"image\":{\"@id\":\"https:\\\/\\\/loigica.com\\\/es\\\/loigica-3\\\/nuestros-abogados\\\/carlos-espinosa-abogado-inmigracion\\\/#primaryimage\"},\"thumbnailUrl\":\"https:\\\/\\\/loigica.com\\\/es\\\/wp-content\\\/uploads\\\/carlos_espinosa_LOIGICA_immigration_attorneys-1-1.png\",\"datePublished\":\"2023-04-11T17:50:30+00:00\",\"dateModified\":\"2026-04-23T14:36:46+00:00\",\"description\":\"Carlos Espinosa es un abogado colombiano con una especializaci\u00f3n en Derecho de los Negocios Internacionales. \u00a1Encuentra m\u00e1s detalles aqu\u00ed!\",\"breadcrumb\":{\"@id\":\"https:\\\/\\\/loigica.com\\\/es\\\/loigica-3\\\/nuestros-abogados\\\/carlos-espinosa-abogado-inmigracion\\\/#breadcrumb\"},\"inLanguage\":\"es\",\"potentialAction\":[{\"@type\":\"ReadAction\",\"target\":[\"https:\\\/\\\/loigica.com\\\/es\\\/loigica-3\\\/nuestros-abogados\\\/carlos-espinosa-abogado-inmigracion\\\/\"]}]},{\"@type\":\"ImageObject\",\"inLanguage\":\"es\",\"@id\":\"https:\\\/\\\/loigica.com\\\/es\\\/loigica-3\\\/nuestros-abogados\\\/carlos-espinosa-abogado-inmigracion\\\/#primaryimage\",\"url\":\"https:\\\/\\\/loigica.com\\\/es\\\/wp-content\\\/uploads\\\/carlos_espinosa_LOIGICA_immigration_attorneys-1-1.png\",\"contentUrl\":\"https:\\\/\\\/loigica.com\\\/es\\\/wp-content\\\/uploads\\\/carlos_espinosa_LOIGICA_immigration_attorneys-1-1.png\",\"width\":500,\"height\":700,\"caption\":\"carlos espinosa loigica\"},{\"@type\":\"BreadcrumbList\",\"@id\":\"https:\\\/\\\/loigica.com\\\/es\\\/loigica-3\\\/nuestros-abogados\\\/carlos-espinosa-abogado-inmigracion\\\/#breadcrumb\",\"itemListElement\":[{\"@type\":\"ListItem\",\"position\":1,\"name\":\"LOIGICA\",\"item\":\"https:\\\/\\\/loigica.com\\\/es\\\/loigica-3\\\/\"},{\"@type\":\"ListItem\",\"position\":2,\"name\":\"Nuestros abogados\",\"item\":\"https:\\\/\\\/loigica.com\\\/es\\\/loigica-3\\\/nuestros-abogados\\\/\"},{\"@type\":\"ListItem\",\"position\":3,\"name\":\"Carlos Espinosa Abogado | Director LOIGICA Colombia\"}]},{\"@type\":\"WebSite\",\"@id\":\"https:\\\/\\\/loigica.com\\\/es\\\/#website\",\"url\":\"https:\\\/\\\/loigica.com\\\/es\\\/\",\"name\":\"Loigica\",\"description\":\"Abogados de Negocios e Inmigraci\u00f3n | USA - LATAM\",\"publisher\":{\"@id\":\"https:\\\/\\\/loigica.com\\\/es\\\/#organization\"},\"potentialAction\":[{\"@type\":\"SearchAction\",\"target\":{\"@type\":\"EntryPoint\",\"urlTemplate\":\"https:\\\/\\\/loigica.com\\\/es\\\/?s={search_term_string}\"},\"query-input\":{\"@type\":\"PropertyValueSpecification\",\"valueRequired\":true,\"valueName\":\"search_term_string\"}}],\"inLanguage\":\"es\"},{\"@type\":\"Organization\",\"@id\":\"https:\\\/\\\/loigica.com\\\/es\\\/#organization\",\"name\":\"Loigica\",\"alternateName\":\"Loigica Immigration Attorneys\",\"url\":\"https:\\\/\\\/loigica.com\\\/es\\\/\",\"logo\":{\"@type\":\"ImageObject\",\"inLanguage\":\"es\",\"@id\":\"https:\\\/\\\/loigica.com\\\/es\\\/#\\\/schema\\\/logo\\\/image\\\/\",\"url\":\"https:\\\/\\\/loigica.com\\\/es\\\/wp-content\\\/uploads\\\/cropped-Loigica-Silver.png\",\"contentUrl\":\"https:\\\/\\\/loigica.com\\\/es\\\/wp-content\\\/uploads\\\/cropped-Loigica-Silver.png\",\"width\":369,\"height\":317,\"caption\":\"Loigica\"},\"image\":{\"@id\":\"https:\\\/\\\/loigica.com\\\/es\\\/#\\\/schema\\\/logo\\\/image\\\/\"},\"sameAs\":[\"https:\\\/\\\/www.facebook.com\\\/loigica\\\/\",\"https:\\\/\\\/x.com\\\/Loigica\",\"https:\\\/\\\/www.instagram.com\\\/loigica\\\/\",\"https:\\\/\\\/www.youtube.com\\\/@Loigica\\\/\"]}]}<\/script>\n<!-- \/ Yoast SEO plugin. -->","yoast_head_json":{"title":"Carlos Espinosa Abogado | Director LOIGICA Colombia","description":"Carlos Espinosa es un abogado colombiano con una especializaci\u00f3n en Derecho de los Negocios Internacionales. \u00a1Encuentra m\u00e1s detalles aqu\u00ed!","robots":{"index":"index","follow":"follow","max-snippet":"max-snippet:-1","max-image-preview":"max-image-preview:large","max-video-preview":"max-video-preview:-1"},"canonical":"https:\/\/loigica.com\/es\/loigica-3\/nuestros-abogados\/carlos-espinosa-abogado-inmigracion\/","og_locale":"es_ES","og_type":"article","og_title":"Carlos Espinosa Abogado | Director LOIGICA Colombia","og_description":"Carlos Espinosa es un abogado colombiano con una especializaci\u00f3n en Derecho de los Negocios Internacionales. \u00a1Encuentra m\u00e1s detalles aqu\u00ed!","og_url":"https:\/\/loigica.com\/es\/loigica-3\/nuestros-abogados\/carlos-espinosa-abogado-inmigracion\/","og_site_name":"Loigica","article_publisher":"https:\/\/www.facebook.com\/loigica\/","article_modified_time":"2026-04-23T14:36:46+00:00","og_image":[{"width":500,"height":700,"url":"https:\/\/loigica.com\/es\/wp-content\/uploads\/carlos_espinosa_LOIGICA_immigration_attorneys-1-1.png","type":"image\/png"}],"twitter_card":"summary_large_image","twitter_site":"@Loigica","twitter_misc":{"Tiempo de lectura":"2 minutos"},"schema":{"@context":"https:\/\/schema.org","@graph":[{"@type":"WebPage","@id":"https:\/\/loigica.com\/es\/loigica-3\/nuestros-abogados\/carlos-espinosa-abogado-inmigracion\/","url":"https:\/\/loigica.com\/es\/loigica-3\/nuestros-abogados\/carlos-espinosa-abogado-inmigracion\/","name":"Carlos Espinosa Abogado | Director LOIGICA Colombia","isPartOf":{"@id":"https:\/\/loigica.com\/es\/#website"},"primaryImageOfPage":{"@id":"https:\/\/loigica.com\/es\/loigica-3\/nuestros-abogados\/carlos-espinosa-abogado-inmigracion\/#primaryimage"},"image":{"@id":"https:\/\/loigica.com\/es\/loigica-3\/nuestros-abogados\/carlos-espinosa-abogado-inmigracion\/#primaryimage"},"thumbnailUrl":"https:\/\/loigica.com\/es\/wp-content\/uploads\/carlos_espinosa_LOIGICA_immigration_attorneys-1-1.png","datePublished":"2023-04-11T17:50:30+00:00","dateModified":"2026-04-23T14:36:46+00:00","description":"Carlos Espinosa es un abogado colombiano con una especializaci\u00f3n en Derecho de los Negocios Internacionales. \u00a1Encuentra m\u00e1s detalles aqu\u00ed!","breadcrumb":{"@id":"https:\/\/loigica.com\/es\/loigica-3\/nuestros-abogados\/carlos-espinosa-abogado-inmigracion\/#breadcrumb"},"inLanguage":"es","potentialAction":[{"@type":"ReadAction","target":["https:\/\/loigica.com\/es\/loigica-3\/nuestros-abogados\/carlos-espinosa-abogado-inmigracion\/"]}]},{"@type":"ImageObject","inLanguage":"es","@id":"https:\/\/loigica.com\/es\/loigica-3\/nuestros-abogados\/carlos-espinosa-abogado-inmigracion\/#primaryimage","url":"https:\/\/loigica.com\/es\/wp-content\/uploads\/carlos_espinosa_LOIGICA_immigration_attorneys-1-1.png","contentUrl":"https:\/\/loigica.com\/es\/wp-content\/uploads\/carlos_espinosa_LOIGICA_immigration_attorneys-1-1.png","width":500,"height":700,"caption":"carlos espinosa loigica"},{"@type":"BreadcrumbList","@id":"https:\/\/loigica.com\/es\/loigica-3\/nuestros-abogados\/carlos-espinosa-abogado-inmigracion\/#breadcrumb","itemListElement":[{"@type":"ListItem","position":1,"name":"LOIGICA","item":"https:\/\/loigica.com\/es\/loigica-3\/"},{"@type":"ListItem","position":2,"name":"Nuestros abogados","item":"https:\/\/loigica.com\/es\/loigica-3\/nuestros-abogados\/"},{"@type":"ListItem","position":3,"name":"Carlos Espinosa Abogado | Director LOIGICA Colombia"}]},{"@type":"WebSite","@id":"https:\/\/loigica.com\/es\/#website","url":"https:\/\/loigica.com\/es\/","name":"Loigica","description":"Abogados de Negocios e Inmigraci\u00f3n | USA - LATAM","publisher":{"@id":"https:\/\/loigica.com\/es\/#organization"},"potentialAction":[{"@type":"SearchAction","target":{"@type":"EntryPoint","urlTemplate":"https:\/\/loigica.com\/es\/?s={search_term_string}"},"query-input":{"@type":"PropertyValueSpecification","valueRequired":true,"valueName":"search_term_string"}}],"inLanguage":"es"},{"@type":"Organization","@id":"https:\/\/loigica.com\/es\/#organization","name":"Loigica","alternateName":"Loigica Immigration Attorneys","url":"https:\/\/loigica.com\/es\/","logo":{"@type":"ImageObject","inLanguage":"es","@id":"https:\/\/loigica.com\/es\/#\/schema\/logo\/image\/","url":"https:\/\/loigica.com\/es\/wp-content\/uploads\/cropped-Loigica-Silver.png","contentUrl":"https:\/\/loigica.com\/es\/wp-content\/uploads\/cropped-Loigica-Silver.png","width":369,"height":317,"caption":"Loigica"},"image":{"@id":"https:\/\/loigica.com\/es\/#\/schema\/logo\/image\/"},"sameAs":["https:\/\/www.facebook.com\/loigica\/","https:\/\/x.com\/Loigica","https:\/\/www.instagram.com\/loigica\/","https:\/\/www.youtube.com\/@Loigica\/"]}]}},"_links":{"self":[{"href":"https:\/\/loigica.com\/es\/wp-json\/wp\/v2\/pages\/6212","targetHints":{"allow":["GET"]}}],"collection":[{"href":"https:\/\/loigica.com\/es\/wp-json\/wp\/v2\/pages"}],"about":[{"href":"https:\/\/loigica.com\/es\/wp-json\/wp\/v2\/types\/page"}],"author":[{"embeddable":true,"href":"https:\/\/loigica.com\/es\/wp-json\/wp\/v2\/users\/19"}],"replies":[{"embeddable":true,"href":"https:\/\/loigica.com\/es\/wp-json\/wp\/v2\/comments?post=6212"}],"version-history":[{"count":44,"href":"https:\/\/loigica.com\/es\/wp-json\/wp\/v2\/pages\/6212\/revisions"}],"predecessor-version":[{"id":23418,"href":"https:\/\/loigica.com\/es\/wp-json\/wp\/v2\/pages\/6212\/revisions\/23418"}],"up":[{"embeddable":true,"href":"https:\/\/loigica.com\/es\/wp-json\/wp\/v2\/pages\/6013"}],"wp:featuredmedia":[{"embeddable":true,"href":"https:\/\/loigica.com\/es\/wp-json\/wp\/v2\/media\/17605"}],"wp:attachment":[{"href":"https:\/\/loigica.com\/es\/wp-json\/wp\/v2\/media?parent=6212"}],"curies":[{"name":"wp","href":"https:\/\/api.w.org\/{rel}","templated":true}]}}