{"id":6224,"date":"2023-04-11T13:57:13","date_gmt":"2023-04-11T17:57:13","guid":{"rendered":"https:\/\/loigica.com\/?page_id=6224"},"modified":"2026-04-23T10:20:34","modified_gmt":"2026-04-23T14:20:34","slug":"felipe-paraud-abogado-inmigracion","status":"publish","type":"page","link":"https:\/\/loigica.com\/es\/loigica-3\/nuestros-abogados\/felipe-paraud-abogado-inmigracion\/","title":{"rendered":"Felipe Paraud Abogado | Director S\u00e9nior de Ventas LOIGICA"},"content":{"rendered":"\t\t<div data-elementor-type=\"wp-page\" data-elementor-id=\"6224\" class=\"elementor elementor-6224\" data-elementor-post-type=\"page\">\n\t\t\t\t<div class=\"elementor-element elementor-element-a25e39d e-flex e-con-boxed e-con e-parent\" data-id=\"a25e39d\" data-element_type=\"container\" data-e-type=\"container\" data-settings=\"{&quot;background_background&quot;:&quot;classic&quot;}\">\n\t\t\t\t\t<div class=\"e-con-inner\">\n\t\t<div class=\"elementor-element elementor-element-075672c e-con-full e-flex e-con e-child\" data-id=\"075672c\" data-element_type=\"container\" data-e-type=\"container\">\n\t\t\t\t<div class=\"elementor-element elementor-element-a65e197 elementor-widget elementor-widget-elementskit-heading\" data-id=\"a65e197\" data-element_type=\"widget\" data-e-type=\"widget\" data-widget_type=\"elementskit-heading.default\">\n\t\t\t\t<div class=\"elementor-widget-container\">\n\t\t\t\t\t<div class=\"ekit-wid-con\" ><div class=\"ekit-heading elementskit-section-title-wraper text_left   ekit_heading_tablet-   ekit_heading_mobile-\"><h2 class=\"ekit-heading--title elementskit-section-title \"><span><span>Felipe Paraud<\/span><\/span> Director S\u00e9nior Ventas y Abogado<\/h2>\t\t\t\t<div class='ekit-heading__description'>\n\t\t\t\t\t<div class=\"\">\n\n<div class=\"text-base my-auto mx-auto pb-10 [--thread-content-margin:var(--thread-content-margin-xs,calc(var(--spacing)*4))] @w-sm\/main:[--thread-content-margin:var(--thread-content-margin-sm,calc(var(--spacing)*6))] @w-lg\/main:[--thread-content-margin:var(--thread-content-margin-lg,calc(var(--spacing)*16))] px-(--thread-content-margin)\">\n<div class=\"[--thread-content-max-width:40rem] @w-lg\/main:[--thread-content-max-width:48rem] mx-auto max-w-(--thread-content-max-width) flex-1 group\/turn-messages focus-visible:outline-hidden relative flex w-full min-w-0 flex-col agent-turn\">\n<div class=\"flex max-w-full flex-col gap-4 grow\">\n<div class=\"min-h-8 text-message relative flex w-full flex-col items-end gap-2 text-start break-words whitespace-normal outline-none keyboard-focused:focus-ring [.text-message+&amp;]:mt-1\">\n<div class=\"flex w-full flex-col gap-1 empty:hidden\">\n<div class=\"markdown prose dark:prose-invert w-full wrap-break-word dark markdown-new-styling\">\n<p>Felipe Paraud es un abogado espa\u00f1ol con m\u00e1s de 20 a\u00f1os de experiencia en derecho migratorio y corporativo. A lo largo de su trayectoria, ha asesorado a empresarios de todo el mundo en la creaci\u00f3n, registro y expansi\u00f3n de negocios en Estados Unidos, aprovechando distintos programas de inversi\u00f3n para alcanzar sus objetivos comerciales y migratorios.<\/p>\n<\/div>\n<\/div>\n<\/div>\n<\/div>\n<\/div>\n<\/div>\n\n<\/div>\n\t\t\t\t<\/div>\n\t\t\t<div class=\"ekit_heading_separetor_wraper ekit_heading_elementskit-border-divider ekit-dotted\"><div class=\"elementskit-border-divider ekit-dotted\"><\/div><\/div><\/div><\/div>\t\t\t\t<\/div>\n\t\t\t\t<\/div>\n\t\t<div class=\"elementor-element elementor-element-42c74c3 e-con-full e-flex e-con e-child\" data-id=\"42c74c3\" data-element_type=\"container\" data-e-type=\"container\">\n\t\t\t\t<div class=\"elementor-element elementor-element-6078856 elementor-align-center elementor-widget elementor-widget-elementskit-button\" data-id=\"6078856\" data-element_type=\"widget\" data-e-type=\"widget\" data-widget_type=\"elementskit-button.default\">\n\t\t\t\t<div class=\"elementor-widget-container\">\n\t\t\t\t\t<div class=\"ekit-wid-con\" >\t\t<div class=\"ekit-btn-wraper\">\n\t\t\t\t\t\t\t<a href=\"#form\" class=\"elementskit-btn  whitespace--normal\" id=\"\">\n\t\t\t\t\tContacta con un abogado ahora\t\t\t\t<\/a>\n\t\t\t\t\t<\/div>\n        <\/div>\t\t\t\t<\/div>\n\t\t\t\t<\/div>\n\t\t\t\t<div class=\"elementor-element elementor-element-40cc8a3 elementor-align-center elementor-widget elementor-widget-elementskit-button\" data-id=\"40cc8a3\" data-element_type=\"widget\" data-e-type=\"widget\" data-widget_type=\"elementskit-button.default\">\n\t\t\t\t<div class=\"elementor-widget-container\">\n\t\t\t\t\t<div class=\"ekit-wid-con\" >\t\t<div class=\"ekit-btn-wraper\">\n\t\t\t\t\t\t\t<a href=\"https:\/\/loigica.com\/about-loigica\/team\/attorney-felipe-paraud\/\" class=\"elementskit-btn  whitespace--normal\" id=\"\">\n\t\t\t\t\t<i class=\"fas fa-globe\"><\/i>Ingl\u00e9s\t\t\t\t<\/a>\n\t\t\t\t\t<\/div>\n        <\/div>\t\t\t\t<\/div>\n\t\t\t\t<\/div>\n\t\t\t\t<\/div>\n\t\t\t\t<\/div>\n\t\t\t\t<div class=\"elementor-element elementor-element-a04ee58 elementor-widget elementor-widget-image\" data-id=\"a04ee58\" data-element_type=\"widget\" data-e-type=\"widget\" data-widget_type=\"image.default\">\n\t\t\t\t<div class=\"elementor-widget-container\">\n\t\t\t\t\t\t\t\t\t\t\t\t\t\t\t<img fetchpriority=\"high\" decoding=\"async\" width=\"768\" height=\"927\" src=\"https:\/\/loigica.com\/es\/wp-content\/uploads\/wmremove-transformed-2-1-768x927.png\" class=\"attachment-medium_large size-medium_large wp-image-22271\" alt=\"Felipe Paraud - Abogado de inmigraci\u00f3n en LOIGICA\" srcset=\"https:\/\/loigica.com\/es\/wp-content\/uploads\/wmremove-transformed-2-1-768x927.png 768w, https:\/\/loigica.com\/es\/wp-content\/uploads\/wmremove-transformed-2-1-249x300.png 249w, https:\/\/loigica.com\/es\/wp-content\/uploads\/wmremove-transformed-2-1-848x1024.png 848w, https:\/\/loigica.com\/es\/wp-content\/uploads\/wmremove-transformed-2-1.png 928w\" sizes=\"(max-width: 768px) 100vw, 768px\" \/>\t\t\t\t\t\t\t\t\t\t\t\t\t\t\t<\/div>\n\t\t\t\t<\/div>\n\t\t\t\t\t<\/div>\n\t\t\t\t<\/div>\n\t\t<div class=\"elementor-element elementor-element-bead996 e-flex e-con-boxed e-con e-parent\" data-id=\"bead996\" data-element_type=\"container\" data-e-type=\"container\">\n\t\t\t\t\t<div class=\"e-con-inner\">\n\t\t\t\t<div class=\"elementor-element elementor-element-81db391 elementor-widget__width-auto elementor-widget elementor-widget-elementskit-heading\" data-id=\"81db391\" data-element_type=\"widget\" data-e-type=\"widget\" data-widget_type=\"elementskit-heading.default\">\n\t\t\t\t<div class=\"elementor-widget-container\">\n\t\t\t\t\t<div class=\"ekit-wid-con\" ><div class=\"ekit-heading elementskit-section-title-wraper text_left   ekit_heading_tablet-   ekit_heading_mobile-\"><div class=\"ekit_heading_separetor_wraper ekit_heading_elementskit-border-divider ekit-dotted\"><div class=\"elementskit-border-divider ekit-dotted\"><\/div><\/div><h2 class=\"ekit-heading--title elementskit-section-title \">Sobre <span><span>Felipe Paraud<\/span><\/span><\/h2><\/div><\/div>\t\t\t\t<\/div>\n\t\t\t\t<\/div>\n\t\t\t\t<div class=\"elementor-element elementor-element-8c8d266 elementor-widget__width-inherit elementor-widget elementor-widget-text-editor\" data-id=\"8c8d266\" data-element_type=\"widget\" data-e-type=\"widget\" data-widget_type=\"text-editor.default\">\n\t\t\t\t<div class=\"elementor-widget-container\">\n\t\t\t\t\t\t\t\t\t<p data-start=\"257\" data-end=\"551\"><strong data-start=\"257\" data-end=\"274\">Felipe Paraud<\/strong> asesora a <strong data-start=\"285\" data-end=\"338\">profesionales de distintas \u00e1reas y nacionalidades<\/strong> que buscan alcanzar sus metas de <strong data-start=\"372\" data-end=\"386\">residencia<\/strong> y <strong data-start=\"389\" data-end=\"424\">trabajo legal en Estados Unidos<\/strong>. Para ello, los acompa\u00f1a en la evaluaci\u00f3n de oportunidades laborales y en la definici\u00f3n de una estrategia migratoria adecuada.<\/p><p data-start=\"257\" data-end=\"551\">\u00a0<\/p><p data-start=\"553\" data-end=\"817\">Desde el inicio de su carrera, ha mantenido un fuerte compromiso con la <strong data-start=\"643\" data-end=\"658\">inmigraci\u00f3n<\/strong> y la defensa de las personas migrantes. En sus primeros a\u00f1os, brind\u00f3 acompa\u00f1amiento legal a <strong data-start=\"751\" data-end=\"775\">ciudadanos africanos<\/strong> en sus procesos migratorios hacia Europa.<\/p><p data-start=\"553\" data-end=\"817\">\u00a0<\/p><p data-start=\"819\" data-end=\"1126\">Adem\u00e1s, trabaj\u00f3 en instituciones reconocidas como la <strong data-start=\"872\" data-end=\"903\">Comisi\u00f3n Obrera de Catalu\u00f1a<\/strong> y el <strong data-start=\"909\" data-end=\"951\">Ayuntamiento de Vilafranca del Pened\u00e8s<\/strong>. Tambi\u00e9n form\u00f3 parte del <strong data-start=\"977\" data-end=\"1048\">Servicio de Atenci\u00f3n a Inmigrantes, Emigrantes y Refugiados (<span style=\"color: #0a1e36;\"><a style=\"color: #0a1e36;\" href=\"https:\/\/ajuntament.barcelona.cat\/novaciutadania\/es\/servicio-de-atencion-inmigrantes-emigrantes-y-refugiados-saier\" target=\"_blank\" rel=\"noopener\">SAIER<\/a><\/span>)<\/strong> en Barcelona, donde se desempe\u00f1\u00f3 como <strong data-start=\"1087\" data-end=\"1125\">consejero en inmigraci\u00f3n y refugio<\/strong>.<\/p><p data-start=\"819\" data-end=\"1126\">\u00a0<\/p><p data-start=\"1128\" data-end=\"1470\">Gracias a su experiencia, <strong data-start=\"1154\" data-end=\"1171\">Felipe Paraud<\/strong> ha sido invitado a participar en <strong data-start=\"1205\" data-end=\"1230\">foros internacionales<\/strong> en <strong data-start=\"1234\" data-end=\"1244\">Europa<\/strong> y <strong data-start=\"1247\" data-end=\"1264\">Latinoam\u00e9rica<\/strong>. Es por esto que, en esos espacios, ha compartido su visi\u00f3n sobre desaf\u00edos migratorios y oportunidades de inversi\u00f3n en Estados Unidos. Asimismo, ha aportado su experiencia en procesos de visa como la <span style=\"color: #0a1e36;\"><a style=\"color: #0a1e36;\" href=\"https:\/\/loigica.com\/es\/inmigracion\/visas-inversion-comercio\/green-card-eb-5\/\"><strong data-start=\"1448\" data-end=\"1456\">EB-5<\/strong><\/a> <\/span>y la <span style=\"color: #0a1e36;\"><a style=\"color: #0a1e36;\" href=\"https:\/\/loigica.com\/es\/inmigracion\/visas-inversion-comercio\/visa-e-2\/\"><strong data-start=\"1462\" data-end=\"1469\">E-2<\/strong><\/a><\/span>.<\/p><p data-start=\"1128\" data-end=\"1470\">\u00a0<\/p><p data-start=\"1472\" data-end=\"1702\">Como <strong data-start=\"1477\" data-end=\"1503\">abogado de inmigraci\u00f3n<\/strong> y <strong data-start=\"1506\" data-end=\"1528\">director s\u00e9nior de ventas<\/strong>,\u00a0aporta una mirada estrat\u00e9gica, legal y comercial. Por eso, puede ayudar a sus clientes a avanzar con mayor claridad, confianza y enfoque en sus objetivos.<\/p><p data-start=\"1472\" data-end=\"1702\">\u00a0<\/p><p data-start=\"1704\" data-end=\"2006\">A lo largo de su trayectoria, su pasi\u00f3n por la inmigraci\u00f3n ha impulsado el \u00e9xito de <strong data-start=\"1788\" data-end=\"1808\">cientos de casos<\/strong>. Adem\u00e1s, <strong data-start=\"1818\" data-end=\"1835\">Felipe Paraud<\/strong> habla con fluidez <strong data-start=\"1854\" data-end=\"1864\">ingl\u00e9s<\/strong> y <strong data-start=\"1867\" data-end=\"1878\">espa\u00f1ol<\/strong>. De esta manera, puede brindar un asesoramiento legal cercano y efectivo a una amplia variedad de <strong data-start=\"1977\" data-end=\"2005\">clientes internacionales<\/strong>.<\/p>\t\t\t\t\t\t\t\t<\/div>\n\t\t\t\t<\/div>\n\t\t\t\t\t<\/div>\n\t\t\t\t<\/div>\n\t\t<div class=\"elementor-element elementor-element-1028197 e-con-full e-flex e-con e-parent\" data-id=\"1028197\" data-element_type=\"container\" data-e-type=\"container\" id=\"form\">\n\t\t<div class=\"elementor-element elementor-element-0a6dce6 e-con-full e-flex e-con e-child\" data-id=\"0a6dce6\" data-element_type=\"container\" data-e-type=\"container\" data-settings=\"{&quot;background_background&quot;:&quot;classic&quot;}\">\n\t\t\t\t<div class=\"elementor-element elementor-element-f0bc01e elementor-widget__width-inherit elementor-widget elementor-widget-heading\" data-id=\"f0bc01e\" data-element_type=\"widget\" data-e-type=\"widget\" data-widget_type=\"heading.default\">\n\t\t\t\t<div class=\"elementor-widget-container\">\n\t\t\t\t\t<h2 class=\"elementor-heading-title elementor-size-default\">Obt\u00e9n asesor\u00eda legal para tu proceso<\/h2>\t\t\t\t<\/div>\n\t\t\t\t<\/div>\n\t\t\t\t<div class=\"elementor-element elementor-element-efd3b9e elementor-widget elementor-widget-text-editor\" data-id=\"efd3b9e\" data-element_type=\"widget\" data-e-type=\"widget\" data-widget_type=\"text-editor.default\">\n\t\t\t\t<div class=\"elementor-widget-container\">\n\t\t\t\t\t\t\t\t\t<p>Contacta con el Director S\u00e9nior de Ventas Felipe Paraud y empieza tu proceso hoy mismo con Felipe y su equipo de abogados y profesionales expertos.<\/p>\t\t\t\t\t\t\t\t<\/div>\n\t\t\t\t<\/div>\n\t\t\t\t<\/div>\n\t\t<div class=\"elementor-element elementor-element-562f988 e-con-full e-flex e-con e-child\" data-id=\"562f988\" data-element_type=\"container\" data-e-type=\"container\" data-settings=\"{&quot;background_background&quot;:&quot;classic&quot;}\">\n\t\t\t\t<div class=\"elementor-element elementor-element-b7fa1a9 elementor-widget elementor-widget-hubspot-form\" data-id=\"b7fa1a9\" data-element_type=\"widget\" data-e-type=\"widget\" data-widget_type=\"hubspot-form.default\">\n\t\t\t\t<div class=\"elementor-widget-container\">\n\t\t\t\t\t\n\t\t\t\t\t\t<script>\n\t\t\t\t\t\t\twindow.hsFormsOnReady = window.hsFormsOnReady || [];\n\t\t\t\t\t\t\twindow.hsFormsOnReady.push(()=>{\n\t\t\t\t\t\t\t\thbspt.forms.create({\n\t\t\t\t\t\t\t\t\tportalId: 1653096,\n\t\t\t\t\t\t\t\t\tformId: \"b9943b6a-96e6-460e-a8ff-e03eb8d791bb\",\n\t\t\t\t\t\t\t\t\ttarget: \"#hbspt-form-1777114076000-3234450860\",\n\t\t\t\t\t\t\t\t\tregion: \"na1\",\n\t\t\t\t\t\t\t\t\t\n\t\t\t\t\t\t\t})});\n\t\t\t\t\t\t<\/script>\n\t\t\t\t\t\t<div class=\"hbspt-form\" id=\"hbspt-form-1777114076000-3234450860\"><\/div>\t\t\t\t<\/div>\n\t\t\t\t<\/div>\n\t\t\t\t<\/div>\n\t\t\t\t<\/div>\n\t\t\t\t<\/div>\n\t\t","protected":false},"excerpt":{"rendered":"<p>Felipe Paraud es un abogado con m\u00e1s de 20 a\u00f1os de experiencia en inmigraci\u00f3n, inversi\u00f3n, negocios y estrategias migratorias en EE. UU.<\/p>\n","protected":false},"author":19,"featured_media":22271,"parent":6013,"menu_order":0,"comment_status":"closed","ping_status":"closed","template":"","meta":{"content-type":"","footnotes":""},"class_list":["post-6224","page","type-page","status-publish","has-post-thumbnail","hentry"],"yoast_head":"<!-- This site is optimized with the Yoast SEO plugin v27.4 - https:\/\/yoast.com\/product\/yoast-seo-wordpress\/ -->\n<title>Felipe Paraud Abogado | Director S\u00e9nior de Ventas LOIGICA<\/title>\n<meta name=\"description\" content=\"Felipe Paraud es un abogado con m\u00e1s de 20 a\u00f1os de experiencia en inmigraci\u00f3n, inversi\u00f3n, negocios y estrategias migratorias en EE. UU.\" \/>\n<meta name=\"robots\" content=\"index, follow, max-snippet:-1, max-image-preview:large, max-video-preview:-1\" \/>\n<link rel=\"canonical\" href=\"https:\/\/loigica.com\/es\/loigica-3\/nuestros-abogados\/felipe-paraud-abogado-inmigracion\/\" \/>\n<meta property=\"og:locale\" content=\"es_ES\" \/>\n<meta property=\"og:type\" content=\"article\" \/>\n<meta property=\"og:title\" content=\"Felipe Paraud Abogado | Director S\u00e9nior de Ventas LOIGICA\" \/>\n<meta property=\"og:description\" content=\"Felipe Paraud es un abogado con m\u00e1s de 20 a\u00f1os de experiencia en inmigraci\u00f3n, inversi\u00f3n, negocios y estrategias migratorias en EE. UU.\" \/>\n<meta property=\"og:url\" content=\"https:\/\/loigica.com\/es\/loigica-3\/nuestros-abogados\/felipe-paraud-abogado-inmigracion\/\" \/>\n<meta property=\"og:site_name\" content=\"Loigica\" \/>\n<meta property=\"article:publisher\" content=\"https:\/\/www.facebook.com\/loigica\/\" \/>\n<meta property=\"article:modified_time\" content=\"2026-04-23T14:20:34+00:00\" \/>\n<meta property=\"og:image\" content=\"https:\/\/loigica.com\/es\/wp-content\/uploads\/wmremove-transformed-2-1.png\" \/>\n\t<meta property=\"og:image:width\" content=\"928\" \/>\n\t<meta property=\"og:image:height\" content=\"1120\" \/>\n\t<meta property=\"og:image:type\" content=\"image\/png\" \/>\n<meta name=\"twitter:card\" content=\"summary_large_image\" \/>\n<meta name=\"twitter:site\" content=\"@Loigica\" \/>\n<meta name=\"twitter:label1\" content=\"Tiempo de lectura\" \/>\n\t<meta name=\"twitter:data1\" content=\"2 minutos\" \/>\n<script type=\"application\/ld+json\" class=\"yoast-schema-graph\">{\"@context\":\"https:\\\/\\\/schema.org\",\"@graph\":[{\"@type\":\"WebPage\",\"@id\":\"https:\\\/\\\/loigica.com\\\/es\\\/loigica-3\\\/nuestros-abogados\\\/felipe-paraud-abogado-inmigracion\\\/\",\"url\":\"https:\\\/\\\/loigica.com\\\/es\\\/loigica-3\\\/nuestros-abogados\\\/felipe-paraud-abogado-inmigracion\\\/\",\"name\":\"Felipe Paraud Abogado | Director S\u00e9nior de Ventas LOIGICA\",\"isPartOf\":{\"@id\":\"https:\\\/\\\/loigica.com\\\/es\\\/#website\"},\"primaryImageOfPage\":{\"@id\":\"https:\\\/\\\/loigica.com\\\/es\\\/loigica-3\\\/nuestros-abogados\\\/felipe-paraud-abogado-inmigracion\\\/#primaryimage\"},\"image\":{\"@id\":\"https:\\\/\\\/loigica.com\\\/es\\\/loigica-3\\\/nuestros-abogados\\\/felipe-paraud-abogado-inmigracion\\\/#primaryimage\"},\"thumbnailUrl\":\"https:\\\/\\\/loigica.com\\\/es\\\/wp-content\\\/uploads\\\/wmremove-transformed-2-1.png\",\"datePublished\":\"2023-04-11T17:57:13+00:00\",\"dateModified\":\"2026-04-23T14:20:34+00:00\",\"description\":\"Felipe Paraud es un abogado con m\u00e1s de 20 a\u00f1os de experiencia en inmigraci\u00f3n, inversi\u00f3n, negocios y estrategias migratorias en EE. UU.\",\"breadcrumb\":{\"@id\":\"https:\\\/\\\/loigica.com\\\/es\\\/loigica-3\\\/nuestros-abogados\\\/felipe-paraud-abogado-inmigracion\\\/#breadcrumb\"},\"inLanguage\":\"es\",\"potentialAction\":[{\"@type\":\"ReadAction\",\"target\":[\"https:\\\/\\\/loigica.com\\\/es\\\/loigica-3\\\/nuestros-abogados\\\/felipe-paraud-abogado-inmigracion\\\/\"]}]},{\"@type\":\"ImageObject\",\"inLanguage\":\"es\",\"@id\":\"https:\\\/\\\/loigica.com\\\/es\\\/loigica-3\\\/nuestros-abogados\\\/felipe-paraud-abogado-inmigracion\\\/#primaryimage\",\"url\":\"https:\\\/\\\/loigica.com\\\/es\\\/wp-content\\\/uploads\\\/wmremove-transformed-2-1.png\",\"contentUrl\":\"https:\\\/\\\/loigica.com\\\/es\\\/wp-content\\\/uploads\\\/wmremove-transformed-2-1.png\",\"width\":928,\"height\":1120,\"caption\":\"Felipe Paraud - Abogado de inmigraci\u00f3n en LOIGICA\"},{\"@type\":\"BreadcrumbList\",\"@id\":\"https:\\\/\\\/loigica.com\\\/es\\\/loigica-3\\\/nuestros-abogados\\\/felipe-paraud-abogado-inmigracion\\\/#breadcrumb\",\"itemListElement\":[{\"@type\":\"ListItem\",\"position\":1,\"name\":\"LOIGICA\",\"item\":\"https:\\\/\\\/loigica.com\\\/es\\\/loigica-3\\\/\"},{\"@type\":\"ListItem\",\"position\":2,\"name\":\"Nuestros abogados\",\"item\":\"https:\\\/\\\/loigica.com\\\/es\\\/loigica-3\\\/nuestros-abogados\\\/\"},{\"@type\":\"ListItem\",\"position\":3,\"name\":\"Felipe Paraud Abogado | Director S\u00e9nior de Ventas LOIGICA\"}]},{\"@type\":\"WebSite\",\"@id\":\"https:\\\/\\\/loigica.com\\\/es\\\/#website\",\"url\":\"https:\\\/\\\/loigica.com\\\/es\\\/\",\"name\":\"Loigica\",\"description\":\"Abogados de Negocios e Inmigraci\u00f3n | USA - LATAM\",\"publisher\":{\"@id\":\"https:\\\/\\\/loigica.com\\\/es\\\/#organization\"},\"potentialAction\":[{\"@type\":\"SearchAction\",\"target\":{\"@type\":\"EntryPoint\",\"urlTemplate\":\"https:\\\/\\\/loigica.com\\\/es\\\/?s={search_term_string}\"},\"query-input\":{\"@type\":\"PropertyValueSpecification\",\"valueRequired\":true,\"valueName\":\"search_term_string\"}}],\"inLanguage\":\"es\"},{\"@type\":\"Organization\",\"@id\":\"https:\\\/\\\/loigica.com\\\/es\\\/#organization\",\"name\":\"Loigica\",\"alternateName\":\"Loigica Immigration Attorneys\",\"url\":\"https:\\\/\\\/loigica.com\\\/es\\\/\",\"logo\":{\"@type\":\"ImageObject\",\"inLanguage\":\"es\",\"@id\":\"https:\\\/\\\/loigica.com\\\/es\\\/#\\\/schema\\\/logo\\\/image\\\/\",\"url\":\"https:\\\/\\\/loigica.com\\\/es\\\/wp-content\\\/uploads\\\/cropped-Loigica-Silver.png\",\"contentUrl\":\"https:\\\/\\\/loigica.com\\\/es\\\/wp-content\\\/uploads\\\/cropped-Loigica-Silver.png\",\"width\":369,\"height\":317,\"caption\":\"Loigica\"},\"image\":{\"@id\":\"https:\\\/\\\/loigica.com\\\/es\\\/#\\\/schema\\\/logo\\\/image\\\/\"},\"sameAs\":[\"https:\\\/\\\/www.facebook.com\\\/loigica\\\/\",\"https:\\\/\\\/x.com\\\/Loigica\",\"https:\\\/\\\/www.instagram.com\\\/loigica\\\/\",\"https:\\\/\\\/www.youtube.com\\\/@Loigica\\\/\"]}]}<\/script>\n<!-- \/ Yoast SEO plugin. -->","yoast_head_json":{"title":"Felipe Paraud Abogado | Director S\u00e9nior de Ventas LOIGICA","description":"Felipe Paraud es un abogado con m\u00e1s de 20 a\u00f1os de experiencia en inmigraci\u00f3n, inversi\u00f3n, negocios y estrategias migratorias en EE. UU.","robots":{"index":"index","follow":"follow","max-snippet":"max-snippet:-1","max-image-preview":"max-image-preview:large","max-video-preview":"max-video-preview:-1"},"canonical":"https:\/\/loigica.com\/es\/loigica-3\/nuestros-abogados\/felipe-paraud-abogado-inmigracion\/","og_locale":"es_ES","og_type":"article","og_title":"Felipe Paraud Abogado | Director S\u00e9nior de Ventas LOIGICA","og_description":"Felipe Paraud es un abogado con m\u00e1s de 20 a\u00f1os de experiencia en inmigraci\u00f3n, inversi\u00f3n, negocios y estrategias migratorias en EE. UU.","og_url":"https:\/\/loigica.com\/es\/loigica-3\/nuestros-abogados\/felipe-paraud-abogado-inmigracion\/","og_site_name":"Loigica","article_publisher":"https:\/\/www.facebook.com\/loigica\/","article_modified_time":"2026-04-23T14:20:34+00:00","og_image":[{"width":928,"height":1120,"url":"https:\/\/loigica.com\/es\/wp-content\/uploads\/wmremove-transformed-2-1.png","type":"image\/png"}],"twitter_card":"summary_large_image","twitter_site":"@Loigica","twitter_misc":{"Tiempo de lectura":"2 minutos"},"schema":{"@context":"https:\/\/schema.org","@graph":[{"@type":"WebPage","@id":"https:\/\/loigica.com\/es\/loigica-3\/nuestros-abogados\/felipe-paraud-abogado-inmigracion\/","url":"https:\/\/loigica.com\/es\/loigica-3\/nuestros-abogados\/felipe-paraud-abogado-inmigracion\/","name":"Felipe Paraud Abogado | Director S\u00e9nior de Ventas LOIGICA","isPartOf":{"@id":"https:\/\/loigica.com\/es\/#website"},"primaryImageOfPage":{"@id":"https:\/\/loigica.com\/es\/loigica-3\/nuestros-abogados\/felipe-paraud-abogado-inmigracion\/#primaryimage"},"image":{"@id":"https:\/\/loigica.com\/es\/loigica-3\/nuestros-abogados\/felipe-paraud-abogado-inmigracion\/#primaryimage"},"thumbnailUrl":"https:\/\/loigica.com\/es\/wp-content\/uploads\/wmremove-transformed-2-1.png","datePublished":"2023-04-11T17:57:13+00:00","dateModified":"2026-04-23T14:20:34+00:00","description":"Felipe Paraud es un abogado con m\u00e1s de 20 a\u00f1os de experiencia en inmigraci\u00f3n, inversi\u00f3n, negocios y estrategias migratorias en EE. UU.","breadcrumb":{"@id":"https:\/\/loigica.com\/es\/loigica-3\/nuestros-abogados\/felipe-paraud-abogado-inmigracion\/#breadcrumb"},"inLanguage":"es","potentialAction":[{"@type":"ReadAction","target":["https:\/\/loigica.com\/es\/loigica-3\/nuestros-abogados\/felipe-paraud-abogado-inmigracion\/"]}]},{"@type":"ImageObject","inLanguage":"es","@id":"https:\/\/loigica.com\/es\/loigica-3\/nuestros-abogados\/felipe-paraud-abogado-inmigracion\/#primaryimage","url":"https:\/\/loigica.com\/es\/wp-content\/uploads\/wmremove-transformed-2-1.png","contentUrl":"https:\/\/loigica.com\/es\/wp-content\/uploads\/wmremove-transformed-2-1.png","width":928,"height":1120,"caption":"Felipe Paraud - Abogado de inmigraci\u00f3n en LOIGICA"},{"@type":"BreadcrumbList","@id":"https:\/\/loigica.com\/es\/loigica-3\/nuestros-abogados\/felipe-paraud-abogado-inmigracion\/#breadcrumb","itemListElement":[{"@type":"ListItem","position":1,"name":"LOIGICA","item":"https:\/\/loigica.com\/es\/loigica-3\/"},{"@type":"ListItem","position":2,"name":"Nuestros abogados","item":"https:\/\/loigica.com\/es\/loigica-3\/nuestros-abogados\/"},{"@type":"ListItem","position":3,"name":"Felipe Paraud Abogado | Director S\u00e9nior de Ventas LOIGICA"}]},{"@type":"WebSite","@id":"https:\/\/loigica.com\/es\/#website","url":"https:\/\/loigica.com\/es\/","name":"Loigica","description":"Abogados de Negocios e Inmigraci\u00f3n | USA - LATAM","publisher":{"@id":"https:\/\/loigica.com\/es\/#organization"},"potentialAction":[{"@type":"SearchAction","target":{"@type":"EntryPoint","urlTemplate":"https:\/\/loigica.com\/es\/?s={search_term_string}"},"query-input":{"@type":"PropertyValueSpecification","valueRequired":true,"valueName":"search_term_string"}}],"inLanguage":"es"},{"@type":"Organization","@id":"https:\/\/loigica.com\/es\/#organization","name":"Loigica","alternateName":"Loigica Immigration Attorneys","url":"https:\/\/loigica.com\/es\/","logo":{"@type":"ImageObject","inLanguage":"es","@id":"https:\/\/loigica.com\/es\/#\/schema\/logo\/image\/","url":"https:\/\/loigica.com\/es\/wp-content\/uploads\/cropped-Loigica-Silver.png","contentUrl":"https:\/\/loigica.com\/es\/wp-content\/uploads\/cropped-Loigica-Silver.png","width":369,"height":317,"caption":"Loigica"},"image":{"@id":"https:\/\/loigica.com\/es\/#\/schema\/logo\/image\/"},"sameAs":["https:\/\/www.facebook.com\/loigica\/","https:\/\/x.com\/Loigica","https:\/\/www.instagram.com\/loigica\/","https:\/\/www.youtube.com\/@Loigica\/"]}]}},"_links":{"self":[{"href":"https:\/\/loigica.com\/es\/wp-json\/wp\/v2\/pages\/6224","targetHints":{"allow":["GET"]}}],"collection":[{"href":"https:\/\/loigica.com\/es\/wp-json\/wp\/v2\/pages"}],"about":[{"href":"https:\/\/loigica.com\/es\/wp-json\/wp\/v2\/types\/page"}],"author":[{"embeddable":true,"href":"https:\/\/loigica.com\/es\/wp-json\/wp\/v2\/users\/19"}],"replies":[{"embeddable":true,"href":"https:\/\/loigica.com\/es\/wp-json\/wp\/v2\/comments?post=6224"}],"version-history":[{"count":46,"href":"https:\/\/loigica.com\/es\/wp-json\/wp\/v2\/pages\/6224\/revisions"}],"predecessor-version":[{"id":23414,"href":"https:\/\/loigica.com\/es\/wp-json\/wp\/v2\/pages\/6224\/revisions\/23414"}],"up":[{"embeddable":true,"href":"https:\/\/loigica.com\/es\/wp-json\/wp\/v2\/pages\/6013"}],"wp:featuredmedia":[{"embeddable":true,"href":"https:\/\/loigica.com\/es\/wp-json\/wp\/v2\/media\/22271"}],"wp:attachment":[{"href":"https:\/\/loigica.com\/es\/wp-json\/wp\/v2\/media?parent=6224"}],"curies":[{"name":"wp","href":"https:\/\/api.w.org\/{rel}","templated":true}]}}