{"id":9608,"date":"2023-06-07T16:09:24","date_gmt":"2023-06-07T20:09:24","guid":{"rendered":"https:\/\/loigica.com\/es\/?page_id=9608"},"modified":"2024-12-05T11:00:44","modified_gmt":"2024-12-05T16:00:44","slug":"valores-corporativos","status":"publish","type":"page","link":"https:\/\/loigica.com\/es\/valores-corporativos\/","title":{"rendered":"Valores Corporativos"},"content":{"rendered":"\t\t<div data-elementor-type=\"wp-page\" data-elementor-id=\"9608\" class=\"elementor elementor-9608\" data-elementor-post-type=\"page\">\n\t\t\t\t\t\t<section class=\"elementor-section elementor-top-section elementor-element elementor-element-fa6319f elementor-section-boxed elementor-section-height-default elementor-section-height-default\" data-id=\"fa6319f\" data-element_type=\"section\" data-e-type=\"section\" data-settings=\"{&quot;background_background&quot;:&quot;classic&quot;}\">\n\t\t\t\t\t\t<div class=\"elementor-container elementor-column-gap-default\">\n\t\t\t\t\t<div class=\"elementor-column elementor-col-100 elementor-top-column elementor-element elementor-element-7409cd58\" data-id=\"7409cd58\" data-element_type=\"column\" data-e-type=\"column\">\n\t\t\t<div class=\"elementor-widget-wrap elementor-element-populated\">\n\t\t\t\t\t\t<section class=\"elementor-section elementor-inner-section elementor-element elementor-element-18b6eba7 elementor-section-boxed elementor-section-height-default elementor-section-height-default\" data-id=\"18b6eba7\" data-element_type=\"section\" data-e-type=\"section\">\n\t\t\t\t\t\t<div class=\"elementor-container elementor-column-gap-default\">\n\t\t\t\t\t<div class=\"elementor-column elementor-col-100 elementor-inner-column elementor-element elementor-element-747fd406\" data-id=\"747fd406\" data-element_type=\"column\" data-e-type=\"column\">\n\t\t\t<div class=\"elementor-widget-wrap elementor-element-populated\">\n\t\t\t\t\t\t<div class=\"elementor-element elementor-element-1c5dbc06 elementor-widget elementor-widget-heading\" data-id=\"1c5dbc06\" data-element_type=\"widget\" data-e-type=\"widget\" data-widget_type=\"heading.default\">\n\t\t\t\t<div class=\"elementor-widget-container\">\n\t\t\t\t\t<h1 class=\"elementor-heading-title elementor-size-default\">Nuestros Valores Corporativos<\/h1>\t\t\t\t<\/div>\n\t\t\t\t<\/div>\n\t\t\t\t\t<\/div>\n\t\t<\/div>\n\t\t\t\t\t<\/div>\n\t\t<\/section>\n\t\t\t\t<section class=\"elementor-section elementor-inner-section elementor-element elementor-element-5241969f elementor-section-boxed elementor-section-height-default elementor-section-height-default\" data-id=\"5241969f\" data-element_type=\"section\" data-e-type=\"section\">\n\t\t\t\t\t\t<div class=\"elementor-container elementor-column-gap-default\">\n\t\t\t\t\t<div class=\"elementor-column elementor-col-20 elementor-inner-column elementor-element elementor-element-71f09359\" data-id=\"71f09359\" data-element_type=\"column\" data-e-type=\"column\">\n\t\t\t<div class=\"elementor-widget-wrap elementor-element-populated\">\n\t\t\t\t\t\t<div class=\"elementor-element elementor-element-27147336 elementor-widget elementor-widget-image\" data-id=\"27147336\" data-element_type=\"widget\" data-e-type=\"widget\" data-widget_type=\"image.default\">\n\t\t\t\t<div class=\"elementor-widget-container\">\n\t\t\t\t\t\t\t\t\t\t\t\t\t\t\t<img decoding=\"async\" src=\"https:\/\/loigica.com\/es\/wp-content\/uploads\/elementor\/thumbs\/customer-first_Mesa-de-trabajo-1-qy2gml10jp4m81w829lv2tafmdwaflc9av1cunu4ak.png\" title=\"customer-first_Mesa-de-trabajo-1.png\" alt=\"customer-first_Mesa-de-trabajo-1.png\" loading=\"lazy\" \/>\t\t\t\t\t\t\t\t\t\t\t\t\t\t\t<\/div>\n\t\t\t\t<\/div>\n\t\t\t\t<div class=\"elementor-element elementor-element-449fd91 elementor-widget elementor-widget-heading\" data-id=\"449fd91\" data-element_type=\"widget\" data-e-type=\"widget\" data-widget_type=\"heading.default\">\n\t\t\t\t<div class=\"elementor-widget-container\">\n\t\t\t\t\t<h6 class=\"elementor-heading-title elementor-size-default\">El cliente primero<\/h6>\t\t\t\t<\/div>\n\t\t\t\t<\/div>\n\t\t\t\t\t<\/div>\n\t\t<\/div>\n\t\t\t\t<div class=\"elementor-column elementor-col-20 elementor-inner-column elementor-element elementor-element-5f2a0dae\" data-id=\"5f2a0dae\" data-element_type=\"column\" data-e-type=\"column\">\n\t\t\t<div class=\"elementor-widget-wrap elementor-element-populated\">\n\t\t\t\t\t\t<div class=\"elementor-element elementor-element-1d7e7e78 elementor-hidden-phone elementor-widget elementor-widget-image\" data-id=\"1d7e7e78\" data-element_type=\"widget\" data-e-type=\"widget\" data-widget_type=\"image.default\">\n\t\t\t\t<div class=\"elementor-widget-container\">\n\t\t\t\t\t\t\t\t\t\t\t\t\t\t\t<img decoding=\"async\" width=\"1\" height=\"45\" src=\"https:\/\/loigica.com\/es\/wp-content\/uploads\/bizcorp-home01-box02-shape-img-1-1.jpg\" class=\"attachment-large size-large wp-image-17129\" alt=\"\" \/>\t\t\t\t\t\t\t\t\t\t\t\t\t\t\t<\/div>\n\t\t\t\t<\/div>\n\t\t\t\t\t<\/div>\n\t\t<\/div>\n\t\t\t\t<div class=\"elementor-column elementor-col-20 elementor-inner-column elementor-element elementor-element-3a2711eb\" data-id=\"3a2711eb\" data-element_type=\"column\" data-e-type=\"column\">\n\t\t\t<div class=\"elementor-widget-wrap elementor-element-populated\">\n\t\t\t\t\t\t<div class=\"elementor-element elementor-element-4461b41d elementor-widget elementor-widget-image\" data-id=\"4461b41d\" data-element_type=\"widget\" data-e-type=\"widget\" data-widget_type=\"image.default\">\n\t\t\t\t<div class=\"elementor-widget-container\">\n\t\t\t\t\t\t\t\t\t\t\t\t\t\t\t<img decoding=\"async\" src=\"https:\/\/loigica.com\/es\/wp-content\/uploads\/elementor\/thumbs\/team_woork_Mesa-de-trabajo-1-qy2gml10jp4m81w829lv2tafmdwaflc9av1cunu4ak.png\" title=\"team_woork_Mesa-de-trabajo-1.png\" alt=\"team_woork_Mesa-de-trabajo-1.png\" loading=\"lazy\" \/>\t\t\t\t\t\t\t\t\t\t\t\t\t\t\t<\/div>\n\t\t\t\t<\/div>\n\t\t\t\t<div class=\"elementor-element elementor-element-4c9e3882 elementor-widget elementor-widget-heading\" data-id=\"4c9e3882\" data-element_type=\"widget\" data-e-type=\"widget\" data-widget_type=\"heading.default\">\n\t\t\t\t<div class=\"elementor-widget-container\">\n\t\t\t\t\t<h6 class=\"elementor-heading-title elementor-size-default\">Trabajo en equipo<\/h6>\t\t\t\t<\/div>\n\t\t\t\t<\/div>\n\t\t\t\t\t<\/div>\n\t\t<\/div>\n\t\t\t\t<div class=\"elementor-column elementor-col-20 elementor-inner-column elementor-element elementor-element-4cd67251 elementor-hidden-tablet elementor-hidden-phone\" data-id=\"4cd67251\" data-element_type=\"column\" data-e-type=\"column\">\n\t\t\t<div class=\"elementor-widget-wrap elementor-element-populated\">\n\t\t\t\t\t\t<div class=\"elementor-element elementor-element-697a9441 elementor-widget elementor-widget-image\" data-id=\"697a9441\" data-element_type=\"widget\" data-e-type=\"widget\" data-widget_type=\"image.default\">\n\t\t\t\t<div class=\"elementor-widget-container\">\n\t\t\t\t\t\t\t\t\t\t\t\t\t\t\t<img decoding=\"async\" width=\"1\" height=\"45\" src=\"https:\/\/loigica.com\/es\/wp-content\/uploads\/bizcorp-home01-box02-shape-img-1-1.jpg\" class=\"attachment-large size-large wp-image-17129\" alt=\"\" \/>\t\t\t\t\t\t\t\t\t\t\t\t\t\t\t<\/div>\n\t\t\t\t<\/div>\n\t\t\t\t\t<\/div>\n\t\t<\/div>\n\t\t\t\t<div class=\"elementor-column elementor-col-20 elementor-inner-column elementor-element elementor-element-9f37f48\" data-id=\"9f37f48\" data-element_type=\"column\" data-e-type=\"column\">\n\t\t\t<div class=\"elementor-widget-wrap elementor-element-populated\">\n\t\t\t\t\t\t<div class=\"elementor-element elementor-element-9db253f elementor-widget elementor-widget-image\" data-id=\"9db253f\" data-element_type=\"widget\" data-e-type=\"widget\" data-widget_type=\"image.default\">\n\t\t\t\t<div class=\"elementor-widget-container\">\n\t\t\t\t\t\t\t\t\t\t\t\t\t\t\t<img decoding=\"async\" src=\"https:\/\/loigica.com\/es\/wp-content\/uploads\/elementor\/thumbs\/social_respsibility_300_x_300_Mesa-de-trabajo-1-qy2gml10jp4m81w829lv2tafmdwaflc9av1cunu4ak.png\" title=\"social_respsibility_300_x_300_Mesa-de-trabajo-1.png\" alt=\"social_respsibility_300_x_300_Mesa-de-trabajo-1.png\" loading=\"lazy\" \/>\t\t\t\t\t\t\t\t\t\t\t\t\t\t\t<\/div>\n\t\t\t\t<\/div>\n\t\t\t\t<div class=\"elementor-element elementor-element-19048e39 elementor-widget elementor-widget-heading\" data-id=\"19048e39\" data-element_type=\"widget\" data-e-type=\"widget\" data-widget_type=\"heading.default\">\n\t\t\t\t<div class=\"elementor-widget-container\">\n\t\t\t\t\t<h6 class=\"elementor-heading-title elementor-size-default\">Responsabilidad social<\/h6>\t\t\t\t<\/div>\n\t\t\t\t<\/div>\n\t\t\t\t\t<\/div>\n\t\t<\/div>\n\t\t\t\t\t<\/div>\n\t\t<\/section>\n\t\t\t\t<section class=\"elementor-section elementor-inner-section elementor-element elementor-element-1c480f43 elementor-section-boxed elementor-section-height-default elementor-section-height-default\" data-id=\"1c480f43\" data-element_type=\"section\" data-e-type=\"section\">\n\t\t\t\t\t\t<div class=\"elementor-container elementor-column-gap-default\">\n\t\t\t\t\t<div class=\"elementor-column elementor-col-33 elementor-inner-column elementor-element elementor-element-3765302a\" data-id=\"3765302a\" data-element_type=\"column\" data-e-type=\"column\">\n\t\t\t<div class=\"elementor-widget-wrap elementor-element-populated\">\n\t\t\t\t\t\t<div class=\"elementor-element elementor-element-105c6468 elementor-widget elementor-widget-image\" data-id=\"105c6468\" data-element_type=\"widget\" data-e-type=\"widget\" data-widget_type=\"image.default\">\n\t\t\t\t<div class=\"elementor-widget-container\">\n\t\t\t\t\t\t\t\t\t\t\t\t\t\t\t<img decoding=\"async\" src=\"https:\/\/loigica.com\/es\/wp-content\/uploads\/elementor\/thumbs\/integrity_Mesa-de-trabajo-1-qy2gml10jp4m81w829lv2tafmdwaflc9av1cunu4ak.png\" title=\"integrity_Mesa-de-trabajo-1.png\" alt=\"integrity_Mesa-de-trabajo-1.png\" loading=\"lazy\" \/>\t\t\t\t\t\t\t\t\t\t\t\t\t\t\t<\/div>\n\t\t\t\t<\/div>\n\t\t\t\t<div class=\"elementor-element elementor-element-4e4db298 elementor-widget elementor-widget-heading\" data-id=\"4e4db298\" data-element_type=\"widget\" data-e-type=\"widget\" data-widget_type=\"heading.default\">\n\t\t\t\t<div class=\"elementor-widget-container\">\n\t\t\t\t\t<h6 class=\"elementor-heading-title elementor-size-default\">Integridad<\/h6>\t\t\t\t<\/div>\n\t\t\t\t<\/div>\n\t\t\t\t\t<\/div>\n\t\t<\/div>\n\t\t\t\t<div class=\"elementor-column elementor-col-33 elementor-inner-column elementor-element elementor-element-497e29e0\" data-id=\"497e29e0\" data-element_type=\"column\" data-e-type=\"column\">\n\t\t\t<div class=\"elementor-widget-wrap elementor-element-populated\">\n\t\t\t\t\t\t<div class=\"elementor-element elementor-element-13894bba elementor-hidden-phone elementor-widget elementor-widget-image\" data-id=\"13894bba\" data-element_type=\"widget\" data-e-type=\"widget\" data-widget_type=\"image.default\">\n\t\t\t\t<div class=\"elementor-widget-container\">\n\t\t\t\t\t\t\t\t\t\t\t\t\t\t\t<img decoding=\"async\" width=\"1\" height=\"45\" src=\"https:\/\/loigica.com\/es\/wp-content\/uploads\/bizcorp-home01-box02-shape-img-1-1.jpg\" class=\"attachment-large size-large wp-image-17129\" alt=\"\" \/>\t\t\t\t\t\t\t\t\t\t\t\t\t\t\t<\/div>\n\t\t\t\t<\/div>\n\t\t\t\t\t<\/div>\n\t\t<\/div>\n\t\t\t\t<div class=\"elementor-column elementor-col-33 elementor-inner-column elementor-element elementor-element-7700c698\" data-id=\"7700c698\" data-element_type=\"column\" data-e-type=\"column\">\n\t\t\t<div class=\"elementor-widget-wrap elementor-element-populated\">\n\t\t\t\t\t\t<div class=\"elementor-element elementor-element-99d64ad elementor-widget elementor-widget-image\" data-id=\"99d64ad\" data-element_type=\"widget\" data-e-type=\"widget\" data-widget_type=\"image.default\">\n\t\t\t\t<div class=\"elementor-widget-container\">\n\t\t\t\t\t\t\t\t\t\t\t\t\t\t\t<img decoding=\"async\" src=\"https:\/\/loigica.com\/es\/wp-content\/uploads\/elementor\/thumbs\/excellence_Mesa-de-trabajo-1-qy2gml10jp4m81w829lv2tafmdwaflc9av1cunu4ak.png\" title=\"excellence_Mesa-de-trabajo-1.png\" alt=\"excellence_Mesa-de-trabajo-1.png\" loading=\"lazy\" \/>\t\t\t\t\t\t\t\t\t\t\t\t\t\t\t<\/div>\n\t\t\t\t<\/div>\n\t\t\t\t<div class=\"elementor-element elementor-element-210ae909 elementor-widget elementor-widget-heading\" data-id=\"210ae909\" data-element_type=\"widget\" data-e-type=\"widget\" data-widget_type=\"heading.default\">\n\t\t\t\t<div class=\"elementor-widget-container\">\n\t\t\t\t\t<h6 class=\"elementor-heading-title elementor-size-default\">Compromiso con la excelencia<\/h6>\t\t\t\t<\/div>\n\t\t\t\t<\/div>\n\t\t\t\t\t<\/div>\n\t\t<\/div>\n\t\t\t\t\t<\/div>\n\t\t<\/section>\n\t\t\t\t\t<\/div>\n\t\t<\/div>\n\t\t\t\t\t<\/div>\n\t\t<\/section>\n\t\t\t\t<\/div>\n\t\t","protected":false},"excerpt":{"rendered":"<p>Nuestros Valores Corporativos El cliente primero Trabajo en equipo Responsabilidad social Integridad Compromiso con la excelencia<\/p>\n","protected":false},"author":19,"featured_media":0,"parent":0,"menu_order":0,"comment_status":"closed","ping_status":"closed","template":"","meta":{"content-type":"","footnotes":""},"class_list":["post-9608","page","type-page","status-publish","hentry"],"yoast_head":"<!-- This site is optimized with the Yoast SEO plugin v27.3 - https:\/\/yoast.com\/product\/yoast-seo-wordpress\/ -->\n<title>Valores corporativos de Loigica abogados | LOIGICA Abogados de Inmigraci\u00f3n<\/title>\n<meta name=\"description\" content=\"Conoce los valores corporativos de Loigica abogados de inmigraci\u00f3n, entre los que se destacan: El cliente primero, trabajo en equipo y muchos m\u00e1s. \u00a1Entra aqu\u00ed!\" \/>\n<meta name=\"robots\" content=\"index, follow, max-snippet:-1, max-image-preview:large, max-video-preview:-1\" \/>\n<link rel=\"canonical\" href=\"https:\/\/loigica.com\/es\/valores-corporativos\/\" \/>\n<meta property=\"og:locale\" content=\"es_ES\" \/>\n<meta property=\"og:type\" content=\"article\" \/>\n<meta property=\"og:title\" content=\"Valores corporativos de Loigica abogados | LOIGICA Abogados de Inmigraci\u00f3n\" \/>\n<meta property=\"og:description\" content=\"Conoce los valores corporativos de Loigica abogados de inmigraci\u00f3n, entre los que se destacan: El cliente primero, trabajo en equipo y muchos m\u00e1s. \u00a1Entra aqu\u00ed!\" \/>\n<meta property=\"og:url\" content=\"https:\/\/loigica.com\/es\/valores-corporativos\/\" \/>\n<meta property=\"og:site_name\" content=\"Loigica\" \/>\n<meta property=\"article:publisher\" content=\"https:\/\/www.facebook.com\/loigica\/\" \/>\n<meta property=\"article:modified_time\" content=\"2024-12-05T16:00:44+00:00\" \/>\n<meta property=\"og:image\" content=\"https:\/\/loigica.com\/es\/wp-content\/uploads\/elementor\/thumbs\/customer-first_Mesa-de-trabajo-1-qy2gml10jp4m81w829lv2tafmdwaflc9av1cunu4ak.png\" \/>\n<meta name=\"twitter:card\" content=\"summary_large_image\" \/>\n<meta name=\"twitter:site\" content=\"@Loigica\" \/>\n<meta name=\"twitter:label1\" content=\"Tiempo de lectura\" \/>\n\t<meta name=\"twitter:data1\" content=\"2 minutos\" \/>\n<script type=\"application\/ld+json\" class=\"yoast-schema-graph\">{\"@context\":\"https:\\\/\\\/schema.org\",\"@graph\":[{\"@type\":\"WebPage\",\"@id\":\"https:\\\/\\\/loigica.com\\\/es\\\/valores-corporativos\\\/\",\"url\":\"https:\\\/\\\/loigica.com\\\/es\\\/valores-corporativos\\\/\",\"name\":\"Valores corporativos de Loigica abogados | LOIGICA Abogados de Inmigraci\u00f3n\",\"isPartOf\":{\"@id\":\"https:\\\/\\\/loigica.com\\\/es\\\/#website\"},\"primaryImageOfPage\":{\"@id\":\"https:\\\/\\\/loigica.com\\\/es\\\/valores-corporativos\\\/#primaryimage\"},\"image\":{\"@id\":\"https:\\\/\\\/loigica.com\\\/es\\\/valores-corporativos\\\/#primaryimage\"},\"thumbnailUrl\":\"https:\\\/\\\/loigica.com\\\/es\\\/wp-content\\\/uploads\\\/elementor\\\/thumbs\\\/customer-first_Mesa-de-trabajo-1-qy2gml10jp4m81w829lv2tafmdwaflc9av1cunu4ak.png\",\"datePublished\":\"2023-06-07T20:09:24+00:00\",\"dateModified\":\"2024-12-05T16:00:44+00:00\",\"description\":\"Conoce los valores corporativos de Loigica abogados de inmigraci\u00f3n, entre los que se destacan: El cliente primero, trabajo en equipo y muchos m\u00e1s. \u00a1Entra aqu\u00ed!\",\"inLanguage\":\"es\",\"potentialAction\":[{\"@type\":\"ReadAction\",\"target\":[\"https:\\\/\\\/loigica.com\\\/es\\\/valores-corporativos\\\/\"]}]},{\"@type\":\"ImageObject\",\"inLanguage\":\"es\",\"@id\":\"https:\\\/\\\/loigica.com\\\/es\\\/valores-corporativos\\\/#primaryimage\",\"url\":\"https:\\\/\\\/loigica.com\\\/es\\\/wp-content\\\/uploads\\\/elementor\\\/thumbs\\\/customer-first_Mesa-de-trabajo-1-qy2gml10jp4m81w829lv2tafmdwaflc9av1cunu4ak.png\",\"contentUrl\":\"https:\\\/\\\/loigica.com\\\/es\\\/wp-content\\\/uploads\\\/elementor\\\/thumbs\\\/customer-first_Mesa-de-trabajo-1-qy2gml10jp4m81w829lv2tafmdwaflc9av1cunu4ak.png\"},{\"@type\":\"WebSite\",\"@id\":\"https:\\\/\\\/loigica.com\\\/es\\\/#website\",\"url\":\"https:\\\/\\\/loigica.com\\\/es\\\/\",\"name\":\"Loigica\",\"description\":\"Abogados de Negocios e Inmigraci\u00f3n | USA - LATAM\",\"publisher\":{\"@id\":\"https:\\\/\\\/loigica.com\\\/es\\\/#organization\"},\"potentialAction\":[{\"@type\":\"SearchAction\",\"target\":{\"@type\":\"EntryPoint\",\"urlTemplate\":\"https:\\\/\\\/loigica.com\\\/es\\\/?s={search_term_string}\"},\"query-input\":{\"@type\":\"PropertyValueSpecification\",\"valueRequired\":true,\"valueName\":\"search_term_string\"}}],\"inLanguage\":\"es\"},{\"@type\":\"Organization\",\"@id\":\"https:\\\/\\\/loigica.com\\\/es\\\/#organization\",\"name\":\"Loigica\",\"alternateName\":\"Loigica Immigration Attorneys\",\"url\":\"https:\\\/\\\/loigica.com\\\/es\\\/\",\"logo\":{\"@type\":\"ImageObject\",\"inLanguage\":\"es\",\"@id\":\"https:\\\/\\\/loigica.com\\\/es\\\/#\\\/schema\\\/logo\\\/image\\\/\",\"url\":\"https:\\\/\\\/loigica.com\\\/es\\\/wp-content\\\/uploads\\\/cropped-Loigica-Silver.png\",\"contentUrl\":\"https:\\\/\\\/loigica.com\\\/es\\\/wp-content\\\/uploads\\\/cropped-Loigica-Silver.png\",\"width\":369,\"height\":317,\"caption\":\"Loigica\"},\"image\":{\"@id\":\"https:\\\/\\\/loigica.com\\\/es\\\/#\\\/schema\\\/logo\\\/image\\\/\"},\"sameAs\":[\"https:\\\/\\\/www.facebook.com\\\/loigica\\\/\",\"https:\\\/\\\/x.com\\\/Loigica\",\"https:\\\/\\\/www.instagram.com\\\/loigica\\\/\",\"https:\\\/\\\/www.youtube.com\\\/@Loigica\\\/\"]}]}<\/script>\n<!-- \/ Yoast SEO plugin. -->","yoast_head_json":{"title":"Valores corporativos de Loigica abogados | LOIGICA Abogados de Inmigraci\u00f3n","description":"Conoce los valores corporativos de Loigica abogados de inmigraci\u00f3n, entre los que se destacan: El cliente primero, trabajo en equipo y muchos m\u00e1s. \u00a1Entra aqu\u00ed!","robots":{"index":"index","follow":"follow","max-snippet":"max-snippet:-1","max-image-preview":"max-image-preview:large","max-video-preview":"max-video-preview:-1"},"canonical":"https:\/\/loigica.com\/es\/valores-corporativos\/","og_locale":"es_ES","og_type":"article","og_title":"Valores corporativos de Loigica abogados | LOIGICA Abogados de Inmigraci\u00f3n","og_description":"Conoce los valores corporativos de Loigica abogados de inmigraci\u00f3n, entre los que se destacan: El cliente primero, trabajo en equipo y muchos m\u00e1s. \u00a1Entra aqu\u00ed!","og_url":"https:\/\/loigica.com\/es\/valores-corporativos\/","og_site_name":"Loigica","article_publisher":"https:\/\/www.facebook.com\/loigica\/","article_modified_time":"2024-12-05T16:00:44+00:00","og_image":[{"url":"https:\/\/loigica.com\/es\/wp-content\/uploads\/elementor\/thumbs\/customer-first_Mesa-de-trabajo-1-qy2gml10jp4m81w829lv2tafmdwaflc9av1cunu4ak.png","type":"","width":"","height":""}],"twitter_card":"summary_large_image","twitter_site":"@Loigica","twitter_misc":{"Tiempo de lectura":"2 minutos"},"schema":{"@context":"https:\/\/schema.org","@graph":[{"@type":"WebPage","@id":"https:\/\/loigica.com\/es\/valores-corporativos\/","url":"https:\/\/loigica.com\/es\/valores-corporativos\/","name":"Valores corporativos de Loigica abogados | LOIGICA Abogados de Inmigraci\u00f3n","isPartOf":{"@id":"https:\/\/loigica.com\/es\/#website"},"primaryImageOfPage":{"@id":"https:\/\/loigica.com\/es\/valores-corporativos\/#primaryimage"},"image":{"@id":"https:\/\/loigica.com\/es\/valores-corporativos\/#primaryimage"},"thumbnailUrl":"https:\/\/loigica.com\/es\/wp-content\/uploads\/elementor\/thumbs\/customer-first_Mesa-de-trabajo-1-qy2gml10jp4m81w829lv2tafmdwaflc9av1cunu4ak.png","datePublished":"2023-06-07T20:09:24+00:00","dateModified":"2024-12-05T16:00:44+00:00","description":"Conoce los valores corporativos de Loigica abogados de inmigraci\u00f3n, entre los que se destacan: El cliente primero, trabajo en equipo y muchos m\u00e1s. \u00a1Entra aqu\u00ed!","inLanguage":"es","potentialAction":[{"@type":"ReadAction","target":["https:\/\/loigica.com\/es\/valores-corporativos\/"]}]},{"@type":"ImageObject","inLanguage":"es","@id":"https:\/\/loigica.com\/es\/valores-corporativos\/#primaryimage","url":"https:\/\/loigica.com\/es\/wp-content\/uploads\/elementor\/thumbs\/customer-first_Mesa-de-trabajo-1-qy2gml10jp4m81w829lv2tafmdwaflc9av1cunu4ak.png","contentUrl":"https:\/\/loigica.com\/es\/wp-content\/uploads\/elementor\/thumbs\/customer-first_Mesa-de-trabajo-1-qy2gml10jp4m81w829lv2tafmdwaflc9av1cunu4ak.png"},{"@type":"WebSite","@id":"https:\/\/loigica.com\/es\/#website","url":"https:\/\/loigica.com\/es\/","name":"Loigica","description":"Abogados de Negocios e Inmigraci\u00f3n | USA - LATAM","publisher":{"@id":"https:\/\/loigica.com\/es\/#organization"},"potentialAction":[{"@type":"SearchAction","target":{"@type":"EntryPoint","urlTemplate":"https:\/\/loigica.com\/es\/?s={search_term_string}"},"query-input":{"@type":"PropertyValueSpecification","valueRequired":true,"valueName":"search_term_string"}}],"inLanguage":"es"},{"@type":"Organization","@id":"https:\/\/loigica.com\/es\/#organization","name":"Loigica","alternateName":"Loigica Immigration Attorneys","url":"https:\/\/loigica.com\/es\/","logo":{"@type":"ImageObject","inLanguage":"es","@id":"https:\/\/loigica.com\/es\/#\/schema\/logo\/image\/","url":"https:\/\/loigica.com\/es\/wp-content\/uploads\/cropped-Loigica-Silver.png","contentUrl":"https:\/\/loigica.com\/es\/wp-content\/uploads\/cropped-Loigica-Silver.png","width":369,"height":317,"caption":"Loigica"},"image":{"@id":"https:\/\/loigica.com\/es\/#\/schema\/logo\/image\/"},"sameAs":["https:\/\/www.facebook.com\/loigica\/","https:\/\/x.com\/Loigica","https:\/\/www.instagram.com\/loigica\/","https:\/\/www.youtube.com\/@Loigica\/"]}]}},"_links":{"self":[{"href":"https:\/\/loigica.com\/es\/wp-json\/wp\/v2\/pages\/9608","targetHints":{"allow":["GET"]}}],"collection":[{"href":"https:\/\/loigica.com\/es\/wp-json\/wp\/v2\/pages"}],"about":[{"href":"https:\/\/loigica.com\/es\/wp-json\/wp\/v2\/types\/page"}],"author":[{"embeddable":true,"href":"https:\/\/loigica.com\/es\/wp-json\/wp\/v2\/users\/19"}],"replies":[{"embeddable":true,"href":"https:\/\/loigica.com\/es\/wp-json\/wp\/v2\/comments?post=9608"}],"version-history":[{"count":18,"href":"https:\/\/loigica.com\/es\/wp-json\/wp\/v2\/pages\/9608\/revisions"}],"predecessor-version":[{"id":17136,"href":"https:\/\/loigica.com\/es\/wp-json\/wp\/v2\/pages\/9608\/revisions\/17136"}],"wp:attachment":[{"href":"https:\/\/loigica.com\/es\/wp-json\/wp\/v2\/media?parent=9608"}],"curies":[{"name":"wp","href":"https:\/\/api.w.org\/{rel}","templated":true}]}}